{"id":2018,"date":"2023-03-26T22:28:30","date_gmt":"2023-03-27T01:28:30","guid":{"rendered":"http:\/\/sbrc.sbc.org.br\/2023\/?page_id=2018"},"modified":"2023-03-28T12:45:56","modified_gmt":"2023-03-28T15:45:56","slug":"programacao-minicursos","status":"publish","type":"page","link":"https:\/\/sbrc.sbc.org.br\/2023\/programacao-minicursos\/","title":{"rendered":"Minicursos"},"content":{"rendered":"\n<h4 class=\"wp-block-heading\"><div class=\"bg-light\"><a href=\"https:\/\/sbrc.sbc.org.br\/2023\/minicurso1\"><strong>Minicurso 1<\/strong> &#8211; Gerenciamento e Orquestra\u00e7\u00e3o de Servi\u00e7os em O-RAN: Intelig\u00eancia, Tend\u00eancias e Desafios<\/a><\/div><\/h4>\n\n\n\n<div style=\"height:50px\" aria-hidden=\"true\" class=\"wp-block-spacer\"><\/div>\n\n\n\n<h4 class=\"wp-block-heading\"><div class=\"bg-light\"><a href=\"https:\/\/sbrc.sbc.org.br\/2023\/minicurso2\"><strong>Minicurso 2<\/strong> &#8211; Um Panorama dos Servi\u00e7os de Sa\u00fade Avan\u00e7ados: Conectividade e Seguran\u00e7a em Sistemas de Vida Assistida<\/a><\/div><\/h4>\n\n\n\n<div style=\"height:50px\" aria-hidden=\"true\" class=\"wp-block-spacer\"><\/div>\n\n\n\n<h4 class=\"wp-block-heading\"><div class=\"bg-light\"><a href=\"https:\/\/sbrc.sbc.org.br\/2023\/minicurso3\"><strong>Minicurso 3<\/strong> &#8211; Intrusion detection with Machine Learning in Internet of Things and Fog Computing: problems, solutions and research<\/a><\/div><\/h4>\n\n\n\n<div style=\"height:50px\" aria-hidden=\"true\" class=\"wp-block-spacer\"><\/div>\n\n\n\n<h4 class=\"wp-block-heading\"><div class=\"bg-light\"><a href=\"https:\/\/sbrc.sbc.org.br\/2023\/minicurso4\"><strong>Minicurso 4 <\/strong>&#8211; Aplica\u00e7\u00f5es Cr\u00edticas Habilitadas pela Tecnologia 5G: Oportunidades, Tend\u00eancias e Desafios<\/a><\/div><\/h4>\n","protected":false},"excerpt":{"rendered":"<p>Minicurso 1 &#8211; Gerenciamento e Orquestra\u00e7\u00e3o de Servi\u00e7os em O-RAN: Intelig\u00eancia, Tend\u00eancias e Desafios Minicurso 2 &#8211; Um Panorama dos Servi\u00e7os de Sa\u00fade Avan\u00e7ados: Conectividade e Seguran\u00e7a em Sistemas de Vida Assistida Minicurso 3 &#8211; Intrusion detection with Machine Learning in Internet of Things and Fog Computing: problems, solutions and research Minicurso 4 &#8211; Aplica\u00e7\u00f5es [&hellip;]<\/p>\n","protected":false},"author":3,"featured_media":0,"parent":0,"menu_order":0,"comment_status":"closed","ping_status":"closed","template":"","meta":{"footnotes":""},"class_list":["post-2018","page","type-page","status-publish","hentry"],"_links":{"self":[{"href":"https:\/\/sbrc.sbc.org.br\/2023\/wp-json\/wp\/v2\/pages\/2018","targetHints":{"allow":["GET"]}}],"collection":[{"href":"https:\/\/sbrc.sbc.org.br\/2023\/wp-json\/wp\/v2\/pages"}],"about":[{"href":"https:\/\/sbrc.sbc.org.br\/2023\/wp-json\/wp\/v2\/types\/page"}],"author":[{"embeddable":true,"href":"https:\/\/sbrc.sbc.org.br\/2023\/wp-json\/wp\/v2\/users\/3"}],"replies":[{"embeddable":true,"href":"https:\/\/sbrc.sbc.org.br\/2023\/wp-json\/wp\/v2\/comments?post=2018"}],"version-history":[{"count":58,"href":"https:\/\/sbrc.sbc.org.br\/2023\/wp-json\/wp\/v2\/pages\/2018\/revisions"}],"predecessor-version":[{"id":2180,"href":"https:\/\/sbrc.sbc.org.br\/2023\/wp-json\/wp\/v2\/pages\/2018\/revisions\/2180"}],"wp:attachment":[{"href":"https:\/\/sbrc.sbc.org.br\/2023\/wp-json\/wp\/v2\/media?parent=2018"}],"curies":[{"name":"wp","href":"https:\/\/api.w.org\/{rel}","templated":true}]}}