{"id":1678,"date":"2023-03-22T10:18:46","date_gmt":"2023-03-22T13:18:46","guid":{"rendered":"https:\/\/sbrc.sbc.org.br\/2023\/?page_id=1678"},"modified":"2023-05-20T19:10:57","modified_gmt":"2023-05-20T22:10:57","slug":"workshop-wrnp","status":"publish","type":"page","link":"https:\/\/sbrc.sbc.org.br\/2023\/workshop-wrnp\/","title":{"rendered":"WRNP &#8211; Workshop RNP"},"content":{"rendered":"\n<h1 class=\"wp-block-heading\"><strong>Datas Importantes<\/strong><\/h1>\n\n\n\n<ul class=\"wp-block-list\">\n<li>Realiza\u00e7\u00e3o do evento Workshop RNP: 22 e 23 de maio de 2023<\/li>\n<\/ul>\n\n\n\n<div style=\"height:70px\" aria-hidden=\"true\" class=\"wp-block-spacer\"><\/div>\n\n\n\n<h1 class=\"wp-block-heading\"><strong>Realiza\u00e7\u00e3o<\/strong><\/h1>\n\n\n\n<figure class=\"wp-block-image size-large is-resized\"><a href=\"https:\/\/www.rnp.br\/eventos\/wrnp\" target=\"_blank\" rel=\"noreferrer noopener\"><img loading=\"lazy\" decoding=\"async\" src=\"https:\/\/sbrc.sbc.org.br\/2023\/wp-content\/uploads\/2023\/03\/rnp-1024x576.png\" alt=\"\" class=\"wp-image-1732\" width=\"256\" height=\"144\" srcset=\"https:\/\/sbrc.sbc.org.br\/2023\/wp-content\/uploads\/2023\/03\/rnp-1024x576.png 1024w, https:\/\/sbrc.sbc.org.br\/2023\/wp-content\/uploads\/2023\/03\/rnp-300x169.png 300w, https:\/\/sbrc.sbc.org.br\/2023\/wp-content\/uploads\/2023\/03\/rnp-768x432.png 768w, https:\/\/sbrc.sbc.org.br\/2023\/wp-content\/uploads\/2023\/03\/rnp-1536x864.png 1536w, https:\/\/sbrc.sbc.org.br\/2023\/wp-content\/uploads\/2023\/03\/rnp.png 1920w\" sizes=\"auto, (max-width: 256px) 100vw, 256px\" \/><\/a><\/figure>\n\n\n\n<div style=\"height:70px\" aria-hidden=\"true\" class=\"wp-block-spacer\"><\/div>\n\n\n\n<h1 class=\"wp-block-heading\"><strong>Apresenta\u00e7\u00e3o<\/strong><\/h1>\n\n\n\n<p>O workshop RNP (WRNP) \u00e9 um evento de refer\u00eancia para a comunidade acad\u00eamica tendo o objetivo de aproximar o p\u00fablico dos avan\u00e7os tecnol\u00f3gicos e dos principais t\u00f3picos em discuss\u00e3o na \u00e1rea de pesquisa e desenvolvimento de tecnologias de informa\u00e7\u00e3o e comunica\u00e7\u00e3o (TIC), dentro e fora do Brasil.&nbsp; Tamb\u00e9m tem como objetivo ampliar a visibilidade de iniciativas e servi\u00e7os da RNP para a comunidade e a sociedade; estabelecer um canal de comunica\u00e7\u00e3o entre organiza\u00e7\u00f5es, pesquisadores, governo, empresas e startups; construir uma vis\u00e3o de futuro comum e inovadora que contribua para o uso de tecnologia de informa\u00e7\u00e3o na educa\u00e7\u00e3o e pesquisa e apoiar o desenvolvimento de profissionais envolvidos com educa\u00e7\u00e3o e pesquisa. \u200bSua primeira edi\u00e7\u00e3o foi em 1999 e a partir da\u00ed possui periodicidade anual e \u00e9 constitu\u00eddo de duas linhas de atua\u00e7\u00e3o: palestras e demonstra\u00e7\u00e3o de prot\u00f3tipos de produtos e servi\u00e7os, oriundos de projetos de P&amp;D. \u200bPara a constru\u00e7\u00e3o do conte\u00fado do evento, uma grade de programa\u00e7\u00e3o com dois dias de dura\u00e7\u00e3o em trilha \u00fanica \u00e9 desenvolvida alinhada com demonstra\u00e7\u00f5es tecnol\u00f3gicas em sal\u00e3o de exposi\u00e7\u00e3o que apresentam os resultados de projetos de P&amp;D. \u200bA grade de programa\u00e7\u00e3o \u00e9 cocriada por um comit\u00ea de programa composto por pesquisadores e colaboradores da RNP, com o objetivo de ofertar o que h\u00e1 na vanguarda das redes avan\u00e7adas e suas aplica\u00e7\u00f5es. Adicionalmente, o conte\u00fado do evento \u00e9 desenvolvido buscando fomentar oportunidades de aproximar a academia de outros atores do ecossistema de inova\u00e7\u00e3o brasileiro.&nbsp;<\/p>\n\n\n\n<p>As demonstra\u00e7\u00f5es de projetos de P&amp;D contemplam diversos programas de P&amp;D da RNP de acordo com seu respectivo grupo de pesquisa que s\u00e3o selecionados por chamadas abertas ou cartas convite para o desenvolvimento de novos servi\u00e7os e produtos nas \u00e1reas de redes e aplica\u00e7\u00f5es distribu\u00eddas. A RNP aplica a expertise na gest\u00e3o de P&amp;D destes projetos, a partir de sua metodologia de desenvolvimento de Grupos de Trabalho (GTs) que inclui acompanhamento espec\u00edfico e cocria\u00e7\u00e3o dos respectivos produtos\/servi\u00e7os e neg\u00f3cios relacionados.&nbsp;<\/p>\n\n\n\n<p>\u200bOs resultados dos projetos de P&amp;D visam o desenvolvimento do Sistema RNP1, criado pela Portaria Interministerial N\u00ba 3.825, de 12 de dezembro de 2018, publicada em 14 de dezembro de 2018, edi\u00e7\u00e3o 240, se\u00e7\u00e3o 1, p\u00e1gina 6, do \u00f3rg\u00e3o Minist\u00e9rio da Ci\u00eancia, Tecnologia, Inova\u00e7\u00f5es e Comunica\u00e7\u00f5es (MCTIC).&nbsp;<\/p>\n\n\n\n<p>\u200bOs tipos de organiza\u00e7\u00f5es que fazem parte do Sistema RNP s\u00e3o:&nbsp;<\/p>\n\n\n\n<ul class=\"wp-block-list\">\n<li>\u200bInstitui\u00e7\u00f5es de educa\u00e7\u00e3o superior ou de pesquisa;&nbsp;<\/li>\n\n\n\n<li>\u200bAg\u00eancias de fomento e apoio a educa\u00e7\u00e3o e pesquisa;&nbsp;<\/li>\n\n\n\n<li>\u200bHospitais de Ensino ou de Pesquisa;&nbsp;<\/li>\n\n\n\n<li>\u200bMuseus e institui\u00e7\u00f5es com acervos memoriais;<\/li>\n\n\n\n<li>\u200bEmpresas nascentes <em>(startup)<\/em>, incubadoras, parques ou polos de base tecnol\u00f3gica;&nbsp;<\/li>\n\n\n\n<li>\u200bEmpresas inovadoras, que necessitem participar do Sistema RNP&nbsp;<\/li>\n<\/ul>\n\n\n\n<p>\u200bO evento WRNP dedica-se ao relacionamento com a comunidade de ensino e pesquisa e \u00e9 tipicamente realizado nos dois primeiros dias do Simp\u00f3sio Brasileiro de Redes de Computadores e Sistemas Distribu\u00eddos (SBRC)<\/p>\n\n\n\n<p>Saiba mais: <a href=\"https:\/\/www.rnp.br\/eventos\/wrnp\" target=\"_blank\" rel=\"noreferrer noopener\">https:\/\/www.rnp.br\/eventos\/wrnp<\/a><\/p>\n\n\n\n<div style=\"height:70px\" aria-hidden=\"true\" class=\"wp-block-spacer\"><\/div>\n\n\n\n<h1 class=\"wp-block-heading\"><strong>T\u00f3picos de Interesse<\/strong><\/h1>\n\n\n\n<p>Para o WRNP 2023, foram identificados os seguintes t\u00f3picos de interesse para a composi\u00e7\u00e3o do conte\u00fado do evento, mas n\u00e3o se limitando a eles:<\/p>\n\n\n\n<ul class=\"wp-block-list\">\n<li>Pesquisa experimental em redes de computadores e a Internet do Futuro.<\/li>\n\n\n\n<li>Laborat\u00f3rios virtuais e plataformas para experimenta\u00e7\u00e3o<\/li>\n\n\n\n<li>Infraestruturas definidas por <em>software <\/em>(SDI \/ SDN)<\/li>\n\n\n\n<li>Virtualiza\u00e7\u00e3o de fun\u00e7\u00f5es de rede (NFV)<\/li>\n\n\n\n<li>Computa\u00e7\u00e3o em nuvem e de borda<em> (edge)<\/em><\/li>\n\n\n\n<li><em>Telco clouds<\/em><\/li>\n\n\n\n<li>Gest\u00e3o de Identidades digitais<\/li>\n\n\n\n<li>Computa\u00e7\u00e3o e transmiss\u00e3o intensiva de dados para aplica\u00e7\u00f5es de e-ci\u00eancia<\/li>\n\n\n\n<li>Medi\u00e7\u00e3o e monitora\u00e7\u00e3o de redes<\/li>\n\n\n\n<li>Aplica\u00e7\u00f5es para redes de 100Gbp\/s<\/li>\n\n\n\n<li>Tecnologias para redes \u00f3pticas<\/li>\n\n\n\n<li>Redes \u00f3pticas el\u00e1sticas e abertas (desagrega\u00e7\u00e3o e <em>whiteboxes<\/em>)<\/li>\n\n\n\n<li>Redes 5G e 6G<\/li>\n\n\n\n<li>Redes de acesso via r\u00e1dio (RAN)<\/li>\n\n\n\n<li>Redes abertas e desgregadas<\/li>\n\n\n\n<li>Internet das Coisas (IoT) e aplica\u00e7\u00f5es de Campus inteligentes<\/li>\n\n\n\n<li>Internet das Coisas (IoT) e aplica\u00e7\u00f5es para ind\u00fastria 4.0<\/li>\n\n\n\n<li><em>Quantum networking<\/em><\/li>\n\n\n\n<li>Intelig\u00eancia Artificial<\/li>\n\n\n\n<li>Ciberseguran\u00e7a<\/li>\n\n\n\n<li><em>Blockchain<\/em><\/li>\n\n\n\n<li>Telemedicina<\/li>\n\n\n\n<li>Telepresen\u00e7a e videocolabora\u00e7\u00e3o<\/li>\n\n\n\n<li>Dados abertos em redes de computadores e ci\u00eancia da computa\u00e7\u00e3o<\/li>\n\n\n\n<li>Inova\u00e7\u00e3o e empreendedorismo em aplica\u00e7\u00f5es de internet<\/li>\n<\/ul>\n\n\n\n<div style=\"height:70px\" aria-hidden=\"true\" class=\"wp-block-spacer\"><\/div>\n\n\n\n<h1 class=\"wp-block-heading\"><strong>Coordena\u00e7\u00e3o<\/strong><\/h1>\n\n\n\n<ul class=\"wp-block-list\">\n<li><strong>Coordena\u00e7\u00e3o Geral:<\/strong> Iara Machado<\/li>\n\n\n\n<li><strong>Coordena\u00e7\u00e3o Executiva:<\/strong> Lucas Bondan<\/li>\n\n\n\n<li><strong>Coordena\u00e7\u00e3o do Comit\u00ea de Programa:<\/strong> Lisandro Zambenedetti Granville<\/li>\n\n\n\n<li><strong>Coordena\u00e7\u00e3o de Exposi\u00e7\u00e3o e Demonstra\u00e7\u00f5es:<\/strong> Felipe Nascimento<\/li>\n\n\n\n<li><strong>Coordena\u00e7\u00e3o de Comunica\u00e7\u00e3o &amp; Marketing:<\/strong> Rafael Horigome<\/li>\n\n\n\n<li><strong>Coordena\u00e7\u00e3o da infraestrutura de TI:<\/strong> Edivan Custodio<\/li>\n<\/ul>\n\n\n\n<div style=\"height:70px\" aria-hidden=\"true\" class=\"wp-block-spacer\"><\/div>\n\n\n\n<h1 class=\"wp-block-heading\"><strong>Comit\u00ea de Programa<\/strong><\/h1>\n\n\n\n<ul class=\"wp-block-list\">\n<li>Lisandro Zambenedetti Granville<\/li>\n\n\n\n<li>Andr\u00e9 Luiz Almeida Marins<\/li>\n\n\n\n<li>Antonio Augusto de Arag\u00e3o Rocha<\/li>\n\n\n\n<li>Celso Capovilla<\/li>\n\n\n\n<li>Felipe Nascimento<\/li>\n\n\n\n<li>Gustavo Neves Dias<\/li>\n\n\n\n<li>Iara Machado<\/li>\n\n\n\n<li>Jos\u00e9 Ferreira de Rezende<\/li>\n\n\n\n<li>Jos\u00e9 Henrique de Lima C. Dieguez<\/li>\n\n\n\n<li>Leandro Ciuffo<\/li>\n\n\n\n<li>Lucas Bondan<\/li>\n\n\n\n<li>Marcos Felipe Schwarz<\/li>\n\n\n\n<li>Michelle Silva Wangham<\/li>\n<\/ul>\n","protected":false},"excerpt":{"rendered":"<p>Datas Importantes Realiza\u00e7\u00e3o Apresenta\u00e7\u00e3o O workshop RNP (WRNP) \u00e9 um evento de refer\u00eancia para a comunidade acad\u00eamica tendo o objetivo de aproximar o p\u00fablico dos avan\u00e7os tecnol\u00f3gicos e dos principais t\u00f3picos em discuss\u00e3o na \u00e1rea de pesquisa e desenvolvimento de tecnologias de informa\u00e7\u00e3o e comunica\u00e7\u00e3o (TIC), dentro e fora do Brasil.&nbsp; Tamb\u00e9m tem como objetivo [&hellip;]<\/p>\n","protected":false},"author":3,"featured_media":3420,"parent":0,"menu_order":0,"comment_status":"closed","ping_status":"closed","template":"","meta":{"footnotes":""},"class_list":["post-1678","page","type-page","status-publish","has-post-thumbnail","hentry"],"_links":{"self":[{"href":"https:\/\/sbrc.sbc.org.br\/2023\/wp-json\/wp\/v2\/pages\/1678","targetHints":{"allow":["GET"]}}],"collection":[{"href":"https:\/\/sbrc.sbc.org.br\/2023\/wp-json\/wp\/v2\/pages"}],"about":[{"href":"https:\/\/sbrc.sbc.org.br\/2023\/wp-json\/wp\/v2\/types\/page"}],"author":[{"embeddable":true,"href":"https:\/\/sbrc.sbc.org.br\/2023\/wp-json\/wp\/v2\/users\/3"}],"replies":[{"embeddable":true,"href":"https:\/\/sbrc.sbc.org.br\/2023\/wp-json\/wp\/v2\/comments?post=1678"}],"version-history":[{"count":33,"href":"https:\/\/sbrc.sbc.org.br\/2023\/wp-json\/wp\/v2\/pages\/1678\/revisions"}],"predecessor-version":[{"id":3446,"href":"https:\/\/sbrc.sbc.org.br\/2023\/wp-json\/wp\/v2\/pages\/1678\/revisions\/3446"}],"wp:featuredmedia":[{"embeddable":true,"href":"https:\/\/sbrc.sbc.org.br\/2023\/wp-json\/wp\/v2\/media\/3420"}],"wp:attachment":[{"href":"https:\/\/sbrc.sbc.org.br\/2023\/wp-json\/wp\/v2\/media?parent=1678"}],"curies":[{"name":"wp","href":"https:\/\/api.w.org\/{rel}","templated":true}]}}