{"id":1418,"date":"2023-02-13T15:36:47","date_gmt":"2023-02-13T18:36:47","guid":{"rendered":"http:\/\/sbrc.sbc.org.br\/2023\/?page_id=1418"},"modified":"2023-05-26T12:31:11","modified_gmt":"2023-05-26T15:31:11","slug":"workshop-internet-do-futuro","status":"publish","type":"page","link":"https:\/\/sbrc.sbc.org.br\/2023\/workshop-internet-do-futuro\/","title":{"rendered":"WPEIF &#8211; XIV Workshop de Pesquisa Experimental da Internet do Futuro"},"content":{"rendered":"\n<h1 class=\"wp-block-heading\"><strong>Apresenta\u00e7\u00e3o<\/strong><\/h1>\n\n\n\n<p>A Internet est\u00e1 onipresente em nossa sociedade e provoca influ\u00eancia em todos os aspectos de nossas vidas. A transforma\u00e7\u00e3o digital da sociedade passa pela Internet e pelas redes do futuro.<\/p>\n\n\n\n<p>Este cen\u00e1rio requer uma rede flex\u00edvel, capaz de suportar as diferentes necessidades das aplica\u00e7\u00f5es da IoE atuais e futuras, e para isto a comunidade de pesquisa se volta para as redes do futuro envolvendo iniciativas como a <em>Next Generation Internet (NGI)<\/em> na Europa e o <em>Tomorrow&#8217;s Internet Project<\/em> nos Estados Unidos, al\u00e9m de &nbsp;diversas outras a\u00e7\u00f5es como a pr\u00f3xima gera\u00e7\u00e3o das redes m\u00f3veis de telecomunica\u00e7\u00f5es para 2030, o 6G. No Brasil, projetos como FIBRE, FIWARE, FUTEBOL, 5GINFIRE, NECOS, realizados em colabora\u00e7\u00f5es entre a Europa e Brasil criaram condi\u00e7\u00f5es para experimentar diferentes cen\u00e1rios de redes e aplica\u00e7\u00f5es com foco no futuro.<\/p>\n\n\n\n<p>O <em>Workshop de Pesquisa Experimental da Internet do Futuro (WPEIF)<\/em>, em sua d\u00e9cima quarta edi\u00e7\u00e3o, tem como objetivo consolidar f\u00f3runs de discuss\u00f5es e trocas de informa\u00e7\u00f5es, conhecimento e experi\u00eancias sobre pesquisa experimental relacionada com as aplica\u00e7\u00f5es do futuro, as redes do futuro e a infraestrutura que ir\u00e3o suporta-las, visando criar a pr\u00f3xima gera\u00e7\u00e3o da Internet do amanh\u00e3.<\/p>\n\n\n\n<p>Atrav\u00e9s da discuss\u00e3o deste tema junto \u00e0 comunidade de redes de computadores e sistemas distribu\u00eddos, o <em>Workshop <\/em>busca ser um farol nessa \u00e1rea de pesquisa que cont\u00e9m in\u00fameros desafios e oportunidades.<\/p>\n\n\n\n<div style=\"height:100px\" aria-hidden=\"true\" class=\"wp-block-spacer\"><\/div>\n\n\n\n<h1 class=\"wp-block-heading\">Programa\u00e7\u00e3o<\/h1>\n\n\n\n<h4 class=\"wp-block-heading\"><strong>Sess\u00e3o 1 \u2013 Future Networks<\/strong><\/h4>\n\n\n\n<p class=\"has-text-color\" style=\"color:#004190\"><strong>Data\/Hor\u00e1rio:&nbsp;<\/strong>Sexta-feira (26\/05) \u2013 08:30 \u00e0s 10:00<br><strong>Local:&nbsp;<\/strong>Sala A<\/p>\n\n\n\n<p><strong>Chair:<\/strong>&nbsp;Ant\u00f4nio Abel\u00e9m (UFPA)<\/p>\n\n\n\n<ul class=\"wp-block-list\">\n<li><strong>Designing and Evaluating a high-reliable and security-aware Identity and Access Management for Slicing Architectures<\/strong>\n<ul class=\"wp-block-list\">\n<li>Rodrigo Moreira<\/li>\n\n\n\n<li>Tereza Carvalho<\/li>\n\n\n\n<li>Fl\u00e1vio de Oliveira Silva<\/li>\n<\/ul>\n<\/li>\n<\/ul>\n\n\n\n<p><\/p>\n\n\n\n<ul class=\"wp-block-list\">\n<li><strong>Teste para valida\u00e7\u00e3o do Virtual OLT Hardware Abstraction (VOLTHA) para ger\u00eancia de redes SD-PON<\/strong>\n<ul class=\"wp-block-list\">\n<li>Luciano Martins<\/li>\n\n\n\n<li>Lu\u00eds Gustavo Maciel Riveros<\/li>\n\n\n\n<li>Carine Mineto<\/li>\n\n\n\n<li>Lucas Borges de Oliveira<\/li>\n\n\n\n<li>Fernando Nazareno Nascimento Farias<\/li>\n\n\n\n<li>Michelle Soares Pereira Facina<\/li>\n\n\n\n<li>Gustavo Correa<\/li>\n<\/ul>\n<\/li>\n<\/ul>\n\n\n\n<p><\/p>\n\n\n\n<ul class=\"wp-block-list\">\n<li><strong>Testes com Aplicativos de Controladores Inteligentes da RAN para o Monitoramento de KPIs e Slicing de Recursos de Rede<\/strong>\n<ul class=\"wp-block-list\">\n<li>Jo\u00e3o Paulo Sales Henriques Lima<\/li>\n\n\n\n<li>Paulo Ricardo Branco da Silva<\/li>\n\n\n\n<li>Michelle Soares Pereira Facina<\/li>\n\n\n\n<li>Erika Costa Alves<\/li>\n\n\n\n<li>Vitalii Afanasiev<\/li>\n\n\n\n<li>Gustavo Correa<\/li>\n<\/ul>\n<\/li>\n<\/ul>\n\n\n\n<div style=\"height:40px\" aria-hidden=\"true\" class=\"wp-block-spacer\"><\/div>\n\n\n\n<h4 class=\"wp-block-heading\"><strong>Sess\u00e3o 2 \u2013 Research and Experimental Environments<\/strong><\/h4>\n\n\n\n<p class=\"has-text-color\" style=\"color:#004190\"><strong>Data\/Hor\u00e1rio:<\/strong> Sexta-feira (26\/05) \u2013 10:30 \u00e0s 12:30<br><strong>Local:&nbsp;<\/strong>Sala A<\/p>\n\n\n\n<p><strong>Chair:&nbsp;<\/strong>Jos\u00e9 Rezende (UFRJ)<\/p>\n\n\n\n<ul class=\"wp-block-list\">\n<li><strong>Redes Definidas por Software para a Orquestra\u00e7\u00e3o de Diferentes Dom\u00ednios Tecnol\u00f3gicos<\/strong>\n<ul class=\"wp-block-list\">\n<li>Murilo Silva<\/li>\n\n\n\n<li>Victor Leite<\/li>\n\n\n\n<li>Matheus Gomes<\/li>\n\n\n\n<li>Lucas Borges de Oliveira<\/li>\n\n\n\n<li>Fernando Nazareno Nascimento Farias<\/li>\n\n\n\n<li>Ant\u00f4nio Jorge Gomes Abel\u00e9m<\/li>\n<\/ul>\n<\/li>\n<\/ul>\n\n\n\n<p><\/p>\n\n\n\n<ul class=\"wp-block-list\">\n<li><strong>Plataformas flex\u00edveis para experimenta\u00e7\u00e3o: o caminho para atender as novas demandas de experimenta\u00e7\u00e3o cient\u00edfica em TICs<\/strong>\n<ul class=\"wp-block-list\">\n<li>Gustavo Neves Dias<\/li>\n\n\n\n<li>Leandro Mondin<\/li>\n<\/ul>\n<\/li>\n<\/ul>\n\n\n\n<ul class=\"wp-block-list\">\n<li><strong>Flexibilidade e Cria\u00e7\u00e3o de Novos Cen\u00e1rios de Redes Softwarizadas com Kubernetes (K8s) e Rede FIBRE<\/strong>\n<ul class=\"wp-block-list\">\n<li>Carlos Eug\u00eanio Benicio Duarte<\/li>\n\n\n\n<li>Jonas Lopes de Vilas B\u00f4as<\/li>\n\n\n\n<li>Henrique Rodrigues Mendon\u00e7a<\/li>\n\n\n\n<li>Tib\u00e9rio Tavares Rezende<\/li>\n\n\n\n<li>Jos\u00e9 Marcos C\u00e2mara Brito<\/li>\n\n\n\n<li>Antonio Marcos Alberti<\/li>\n<\/ul>\n<\/li>\n<\/ul>\n\n\n\n<ul class=\"wp-block-list\">\n<li><strong>Prototipa\u00e7\u00e3o de Solu\u00e7\u00e3o de Roteamento de Fonte para Suporte \u00e0 Engenharia de Tr\u00e1fego em Ci\u00eancia de Dados Intensiva<\/strong>\n<ul class=\"wp-block-list\">\n<li>Domingos Jose Pereira Paraiso<\/li>\n\n\n\n<li>Everson Scherrer Borges<\/li>\n\n\n\n<li>Edgard Pontes<\/li>\n\n\n\n<li>Cristina Klippel Dominicini<\/li>\n\n\n\n<li>Magnos Martinello<\/li>\n\n\n\n<li>Moises Ribeiro<\/li>\n<\/ul>\n<\/li>\n<\/ul>\n\n\n\n<div style=\"height:40px\" aria-hidden=\"true\" class=\"wp-block-spacer\"><\/div>\n\n\n\n<h4 class=\"wp-block-heading\"><strong>Sess\u00e3o 3 \u2013 PAINEL WPEIF: A Experimenta\u00e7\u00e3o nas Redes do Futuro: Desafios e Perspectivas<\/strong><\/h4>\n\n\n\n<p class=\"has-text-color\" style=\"color:#004190\"><strong>Data\/Hor\u00e1rio:<\/strong> Sexta-feira (26\/05) \u2013 14:00 \u00e0s 15:30<br><strong>Local:<\/strong>&nbsp;Sala A<\/p>\n\n\n\n<p><strong>Chair:&nbsp;<\/strong>Fl\u00e1vio de Oliveira Silva (UFU)<\/p>\n\n\n\n<div class=\"wp-block-columns is-layout-flex wp-container-core-columns-is-layout-9d6595d7 wp-block-columns-is-layout-flex\">\n<div class=\"wp-block-column is-layout-flow wp-block-column-is-layout-flow\"><div class=\"wp-block-image is-style-rounded\">\n<figure class=\"aligncenter size-full is-resized\"><img loading=\"lazy\" decoding=\"async\" src=\"https:\/\/sbrc.sbc.org.br\/2023\/wp-content\/uploads\/2022\/10\/AntonioMarcosAlberti.jpg\" alt=\"\" class=\"wp-image-582\" width=\"220\" height=\"220\" srcset=\"https:\/\/sbrc.sbc.org.br\/2023\/wp-content\/uploads\/2022\/10\/AntonioMarcosAlberti.jpg 460w, https:\/\/sbrc.sbc.org.br\/2023\/wp-content\/uploads\/2022\/10\/AntonioMarcosAlberti-300x300.jpg 300w, https:\/\/sbrc.sbc.org.br\/2023\/wp-content\/uploads\/2022\/10\/AntonioMarcosAlberti-150x150.jpg 150w\" sizes=\"auto, (max-width: 220px) 100vw, 220px\" \/><\/figure>\n<\/div>\n\n\n<p class=\"has-text-align-center\"><strong>Ant\u00f4nio Marcos Alberti<br>Instituto Nacional de Telecomunica\u00e7\u00f5es<\/strong> <strong>&#8211; Inatel<\/strong><\/p>\n\n\n\n<p class=\"has-text-align-center\">\u00c9 engenheiro, professor, coordenador do <em>Information and Communications Technologies (ICT) Laboratory <\/em>do Inatel e programador C\/C++. \u00c9 doutor em Eletr\u00f4nica e Telecomunica\u00e7\u00f5es pela Unicamp e p\u00f3s-doutor pelo <em>Electronics and Telecommunications Research Institute (ETRI) <\/em>da Cor\u00e9ia do Sul. Autor de mais de 100 artigos cient\u00edficos. J\u00e1 ministrou mais de 60 palestras sobre tecnologia e suas disrup\u00e7\u00f5es, incluindo HackTown, Futurecom, Exponential Conference, QCon, TEDxInatel, Pint of Science, Ci\u00eancia no Boteco, etc. Colunista do Olhar Digital, Engenharia\u00c9 e Futurecom Digital. Pai da arquitetura NovaGenesis. Contribuiu para documento de requisitos para Internet do Futuro na Cor\u00e9ia do Sul e nas discuss\u00f5es iniciais do Plano Nacional de M2M\/IoT. Co-criador do movimento RenaSCIdade e autor da parte t\u00e9cnica do projeto de Integra\u00e7\u00e3o de Solu\u00e7\u00f5es IoT para Cidades Inteligentes financiado pelo BNDES<\/p>\n<\/div>\n\n\n\n<div class=\"wp-block-column is-layout-flow wp-block-column-is-layout-flow\"><div class=\"wp-block-image is-style-rounded\">\n<figure class=\"aligncenter size-large is-resized\"><img loading=\"lazy\" decoding=\"async\" src=\"https:\/\/sbrc.sbc.org.br\/2023\/wp-content\/uploads\/2023\/05\/gustavo_neves-1-1024x1024.jpg\" alt=\"\" class=\"wp-image-3407\" width=\"220\" height=\"220\" srcset=\"https:\/\/sbrc.sbc.org.br\/2023\/wp-content\/uploads\/2023\/05\/gustavo_neves-1-1024x1024.jpg 1024w, https:\/\/sbrc.sbc.org.br\/2023\/wp-content\/uploads\/2023\/05\/gustavo_neves-1-300x300.jpg 300w, https:\/\/sbrc.sbc.org.br\/2023\/wp-content\/uploads\/2023\/05\/gustavo_neves-1-150x150.jpg 150w, https:\/\/sbrc.sbc.org.br\/2023\/wp-content\/uploads\/2023\/05\/gustavo_neves-1-768x768.jpg 768w, https:\/\/sbrc.sbc.org.br\/2023\/wp-content\/uploads\/2023\/05\/gustavo_neves-1.jpg 1300w\" sizes=\"auto, (max-width: 220px) 100vw, 220px\" \/><\/figure>\n<\/div>\n\n\n<p class=\"has-text-align-center\"><strong>Gustavo Neves Dias<br><strong>Rede Nacional de Ensino e Pesquisa &#8211; RNP<\/strong><\/strong><\/p>\n\n\n\n<p class=\"has-text-align-center\">Gustavo Neves Dias \u00e9 Gerente de Pesquisa e Desenvolvimento na Rede Nacional de Ensino e Pesquisa &#8211; RNP. Possui Gradua\u00e7\u00e3o em Ci\u00eancia da Computa\u00e7\u00e3o pela FAESA e Mestrado em Engenharia de Sistemas e Computa\u00e7\u00e3o pela COPPE\/UFRJ. Foi Bolsista da FAPERJ atuando na RedeRio, L\u00edder do projeto de tecnologia do CENTRO DE OPERA\u00c7\u00d5ES RIO da Prefeitura do Rio de Janeiro, Professor na Universidade C\u00e2ndido Mendes e Centro Universit\u00e1rio Carioca. Atualmente \u00e9 respons\u00e1vel pelo Desenvolvimento, Gest\u00e3o e Suporte dos Servi\u00e7os para Experimenta\u00e7\u00e3o e e-Ci\u00eancia da RNP.<\/p>\n<\/div>\n<\/div>\n\n\n\n<div class=\"wp-block-columns is-layout-flex wp-container-core-columns-is-layout-9d6595d7 wp-block-columns-is-layout-flex\">\n<div class=\"wp-block-column is-layout-flow wp-block-column-is-layout-flow\"><div class=\"wp-block-image is-style-rounded\">\n<figure class=\"aligncenter size-full\"><img loading=\"lazy\" decoding=\"async\" width=\"201\" height=\"204\" src=\"https:\/\/sbrc.sbc.org.br\/2023\/wp-content\/uploads\/2023\/05\/palestrante_fernando_farias.jpg\" alt=\"\" class=\"wp-image-3721\"\/><\/figure>\n<\/div>\n\n\n<p class=\"has-text-align-center\"><strong><strong>Fernando Farias<\/strong><br>Rede Nacional de Ensino e Pesquisa &#8211; RNP<\/strong><\/p>\n\n\n\n<p class=\"has-text-align-center\">Fernando Farias \u00e9 Coordenador de Projetos em P,D &amp; I na Rede Nacional de Ensino e Pesquisa (RNP) desde 2020. Possui gradua\u00e7\u00e3o em licenciatura em Matem\u00e1tica pela Universidade Federal do Par\u00e1 (UFPA) em 2003. Mestrado em Engenharia El\u00e9trica com \u00eanfase em Computa\u00e7\u00e3o Aplicada e Redes de Computadores pela Universidade Federal do Par\u00e1 (UFPA) em 2008. Doutorado em Ci\u00eancia da Computa\u00e7\u00e3o com \u00eanfase em Sistemas de Computa\u00e7\u00e3o e Redes de Computadores pela Universidade Federal do Par\u00e1 (UFPA) em 2019. Participou de Projetos (CNPq e RNP) de Coopera\u00e7\u00e3o Internacional visando TestBeds para Experimenta\u00e7\u00f5es em redes como: FIBRE e NECOS. E vem atuando na RNP em projetos de Internet Avan\u00e7ada nas \u00e1reas de Redes Definida por Softwares, Circuitos Din\u00e2micos e Monitoramento de Desempenho de Redes. Atualmente, tem trabalho na constru\u00e7\u00e3o do testbed OpenRAN do programa OpenRAN@Brasil.<\/p>\n<\/div>\n\n\n\n<div class=\"wp-block-column is-layout-flow wp-block-column-is-layout-flow\">\n<p class=\"has-text-align-center\"><\/p>\n\n\n\n<p class=\"has-text-align-center\"><\/p>\n<\/div>\n<\/div>\n\n\n\n<p><\/p>\n\n\n\n<div style=\"height:100px\" aria-hidden=\"true\" class=\"wp-block-spacer\"><\/div>\n\n\n\n<h1 class=\"wp-block-heading\"><strong>Datas Importantes<\/strong><\/h1>\n\n\n\n<ul class=\"wp-block-list\">\n<li>Prazo para Submiss\u00e3o de Artigos: <s>13\/03\/2023<\/s> <strong>27\/03\/2023<\/strong><\/li>\n\n\n\n<li>Notifica\u00e7\u00e3o dos artigos aceitos: <strong>10\/04\/2023<\/strong><\/li>\n\n\n\n<li>Envio da vers\u00e3o final: <strong>15\/04\/2023<\/strong><\/li>\n<\/ul>\n\n\n\n<div style=\"height:100px\" aria-hidden=\"true\" class=\"wp-block-spacer\"><\/div>\n\n\n\n<h1 class=\"wp-block-heading\"><strong>T\u00f3picos de Interesse<\/strong><\/h1>\n\n\n\n<p>O WPEIF convida autores a submeter trabalhos de pesquisa originais e inovadores, mesmo que ainda em andamento, relacionados com as redes do futuro, as infraestruturas que as suportar\u00e3o e as aplica\u00e7\u00f5es do futuro que contribuir\u00e3o para transformar a nossa sociedade. Os t\u00f3picos de interesse incluem uma variada gama de assuntos e a lista a seguir descreve alguns exemplos:<\/p>\n\n\n\n<ul class=\"wp-block-list\">\n<li>Aplica\u00e7\u00f5es e Redes envolvendo Computa\u00e7\u00e3o em Nuvem, em N\u00e9voa e na Borda<\/li>\n\n\n\n<li>Aplica\u00e7\u00f5es envolvendo ambientes inteligentes <em>(Smart Cities, Smart Home, Smart Agriculture, Smart Industry, Smart Energy, Autonomous Driving)<\/em><\/li>\n\n\n\n<li>Aplica\u00e7\u00f5es para Internet do Futuro e aplica\u00e7\u00f5es para Internet das Coisas<\/li>\n\n\n\n<li>Fatiamento de Redes<\/li>\n\n\n\n<li>Infraestruturas Definidas por <em>Software<\/em><\/li>\n\n\n\n<li>Novas Aplica\u00e7\u00f5es constru\u00eddas sobre novas arquiteturas de rede<\/li>\n\n\n\n<li>Novas Arquiteturas de Rede<\/li>\n\n\n\n<li>Novas t\u00e9cnicas, mecanismos e algoritmos relacionados a aspectos como: Seguran\u00e7a, Mobilidade, Ger\u00eancia de Rede, QoS e QoE<\/li>\n\n\n\n<li>Pesquisa e avalia\u00e7\u00f5es experimentais em diferentes infraestruturas como: PlanetLab, GENI, FIBRE, FIRE, FIWARE, FUTEBOL, 5GINFIRE, NECOS, entre outras.<\/li>\n\n\n\n<li>Pr\u00f3xima Gera\u00e7\u00e3o de Redes \u00d3pticas<\/li>\n\n\n\n<li>R\u00e1dio Definido por <em>Software <\/em>(SDR)<\/li>\n\n\n\n<li>Rede Centradas em Conte\u00fado<\/li>\n\n\n\n<li>Redes Aut\u00f4nomas<\/li>\n\n\n\n<li>Redes Definidas por <em>Software <\/em>(SDN)<\/li>\n\n\n\n<li>Redes Inteligentes<\/li>\n\n\n\n<li>Redes Moveis al\u00e9m de 5G e Redes 6G<\/li>\n\n\n\n<li>Redes M\u00f3veis de Telecomunica\u00e7\u00f5es (5G)<\/li>\n\n\n\n<li>Redes Program\u00e1veis (<em>OpenFlow<\/em>, P4)<\/li>\n\n\n\n<li>Redes Sem Fio definidas por software (WSDN)<\/li>\n\n\n\n<li>Seguran\u00e7a em Redes<\/li>\n\n\n\n<li>Virtualiza\u00e7\u00e3o de Rede e de Fun\u00e7\u00f5es de Rede (NFV)<\/li>\n<\/ul>\n\n\n\n<div style=\"height:100px\" aria-hidden=\"true\" class=\"wp-block-spacer\"><\/div>\n\n\n\n<h1 class=\"wp-block-heading\"><strong>Instru\u00e7\u00f5es para Autores<\/strong><\/h1>\n\n\n\n<p>A submiss\u00e3o de trabalhos ser\u00e1 exclusivamente eletr\u00f4nica pelo sistema JEMS. Os artigos podem ser escritos em portugu\u00eas ou ingl\u00eas, exclusivamente no formato PDF. O texto deve conter at\u00e9 seis (6) p\u00e1ginas, incluindo resumo (e <em>abstract <\/em>para artigos em portugu\u00eas), figuras, diagramas, refer\u00eancias e anexos. A formata\u00e7\u00e3o deve seguir o padr\u00e3o da SBC.<\/p>\n\n\n\n<p>Artigos submetidos ao WPEIF ser\u00e3o avaliados pelo comit\u00ea de programa do <em>Workshop <\/em>e os melhores ser\u00e3o selecionados para apresenta\u00e7\u00e3o e publica\u00e7\u00e3o nos anais do evento. Ao menos um dos autores de cada artigo selecionado dever\u00e1 se inscrever no SBRC e no WPEIF, bem como apresent\u00e1-lo no evento.<\/p>\n\n\n\n<p> Submiss\u00e3o JEMS3: <a href=\"https:\/\/jems3.sbc.org.br\/wpeif2023\" target=\"_blank\" rel=\"noreferrer noopener\">jems3.sbc.org.br\/wpeif2023<\/a><\/p>\n\n\n\n<p>Os anais do <em>Workshop <\/em>ser\u00e3o publicados na Plataforma SBC OpenLib (SOL), a biblioteca digital mantida pela Sociedade Brasileira de Computa\u00e7\u00e3o (SBC) e estar\u00e3o dispon\u00edveis gratuitamente para toda sociedade.<\/p>\n\n\n\n<div style=\"height:100px\" aria-hidden=\"true\" class=\"wp-block-spacer\"><\/div>\n\n\n\n<h1 class=\"wp-block-heading\">Comit\u00ea de Programa<\/h1>\n\n\n\n<ul class=\"wp-block-list\">\n<li>Ant\u00f4nio Oliveira-Jr &#8211; Universidade Federal de Goi\u00e1s(UFG)<\/li>\n\n\n\n<li>Daniel Fernandes Macedo &#8211; Universidade Federal de Minas Gerais (UFMG)<\/li>\n\n\n\n<li>Daniel Nunes Corujo &#8211; Universidade de Aveiro (UA), Portugal<\/li>\n\n\n\n<li>Diogo Gomes &#8211; Universidade de Aveiro (UA), Portugal<\/li>\n\n\n\n<li>Eduardo Coelho Cerqueira &#8211; Universidade Federal do Par\u00e1(UFPA)<\/li>\n\n\n\n<li>Jo\u00e3o Paulo Barraca &#8211; Universidade de Aveiro (UA), Portugal<\/li>\n\n\n\n<li>Pedro Frosi Rosa &#8211; Universidade Federal de uberl\u00e2ndia(UFU)<\/li>\n\n\n\n<li>Rodrigo Miani &#8211; Universidade Federal de uberl\u00e2ndia(UFU)<\/li>\n\n\n\n<li>Rodrigo Moreira &#8211; Universidade Federal de uberl\u00e2ndia(UFU)<\/li>\n\n\n\n<li>Rui Lu\u00eds Andrade Aguiar &#8211; Universidade de Aveiro (UA), Portugal<\/li>\n\n\n\n<li>Silvio E Quincozes &#8211; Universidade Federal de uberl\u00e2ndia(UFU)<\/li>\n<\/ul>\n\n\n\n<div style=\"height:100px\" aria-hidden=\"true\" class=\"wp-block-spacer\"><\/div>\n\n\n\n<h1 class=\"wp-block-heading\"><strong>Contato<\/strong><\/h1>\n\n\n\n<ul class=\"wp-block-list\">\n<li>Ant\u00f4nio Jorge Gomes Abel\u00e9m (<a href=\"mailto:abelem@ufpa.br\" target=\"_blank\" rel=\"noreferrer noopener\">abelem@ufpa.br<\/a>), Universidade Federal do Par\u00e1 &#8211; UFPA<\/li>\n\n\n\n<li>Fl\u00e1vio de Oliveira Silva (<a rel=\"noreferrer noopener\" href=\"mailto:flavio@ufu.br\" target=\"_blank\">flavio@ufu.br<\/a>), Universidade Federal de Uberl\u00e2ndia &#8211; UFU<\/li>\n\n\n\n<li>Jos\u00e9 Ferreira de Rezende (<a rel=\"noreferrer noopener\" href=\"mailto:rezende@land.ufrj.br\" target=\"_blank\">rezende@land.ufrj.br<\/a> ), Universidade Federal do Rio de Janeiro &#8211; UFRJ<\/li>\n<\/ul>\n","protected":false},"excerpt":{"rendered":"<p>Apresenta\u00e7\u00e3o A Internet est\u00e1 onipresente em nossa sociedade e provoca influ\u00eancia em todos os aspectos de nossas vidas. A transforma\u00e7\u00e3o digital da sociedade passa pela Internet e pelas redes do futuro. Este cen\u00e1rio requer uma rede flex\u00edvel, capaz de suportar as diferentes necessidades das aplica\u00e7\u00f5es da IoE atuais e futuras, e para isto a comunidade [&hellip;]<\/p>\n","protected":false},"author":3,"featured_media":0,"parent":0,"menu_order":0,"comment_status":"closed","ping_status":"closed","template":"","meta":{"footnotes":""},"class_list":["post-1418","page","type-page","status-publish","hentry"],"_links":{"self":[{"href":"https:\/\/sbrc.sbc.org.br\/2023\/wp-json\/wp\/v2\/pages\/1418","targetHints":{"allow":["GET"]}}],"collection":[{"href":"https:\/\/sbrc.sbc.org.br\/2023\/wp-json\/wp\/v2\/pages"}],"about":[{"href":"https:\/\/sbrc.sbc.org.br\/2023\/wp-json\/wp\/v2\/types\/page"}],"author":[{"embeddable":true,"href":"https:\/\/sbrc.sbc.org.br\/2023\/wp-json\/wp\/v2\/users\/3"}],"replies":[{"embeddable":true,"href":"https:\/\/sbrc.sbc.org.br\/2023\/wp-json\/wp\/v2\/comments?post=1418"}],"version-history":[{"count":21,"href":"https:\/\/sbrc.sbc.org.br\/2023\/wp-json\/wp\/v2\/pages\/1418\/revisions"}],"predecessor-version":[{"id":3722,"href":"https:\/\/sbrc.sbc.org.br\/2023\/wp-json\/wp\/v2\/pages\/1418\/revisions\/3722"}],"wp:attachment":[{"href":"https:\/\/sbrc.sbc.org.br\/2023\/wp-json\/wp\/v2\/media?parent=1418"}],"curies":[{"name":"wp","href":"https:\/\/api.w.org\/{rel}","templated":true}]}}