{"id":1374,"date":"2023-02-10T15:05:51","date_gmt":"2023-02-10T18:05:51","guid":{"rendered":"http:\/\/sbrc.sbc.org.br\/2023\/?page_id=1374"},"modified":"2023-02-10T15:08:52","modified_gmt":"2023-02-10T18:08:52","slug":"sobre-a-sbc","status":"publish","type":"page","link":"https:\/\/sbrc.sbc.org.br\/2023\/sobre-a-sbc\/","title":{"rendered":"Sobre a SBC"},"content":{"rendered":"\n<p>A <strong>Sociedade Brasileira de Computa\u00e7\u00e3o &#8211; SBC<\/strong> \u00e9 uma Sociedade Cient\u00edfica sem fins lucrativos, fundada em julho de 1978, que re\u00fane estudantes, professores, profissionais, pesquisadores e entusiastas da \u00e1rea da Computa\u00e7\u00e3o e Inform\u00e1tica de todo o pa\u00eds.<\/p>\n\n\n\n<p><br>A SBC tem como fun\u00e7\u00e3o fomentar o acesso \u00e0 informa\u00e7\u00e3o e cultura por meio da inform\u00e1tica, promover a inclus\u00e3o digital, incentivar a pesquisa e o ensino em computa\u00e7\u00e3o no Brasil, e contribuir para a forma\u00e7\u00e3o do profissional da computa\u00e7\u00e3o com responsabilidade social.<\/p>\n\n\n\n<p><br>Para organiza\u00e7\u00e3o e divulga\u00e7\u00e3o de atividades, a\u00e7\u00f5es e eventos cient\u00edficos, t\u00e9cnicos, educacionais e pol\u00edticos, a SBC mant\u00e9m uma estrutura de tr\u00eas tipos de Grupos Tem\u00e1ticos (GT), que s\u00e3o as Grandes \u00c1reas (GA), as Comiss\u00f5es Especiais (CE) e os Grupos de Interesses (GI). Estes grupos re\u00fanem associados com interesses comuns em sub\u00e1reas da computa\u00e7\u00e3o.<\/p>\n\n\n\n<p><br>Aqui voc\u00ea est\u00e1 acessando o site de uma das Comiss\u00f5es Especiais (CE) da SBC, que representa um grupo de associados da SBC que compartilham dos interesses e valores em determinada \u00e1rea da Computa\u00e7\u00e3o. Associados vigentes podem se inscrever nas <a rel=\"noreferrer noopener\" href=\"https:\/\/www.sbc.org.br\/403-comissoes-especiais\" data-type=\"URL\" data-id=\"https:\/\/www.sbc.org.br\/403-comissoes-especiais\" target=\"_blank\">listas de e-mail das Comiss\u00f5es Especiais (CE)<\/a> da \u00e1rea que deseja acompanhar. Se voc\u00ea ainda n\u00e3o \u00e9 um associado ou deseja renovar sua associa\u00e7\u00e3o \u00e0 nossa comunidade <a rel=\"noreferrer noopener\" href=\"https:\/\/centraldesistemas.sbc.org.br\/mom\" target=\"_blank\">clique aqui<\/a> e venha fazer parte da maior e mais importante sociedade cient\u00edfica na \u00e1rea de computa\u00e7\u00e3o da Am\u00e9rica Latina!<\/p>\n","protected":false},"excerpt":{"rendered":"<p>A Sociedade Brasileira de Computa\u00e7\u00e3o &#8211; SBC \u00e9 uma Sociedade Cient\u00edfica sem fins lucrativos, fundada em julho de 1978, que re\u00fane estudantes, professores, profissionais, pesquisadores e entusiastas da \u00e1rea da Computa\u00e7\u00e3o e Inform\u00e1tica de todo o pa\u00eds. A SBC tem como fun\u00e7\u00e3o fomentar o acesso \u00e0 informa\u00e7\u00e3o e cultura por meio da inform\u00e1tica, promover a [&hellip;]<\/p>\n","protected":false},"author":3,"featured_media":0,"parent":0,"menu_order":0,"comment_status":"closed","ping_status":"closed","template":"","meta":{"footnotes":""},"class_list":["post-1374","page","type-page","status-publish","hentry"],"_links":{"self":[{"href":"https:\/\/sbrc.sbc.org.br\/2023\/wp-json\/wp\/v2\/pages\/1374","targetHints":{"allow":["GET"]}}],"collection":[{"href":"https:\/\/sbrc.sbc.org.br\/2023\/wp-json\/wp\/v2\/pages"}],"about":[{"href":"https:\/\/sbrc.sbc.org.br\/2023\/wp-json\/wp\/v2\/types\/page"}],"author":[{"embeddable":true,"href":"https:\/\/sbrc.sbc.org.br\/2023\/wp-json\/wp\/v2\/users\/3"}],"replies":[{"embeddable":true,"href":"https:\/\/sbrc.sbc.org.br\/2023\/wp-json\/wp\/v2\/comments?post=1374"}],"version-history":[{"count":4,"href":"https:\/\/sbrc.sbc.org.br\/2023\/wp-json\/wp\/v2\/pages\/1374\/revisions"}],"predecessor-version":[{"id":1379,"href":"https:\/\/sbrc.sbc.org.br\/2023\/wp-json\/wp\/v2\/pages\/1374\/revisions\/1379"}],"wp:attachment":[{"href":"https:\/\/sbrc.sbc.org.br\/2023\/wp-json\/wp\/v2\/media?parent=1374"}],"curies":[{"name":"wp","href":"https:\/\/api.w.org\/{rel}","templated":true}]}}