{"id":1334,"date":"2023-02-03T16:31:00","date_gmt":"2023-02-03T19:31:00","guid":{"rendered":"http:\/\/sbrc.sbc.org.br\/2023\/?page_id=1334"},"modified":"2023-05-22T12:36:05","modified_gmt":"2023-05-22T15:36:05","slug":"workshop-wblockchain","status":"publish","type":"page","link":"https:\/\/sbrc.sbc.org.br\/2023\/workshop-wblockchain\/","title":{"rendered":"WBlockchain &#8211; VI Workshop Blockchain: Teoria, Tecnologia e Aplica\u00e7\u00f5es"},"content":{"rendered":"\n<div style=\"height:70px\" aria-hidden=\"true\" class=\"wp-block-spacer\"><\/div>\n\n\n\n<h1 class=\"wp-block-heading\"><strong>Apresenta\u00e7\u00e3o<\/strong><\/h1>\n\n\n\n<p>Blockchain \u00e9 uma tecnologia emergente que possibilita transa\u00e7\u00f5es distribu\u00eddas e compartilhamento de dados entre participantes, que n\u00e3o se confiam mutuamente, sem a necessidade de uma autoridade centralizadora para valida\u00e7\u00e3o. Introduz o novo paradigma do consenso sob demanda, onde o conjunto de n\u00f3s da rede concorda com a ordem em que os blocos de transa\u00e7\u00f5es s\u00e3o agregados \u00e0 corrente de blocos, proporcionando um ambiente distribu\u00eddo confi\u00e1vel, escal\u00e1vel, imut\u00e1vel e seguro para a realiza\u00e7\u00e3o e armazenamento de transa\u00e7\u00f5es na Internet. A blockchain \u00e9 uma tecnologia disruptiva, pois cria digitalmente uma entidade de confian\u00e7a, com potencial para substituir entidades certificadoras e centralizadoras das transa\u00e7\u00f5es, tais como os bancos, governos, e cart\u00f3rios. Seu potencial de transforma\u00e7\u00e3o \u00e9 imenso e aplica\u00e7\u00f5es est\u00e3o surgindo a partir desta tecnologia em diversos setores: finan\u00e7as, sa\u00fade, artes, governo, al\u00e9m da pr\u00f3pria computa\u00e7\u00e3o.<\/p>\n\n\n\n<p>O VI WORKSHOP em Blockchain: Teoria, Tecnologia e Aplica\u00e7\u00f5es (WBlockchain 2023) visa integrar pesquisadores e desenvolvedores, tanto da academia, quanto da ind\u00fastria, e que estejam desenvolvendo pesquisas, projetos e aplica\u00e7\u00f5es em blockchain. Diversos s\u00e3o os desafios relacionados com este tema, os quais envolvem seguran\u00e7a, privacidade, armazenamento, disponibilidade e integridade dos dados, melhoria do desempenho, vaz\u00e3o e banda, escalabilidade, sustentabilidade, economicidade, entre outros. Palestrantes e pesquisadores est\u00e3o convidados a debater e apresentar os seus resultados na \u00e1rea.<\/p>\n\n\n\n<div style=\"height:70px\" aria-hidden=\"true\" class=\"wp-block-spacer\"><\/div>\n\n\n\n<h1 class=\"wp-block-heading\"><strong>Programa\u00e7\u00e3o<\/strong><\/h1>\n\n\n\n<p>Todas as sess\u00f5es t\u00e9cnicas ser\u00e3o compostas pela apresenta\u00e7\u00e3o oral de 3 artigos. Cada artigo dever\u00e1 ser apresentado entre 15 &#8211; 20 minutos. Ap\u00f3s a apresenta\u00e7\u00e3o, ser\u00e3o disponibilizados 10 minutos para perguntas e discuss\u00e3o do trabalho.<\/p>\n\n\n\n<div style=\"height:50px\" aria-hidden=\"true\" class=\"wp-block-spacer\"><\/div>\n\n\n\n<h4 class=\"wp-block-heading\"><strong>Sess\u00e3o T\u00e9cnica 1 \u2013 Smart Contracts &amp; Tokens<\/strong><\/h4>\n\n\n\n<p class=\"has-text-color\" style=\"color:#004190\"><strong>Data\/<strong>Hor\u00e1rio<\/strong>:<\/strong> Segunda-feira (22\/05) &#8211; 10:30 \u00e0s 12:00<\/p>\n\n\n\n<p class=\"has-text-color\" style=\"color:#004190\"><strong>Local:<\/strong> Sala A<\/p>\n\n\n\n<p class=\"has-text-color\" style=\"color:#004190\"><strong>Chair:\u00a0 Roben Castagna Lunardi (IFRS)<\/strong><\/p>\n\n\n\n<ul class=\"wp-block-list\">\n<li><strong>An\u00e1lise de Caracter\u00edsticas Estruturais de Tokens n\u00e3o Fung\u00edveis no Ethereum<\/strong>\n<ul class=\"wp-block-list\">\n<li>Samuel de Oliveira Ribeiro (UFPI)<\/li>\n\n\n\n<li>Dayan Gomes (UFPI)<\/li>\n\n\n\n<li>Emanuel Coutinho (UFC)<\/li>\n\n\n\n<li>Glauber Dias Gon\u00e7alves (UFPI)<\/li>\n<\/ul>\n<\/li>\n<\/ul>\n\n\n\n<p><\/p>\n\n\n\n<ul class=\"wp-block-list\">\n<li><strong>Challenges and Opportunities in Smart Contract Development on the Ethereum Virtual Machine: A Systematic Literature Review<\/strong>\n<ul class=\"wp-block-list\">\n<li>Gislainy Crisostomo Velasco (UFG)<\/li>\n\n\n\n<li>Noeli Ant\u00f4nia Pimentel Vaz (UEG)<\/li>\n\n\n\n<li>Sergio T. Carvalho (UFG)<\/li>\n<\/ul>\n<\/li>\n<\/ul>\n\n\n\n<p><\/p>\n\n\n\n<ul class=\"wp-block-list\">\n<li><strong>Evaluation of a High-Level Metamodel for Developing Smart Contracts on the Ethereum Virtual Machine<\/strong>\n<ul class=\"wp-block-list\">\n<li>Gislainy Crisostomo Velasco (UFG)<\/li>\n\n\n\n<li>Marcos Alves Vieira (IFGoiano)<\/li>\n\n\n\n<li>Sergio T. Carvalho (UFG)<\/li>\n<\/ul>\n<\/li>\n<\/ul>\n\n\n\n<div style=\"height:50px\" aria-hidden=\"true\" class=\"wp-block-spacer\"><\/div>\n\n\n\n<h4 class=\"wp-block-heading\"><strong>Sess\u00e3o T\u00e9cnica 2 \u2013 Aplica\u00e7\u00f5es &amp; Identidade<\/strong><\/h4>\n\n\n\n<p class=\"has-text-color\" style=\"color:#004190\"><strong>Data\/<strong>Hor\u00e1rio<\/strong>:<\/strong> Segunda-feira (22\/05) &#8211; 14:00 \u00e0s 15:30<\/p>\n\n\n\n<p class=\"has-text-color\" style=\"color:#004190\"><strong>Local:<\/strong> Sala A<\/p>\n\n\n\n<p class=\"has-text-color\" style=\"color:#004190\"><strong>Chair:\u00a0 Luis Carlos Erpen de Bona (UFPR)<\/strong><\/p>\n\n\n\n<ul class=\"wp-block-list\">\n<li><strong>GITI-CB: Gest\u00e3o de Identidade com Troca de Informa\u00e7\u00f5es entre Correntes de Blocos<\/strong>\n<ul class=\"wp-block-list\">\n<li>Lucas Airam C. de Souza (UFRJ)<\/li>\n\n\n\n<li>Gabriel Rebello (UFRJ)<\/li>\n\n\n\n<li>Gustavo Camilo (UFRJ)<\/li>\n\n\n\n<li>Miguel Elias Mitre Campista (UFRJ)<\/li>\n\n\n\n<li>Lu\u00eds Henrique Maciel Kosmalski Costa (UFRJ)<\/li>\n<\/ul>\n<\/li>\n<\/ul>\n\n\n\n<p><\/p>\n\n\n\n<ul class=\"wp-block-list\">\n<li><strong>Arquitetura para Envio de Transa\u00e7\u00f5es em Blockchain Utilizando Identidades N\u00e3o Confi\u00e1veis<\/strong>\n<ul class=\"wp-block-list\">\n<li>Andr\u00e9 Defr\u00e9mont (UFPA)<\/li>\n\n\n\n<li>Ant\u00f4nio Jorge Gomes Abel\u00e9m (UFPA)<\/li>\n\n\n\n<li>Billy Anderson Pinheiro (Amaz\u00f4nia Blockchain Solutions)<\/li>\n\n\n\n<li>Roberto Samarone Araujo (UFPA)<\/li>\n\n\n\n<li>Jeffson Celeiro Sousa (CPqD)<\/li>\n<\/ul>\n<\/li>\n<\/ul>\n\n\n\n<p><\/p>\n\n\n\n<ul class=\"wp-block-list\">\n<li><strong>Proposta de Gest\u00e3o do Ciclo de Vida de Equipamentos de TI com Appendable-block Blockchain<\/strong>\n<ul class=\"wp-block-list\">\n<li>Rodrigo Silveira (PUCRS)<\/li>\n\n\n\n<li>Roben Castagna Lunardi (IFRS)<\/li>\n\n\n\n<li>Avelino Francisco Zorzo (PUCRS)<\/li>\n<\/ul>\n<\/li>\n<\/ul>\n\n\n\n<div style=\"height:50px\" aria-hidden=\"true\" class=\"wp-block-spacer\"><\/div>\n\n\n\n<h4 class=\"wp-block-heading\"><strong>Sess\u00e3o T\u00e9cnica 3 \u2013 Aplica\u00e7\u00f5es &amp; Sociedade<\/strong><\/h4>\n\n\n\n<p class=\"has-text-color\" style=\"color:#004190\"><strong>Data\/Hor\u00e1rio:<\/strong>&nbsp; Segunda-feira (22\/05) &#8211; 16:00 \u00e0s 17:30<\/p>\n\n\n\n<p class=\"has-text-color\" style=\"color:#004190\"><strong>Local:<\/strong> Sala A<\/p>\n\n\n\n<p class=\"has-text-color\" style=\"color:#004190\"><strong>Chair:\u00a0 Roben Castagna Lunardi (IFRS)<\/strong><\/p>\n\n\n\n<ul class=\"wp-block-list\">\n<li><strong>A Decentralized Health Data Repository for Remote Patient Monitoring Using Blockchain and FHIR<\/strong>\n<ul class=\"wp-block-list\">\n<li>Marcos Alves Vieira (IFGoiano)<\/li>\n\n\n\n<li>Gislainy Crisostomo Velasco (UFG)<\/li>\n\n\n\n<li>Sergio T. Carvalho (UFG)<\/li>\n<\/ul>\n<\/li>\n<\/ul>\n\n\n\n<p><\/p>\n\n\n\n<ul class=\"wp-block-list\">\n<li><strong>Utilizando M\u00e9tricas de Centralidade para Analisar a Distribui\u00e7\u00e3o de Riqueza em Transa\u00e7\u00f5es da Blockchain do Bitcoin<\/strong>\n<ul class=\"wp-block-list\">\n<li>Guilherme Scheibe (PUC Minas)<\/li>\n\n\n\n<li>Humberto Torres Marques (PUC Minas)<\/li>\n<\/ul>\n<\/li>\n<\/ul>\n\n\n\n<p><\/p>\n\n\n\n<ul class=\"wp-block-list\">\n<li><strong>Enhancing Corporate Social Responsibility with Blockchain-based Trackable ESG Tokens<\/strong>\n<ul class=\"wp-block-list\">\n<li>Yang Miranda (PUC-Rio)<\/li>\n\n\n\n<li>Paulo Henrique Alves (PUC-Rio)<\/li>\n\n\n\n<li>Ronnie Paskin (PUC-Rio)<\/li>\n\n\n\n<li>Rafael Nasser (PUC-Rio)<\/li>\n\n\n\n<li>Gustavo Robichez de Carvalho (PUC-Rio)<\/li>\n\n\n\n<li>Luiz Faria (Petrobras)<\/li>\n\n\n\n<li>Roberto Emery-Trindade (Petrobras)<\/li>\n\n\n\n<li>Joana Silva (Petrobras)<\/li>\n\n\n\n<li>Leandro Peixoto (Petrobras)<\/li>\n\n\n\n<li>Fernando Pellon de Miranda (Petrobras)<\/li>\n<\/ul>\n<\/li>\n<\/ul>\n\n\n\n<div style=\"height:70px\" aria-hidden=\"true\" class=\"wp-block-spacer\"><\/div>\n\n\n\n<h1 class=\"wp-block-heading\"><a><\/a> <strong>Datas Importantes<\/strong><\/h1>\n\n\n\n<ul class=\"wp-block-list\">\n<li>Registro : <s>13\/03\/2023<\/s> <s>20\/03\/2023<\/s> <mark style=\"background-color:rgba(0, 0, 0, 0)\" class=\"has-inline-color has-colibri-color-6-color\">24\/03\/2023<\/mark><\/li>\n\n\n\n<li>Submiss\u00e3o de artigos: <s><s>13\/03\/2023<\/s> 20\/03\/2023<\/s><strong> <\/strong><mark style=\"background-color:rgba(0, 0, 0, 0)\" class=\"has-inline-color has-colibri-color-6-color\">27\/03\/2023<\/mark><\/li>\n\n\n\n<li>Comunica\u00e7\u00e3o de resultados: <s>10\/04\/2023<\/s> <mark style=\"background-color:rgba(0, 0, 0, 0)\" class=\"has-inline-color has-colibri-color-6-color\">17\/04\/2023<\/mark><\/li>\n\n\n\n<li> Envio da vers\u00e3o final: <s>15\/04\/2023<\/s> <mark style=\"background-color:rgba(0, 0, 0, 0)\" class=\"has-inline-color has-colibri-color-6-color\">24\/04\/2023<\/mark><\/li>\n<\/ul>\n\n\n\n<div style=\"height:70px\" aria-hidden=\"true\" class=\"wp-block-spacer\"><\/div>\n\n\n\n<h1 class=\"wp-block-heading\"><strong>T\u00f3picos de Interesse<\/strong><\/h1>\n\n\n\n<p><a><\/a> Pesquisadores s\u00e3o convidados a submeter trabalhos em Blockchain que se relacionem com as diversas \u00e1reas da computa\u00e7\u00e3o, e sobretudo a computa\u00e7\u00e3o distribu\u00edda, redes de computadores, confian\u00e7a no funcionamento de sistemas, seguran\u00e7a e criptografia.<\/p>\n\n\n\n<p><a><\/a> Uma lista n\u00e3o extensiva de t\u00f3picos de interesse inclui:<\/p>\n\n\n\n<ul class=\"wp-block-list\">\n<li> Algoritmos distribu\u00eddos para <em>blockchain<\/em><\/li>\n\n\n\n<li> Aplica\u00e7\u00f5es distribu\u00eddas com <em>blockchain<\/em><\/li>\n\n\n\n<li> Armazenamento distribu\u00eddo e <em>distributed ledger<\/em><\/li>\n\n\n\n<li> Arquiteturas distribu\u00eddas com <em>blockchain<\/em><\/li>\n\n\n\n<li> Ataques em n\u00edvel de rede e aplica\u00e7\u00e3o na <em>blockchain<\/em><\/li>\n\n\n\n<li> Computa\u00e7\u00e3o em nuvem, n\u00e9voa e borda com <em>blockchain<\/em><\/li>\n\n\n\n<li> Consenso byzantino para <em>blockchain<\/em><\/li>\n\n\n\n<li> Consenso baseado em provas para <em>blockchain<\/em><\/li>\n\n\n\n<li> Consenso baseado em grafos para <em>blockchain<\/em><\/li>\n\n\n\n<li> Criptografia para <em>blockchain<\/em><\/li>\n\n\n\n<li><a><\/a> Criptomoedas e aplica\u00e7\u00f5es distribu\u00eddas de pagamento<\/li>\n\n\n\n<li> Escalabilidade e desempenho em <em>blockchain<\/em><\/li>\n\n\n\n<li> Integra\u00e7\u00e3o de sistemas com <em>blockchain<\/em><\/li>\n\n\n\n<li> Internet das coisas com <em>blockchain<\/em><\/li>\n\n\n\n<li><a><\/a> Protocolos P2P<\/li>\n\n\n\n<li> Seguran\u00e7a da <em>blockchain<\/em><\/li>\n\n\n\n<li> Seguran\u00e7a de redes com <em>blockchain<\/em><\/li>\n\n\n\n<li> Redes de <em>blockchain<\/em> p\u00fablicas e privadas<\/li>\n\n\n\n<li> Redes de computadores robustas com <em>blockchain<\/em><\/li>\n\n\n\n<li> Testes de desempenho<em> (benchmarking)<\/em><\/li>\n\n\n\n<li><a><\/a> Valida\u00e7\u00e3o experimental e simula\u00e7\u00e3o<\/li>\n\n\n\n<li> Virtualiza\u00e7\u00e3o segura com <em>blockchain<\/em><\/li>\n<\/ul>\n\n\n\n<div style=\"height:70px\" aria-hidden=\"true\" class=\"wp-block-spacer\"><\/div>\n\n\n\n<h1 class=\"wp-block-heading\"><strong>Instru\u00e7\u00f5es aos Autores<\/strong><\/h1>\n\n\n\n<p>Autores s\u00e3o convidados a submeter artigos ou resumos estendidos com apresenta\u00e7\u00e3o de resultados de pesquisas e projetos, novas diretrizes, vis\u00f5es cr\u00edticas ou li\u00e7\u00f5es aprendidas, em portugu\u00eas ou ingl\u00eas, contendo at\u00e9 14 p\u00e1ginas. Os trabalhos devem ser formatados seguindo o modelo de artigos da SBC, dispon\u00edvel em <a href=\"http:\/\/www.sbc.org.br\/documentos-da-sbc\/category\/169-templates-para-artigos-e-capitulos-de-livros\" target=\"_blank\" rel=\"noreferrer noopener\">http:\/\/www.sbc.org.br\/documentos-da-sbc\/category\/169-templates-para-artigos-e-capitulos-de-livros<\/a>. Os artigos aceitos e revisados, segundo as recomenda\u00e7\u00f5es do Comit\u00ea de Programa, ser\u00e3o publicados nos Anais do SBRC, no volume de workshops.<\/p>\n\n\n\n<p>O formato dos trabalhos deve ser aquele indicado para artigos pela Sociedade Brasileira de Computa\u00e7\u00e3o (SBC). A submiss\u00e3o ser\u00e1 eletr\u00f4nica via <a href=\"https:\/\/jems3.sbc.org.br\/events\/47\" target=\"_blank\" rel=\"noreferrer noopener\"><u>Sistema JEMS3<\/u><\/a> no portal do SBRC. O arquivo deve estar obrigatoriamente em formato PDF (Portable Document Format).<\/p>\n\n\n\n<p>O evento ir\u00e1 publicar os anais na Biblioteca Digital (<a rel=\"noreferrer noopener\" href=\"https:\/\/sol.sbc.org.br\/index.php\/sbrc\" target=\"_blank\"><u>https:\/\/sol.sbc.org.br\/index.php\/sb<\/u><\/a><a href=\"https:\/\/sol.sbc.org.br\/index.php\/sbrc\"><u>rc<\/u><\/a>) da plataforma SOL da SBC.<\/p>\n\n\n\n<div style=\"height:70px\" aria-hidden=\"true\" class=\"wp-block-spacer\"><\/div>\n\n\n\n<h1 class=\"wp-block-heading\"><strong>Formato do Workshop<\/strong><\/h1>\n\n\n\n<p>O&nbsp;programa ser\u00e1 formado tanto por palestras de pesquisadores convidados, quanto&nbsp;por apresenta\u00e7\u00e3o de artigos aceitos, considerando-se seu interesse para a&nbsp;comunidade SBRC.&nbsp;Durante&nbsp;o evento pretende-se debater, apresentar, discutir resultados de pesquisas e&nbsp;projetos, delinear novas diretrizes, vis\u00f5es cr\u00edticas ou li\u00e7\u00f5es apreendidas.&nbsp;Haver\u00e1 ainda espa\u00e7o para discuss\u00e3o de problemas em aberto, bem&nbsp;como de dire\u00e7\u00f5es&nbsp;futuras de pesquisa e forma\u00e7\u00e3o de redes colaborativas multi institucionais e&nbsp;interdisciplinares entre os pesquisadores.<\/p>\n\n\n\n<div style=\"height:70px\" aria-hidden=\"true\" class=\"wp-block-spacer\"><\/div>\n\n\n\n<h1 class=\"wp-block-heading\"><strong>Organiza\u00e7\u00e3o &#8211; Co-chairs<\/strong><\/h1>\n\n\n\n<ul class=\"wp-block-list\">\n<li>Luis Carlos Erpen de Bona, UFPR<\/li>\n\n\n\n<li>Roben Castagna Lunardi, IFRS<\/li>\n<\/ul>\n\n\n\n<p>Contato: <a href=\"mailto:wblockchain23@inf.ufpr.br\" target=\"_blank\" rel=\"noreferrer noopener\"><u>wblockchain23@inf.ufpr.br<\/u><\/a><\/p>\n\n\n\n<div style=\"height:70px\" aria-hidden=\"true\" class=\"wp-block-spacer\"><\/div>\n\n\n\n<h1 class=\"wp-block-heading\"><a><\/a> <strong>Comit\u00ea T\u00e9cnico<\/strong><\/h1>\n\n\n\n<ul class=\"wp-block-list\">\n<li>Alex Borges Vieira, UFJF<\/li>\n\n\n\n<li>Allan Freitas, IFBA<\/li>\n\n\n\n<li>Ant\u00f4nio Abel\u00e9m, UFPA<\/li>\n\n\n\n<li>Arlindo da Concei\u00e7\u00e3o, UNIFESP<\/li>\n\n\n\n<li>Billy Pinheiro, Amachains<\/li>\n\n\n\n<li>Carlos Ferraz, UFPE<\/li>\n\n\n\n<li>Cl\u00e1udio Miceli, UFRJ<\/li>\n\n\n\n<li>Daniel Menasche, UFRJ<\/li>\n\n\n\n<li>Diogo Mattos, UFF<\/li>\n\n\n\n<li>Eduardo Alchieri, UnB<\/li>\n\n\n\n<li>Emanuel Coutinho, UFC<\/li>\n\n\n\n<li>Ewerton Madruga, Inmetro<\/li>\n\n\n\n<li>Fab\u00edola Greve, UFBA<\/li>\n\n\n\n<li>Frederico Lopes, UFRN<\/li>\n\n\n\n<li>Glauber Dias Gon\u00e7alves, UFPI<\/li>\n\n\n\n<li>Helio Guardia, UFSCAR<\/li>\n\n\n\n<li>Igor Dos Santos, CEFET-RJ<\/li>\n\n\n\n<li>Igor Machado Coelho, UFF<\/li>\n\n\n\n<li>Jean Martina, UFSC<\/li>\n\n\n\n<li>Jeferson Nobre, UFRGS<\/li>\n\n\n\n<li>Leobino Sampaio, UFBA<\/li>\n\n\n\n<li>Lourenco Alves Pereira Jr, ITA<\/li>\n\n\n\n<li>Lu\u00eds Carlos Erpen de Bona, UFPR<\/li>\n\n\n\n<li>Rafael Esteves, IFRS<\/li>\n\n\n\n<li>Regio Michelin, UNSW<\/li>\n\n\n\n<li>Roben Lunardi, IFRS<\/li>\n\n\n\n<li>Rostand Costa, UFPB<\/li>\n\n\n\n<li>Tiago Fran\u00e7a, UFRRJ<\/li>\n\n\n\n<li>Weverton Cordeiro, UFRGS<\/li>\n\n\n\n<li>Wilson Melo Jr, INMETRO<\/li>\n<\/ul>\n","protected":false},"excerpt":{"rendered":"<p>Apresenta\u00e7\u00e3o Blockchain \u00e9 uma tecnologia emergente que possibilita transa\u00e7\u00f5es distribu\u00eddas e compartilhamento de dados entre participantes, que n\u00e3o se confiam mutuamente, sem a necessidade de uma autoridade centralizadora para valida\u00e7\u00e3o. Introduz o novo paradigma do consenso sob demanda, onde o conjunto de n\u00f3s da rede concorda com a ordem em que os blocos de transa\u00e7\u00f5es [&hellip;]<\/p>\n","protected":false},"author":3,"featured_media":0,"parent":0,"menu_order":0,"comment_status":"closed","ping_status":"closed","template":"","meta":{"footnotes":""},"class_list":["post-1334","page","type-page","status-publish","hentry"],"_links":{"self":[{"href":"https:\/\/sbrc.sbc.org.br\/2023\/wp-json\/wp\/v2\/pages\/1334","targetHints":{"allow":["GET"]}}],"collection":[{"href":"https:\/\/sbrc.sbc.org.br\/2023\/wp-json\/wp\/v2\/pages"}],"about":[{"href":"https:\/\/sbrc.sbc.org.br\/2023\/wp-json\/wp\/v2\/types\/page"}],"author":[{"embeddable":true,"href":"https:\/\/sbrc.sbc.org.br\/2023\/wp-json\/wp\/v2\/users\/3"}],"replies":[{"embeddable":true,"href":"https:\/\/sbrc.sbc.org.br\/2023\/wp-json\/wp\/v2\/comments?post=1334"}],"version-history":[{"count":26,"href":"https:\/\/sbrc.sbc.org.br\/2023\/wp-json\/wp\/v2\/pages\/1334\/revisions"}],"predecessor-version":[{"id":3596,"href":"https:\/\/sbrc.sbc.org.br\/2023\/wp-json\/wp\/v2\/pages\/1334\/revisions\/3596"}],"wp:attachment":[{"href":"https:\/\/sbrc.sbc.org.br\/2023\/wp-json\/wp\/v2\/media?parent=1334"}],"curies":[{"name":"wp","href":"https:\/\/api.w.org\/{rel}","templated":true}]}}