{"id":1311,"date":"2023-01-31T13:08:19","date_gmt":"2023-01-31T16:08:19","guid":{"rendered":"http:\/\/sbrc.sbc.org.br\/2023\/?page_id=1311"},"modified":"2023-05-29T23:05:50","modified_gmt":"2023-05-30T02:05:50","slug":"workshop-courb","status":"publish","type":"page","link":"https:\/\/sbrc.sbc.org.br\/2023\/workshop-courb\/","title":{"rendered":"CoUrb &#8211; VII Workshop de Computa\u00e7\u00e3o Urbana"},"content":{"rendered":"\n<h1 class=\"wp-block-heading\">Apresenta\u00e7\u00e3o<\/h1>\n\n\n\n<p>Ao mesmo tempo em que a urbaniza\u00e7\u00e3o das cidades modernizou a vida das pessoas, trouxe grandes desafios, como gest\u00e3o p\u00fablica de espa\u00e7os coletivos, polui\u00e7\u00e3o do ar, congestionamento, consumo de energia, qualidade de vida, entre outros. Nesse contexto, a Computa\u00e7\u00e3o Urbana surge como um processo de aquisi\u00e7\u00e3o, integra\u00e7\u00e3o e an\u00e1lise de uma grande quantidade de dados heterog\u00eaneos gerados a partir de diferentes fontes em espa\u00e7os urbanos, tais como: dispositivos port\u00e1teis, sensores, ve\u00edculos, humanos, entre outros. A Computa\u00e7\u00e3o Urbana \u00e9 uma \u00e1rea interdisciplinar que conecta tecnologia da informa\u00e7\u00e3o e comunica\u00e7\u00e3o, gest\u00e3o avan\u00e7ada de grandes volumes de dados e m\u00e9todos diversos de an\u00e1lises de dados coletados, para propor solu\u00e7\u00f5es eficientes para problemas enfrentados pelas cidades. Al\u00e9m disso, a Computa\u00e7\u00e3o Urbana visa compreender a natureza dos fen\u00f4menos urbanos e sociais para melhor planejar o futuro das cidades e aumentar a qualidade de vida de seus habitantes.<\/p>\n\n\n\n<p>O Workshop CoUrb tem como objetivo a cria\u00e7\u00e3o de um espa\u00e7o para: (1) apresenta\u00e7\u00e3o e discuss\u00e3o de trabalhos na \u00e1rea de Computa\u00e7\u00e3o Urbana; (2) colabora\u00e7\u00e3o entre pesquisadores de diferentes \u00e1reas que, dada a natureza interdisciplinar, n\u00e3o se limita somente \u00e0 Ci\u00eancia da Computa\u00e7\u00e3o.<\/p>\n\n\n\n<div style=\"height:50px\" aria-hidden=\"true\" class=\"wp-block-spacer\"><\/div>\n\n\n\n<h2 class=\"wp-block-heading\"><strong>Programa\u00e7\u00e3o<\/strong><\/h2>\n\n\n\n<h4 class=\"wp-block-heading\"><strong>Sess\u00e3o 1 &#8211; Mobilidade Urbana e Redes Veiculares<\/strong><\/h4>\n\n\n\n<p class=\"has-text-color\" style=\"color:#004190\"><strong>Data\/Hor\u00e1rio:<\/strong> Segunda-feira (22\/05) &#8211; 08:30 \u00e0s 10:00<\/p>\n\n\n\n<p class=\"has-text-color\" style=\"color:#004190\"><strong>Local:<\/strong> Sala C<\/p>\n\n\n\n<ul class=\"wp-block-list\">\n<li><strong>Algoritmo para Detec\u00e7\u00e3o de Itiner\u00e1rios do Transporte P\u00fablico Usando Dados de GPS dos \u00d4nibus<\/strong>\n<ul class=\"wp-block-list\">\n<li>J\u00falio C\u00e9sar Nardelli borges<\/li>\n\n\n\n<li>Ricardo L\u00fcders<\/li>\n\n\n\n<li>Thiago Henrique Silva Anelise Munaretto<\/li>\n<\/ul>\n<\/li>\n<\/ul>\n\n\n\n<p><\/p>\n\n\n\n<ul class=\"wp-block-list\">\n<li><strong>Utilizando o Modo de Dirigir do Motorista de Ve\u00edculo El\u00e9trico para o Planejamento e Roteiriza\u00e7\u00e3o de Viagem<\/strong>\n<ul class=\"wp-block-list\">\n<li>Marcelo dos-Reis<\/li>\n\n\n\n<li>Humberto Torres Marques<\/li>\n\n\n\n<li>Fabiano Costa Teixeira<\/li>\n<\/ul>\n<\/li>\n<\/ul>\n\n\n\n<ul class=\"wp-block-list\">\n<li><strong>Um Modelo de Simula\u00e7\u00e3o de Tr\u00e1fego para Avalia\u00e7\u00e3o do Efeito de \u201cCruising for Parking\u201d na Regi\u00e3o Central de Curitiba<\/strong>\n<ul class=\"wp-block-list\">\n<li>Bruno Tebecherani Moreno<\/li>\n\n\n\n<li>Francisco Malucelli<\/li>\n\n\n\n<li>Ricardo L\u00fcders<\/li>\n<\/ul>\n<\/li>\n<\/ul>\n\n\n\n<div style=\"height:30px\" aria-hidden=\"true\" class=\"wp-block-spacer\"><\/div>\n\n\n\n<h4 class=\"wp-block-heading\"><strong>Sess\u00e3o 2 &#8211; Estrat\u00e9gias e Aplica\u00e7\u00f5es para o Desenvolvimento urbano<\/strong><\/h4>\n\n\n\n<p class=\"has-text-color\" style=\"color:#004190\"><strong>Data\/Hor\u00e1rio<\/strong>: Segunda-feira (22\/05) &#8211; 10:30 \u00e0s 12:30<\/p>\n\n\n\n<p class=\"has-text-color\" style=\"color:#004190\"><strong>Local:<\/strong> Sala C<\/p>\n\n\n\n<ul class=\"wp-block-list\">\n<li><strong>ATHENA-FL: Evitando a Heterogeneidade Estat\u00edstica atrav\u00e9s do Um-contra-Todos no Aprendizado Federado<\/strong>\n<ul class=\"wp-block-list\">\n<li>Lucas Airam C. de Souza<\/li>\n\n\n\n<li>Gustavo Camilo<\/li>\n\n\n\n<li>Gabriel Rebello<\/li>\n\n\n\n<li>Matteo Sammarco<\/li>\n<\/ul>\n<\/li>\n<\/ul>\n\n\n\n<p><\/p>\n\n\n\n<ul class=\"wp-block-list\">\n<li><strong>STALLA: Um Framework para An\u00e1lise de Fontes Abertas durante a Pandemia do Covid-19<\/strong>\n\n\n<ul class=\"wp-block-list\">\n<li>Alexandre Cabral Godinho<\/li>\n\n\n\n<li>Cristiano Monteiro Nunes<\/li>\n\n\n\n<li>Rodolfo Ipolito Meneguette<\/li>\n\n\n\n<li>Vin\u00edcius Gon\u00e7alves<\/li>\n\n\n\n<li>Marlos Marques<\/li>\n<\/ul>\n\n\n\n<ul class=\"wp-block-list\">\n<li>Jos\u00e9 Carlos<\/li>\n\n\n\n<li>Geraldo P. Rocha Filho<\/li>\n<\/ul>\n<\/li>\n<\/ul>\n\n\n\n<p><\/p>\n\n\n\n<ul class=\"wp-block-list\">\n<li><strong>Estudo do Comportamento de Consumo de Bebida em Centros Urbanos usando Redes de Sensoriamento Participativo<\/strong>\n<ul class=\"wp-block-list\">\n<li>Jo\u00e3o Augusto dos Santos Silva<\/li>\n\n\n\n<li>Felipe Domingos da Cunha<\/li>\n\n\n\n<li>Silvio Jamil F. Guimar\u00e3es<\/li>\n<\/ul>\n<\/li>\n<\/ul>\n\n\n\n<p><\/p>\n\n\n\n<ul class=\"wp-block-list\">\n<li><strong>SafetyTracker &#8211; uma aplica\u00e7\u00e3o web para an\u00e1lise da periculosidade de rodovias do Brasil<\/strong>\n<ul class=\"wp-block-list\">\n<li>Victor Hugo Betoni<\/li>\n\n\n\n<li>J\u00falia Teles Cruz<\/li>\n\n\n\n<li>Fernando Vasconcellos<\/li>\n\n\n\n<li>Paulo Crystal Hebert de Oliveira Silva<\/li>\n\n\n\n<li>Tania Basso<\/li>\n<\/ul>\n<\/li>\n<\/ul>\n\n\n\n<div style=\"height:30px\" aria-hidden=\"true\" class=\"wp-block-spacer\"><\/div>\n\n\n\n<h4 class=\"wp-block-heading\"><strong>Sess\u00e3o 3 &#8211; Infraestrutura e comunica\u00e7\u00e3o<\/strong><\/h4>\n\n\n\n<p class=\"has-text-color\" style=\"color:#004190\"><strong>Data\/Hor\u00e1rio<\/strong>: Segunda-feira (22\/05) &#8211; 14:00 \u00e0s 15:30<\/p>\n\n\n\n<p class=\"has-text-color\" style=\"color:#004190\"><strong>Local:<\/strong> Sala C<\/p>\n\n\n\n<p><strong>Chair:<\/strong> Joahannes Costa (UNICAMP)<\/p>\n\n\n\n<ul class=\"wp-block-list\">\n<li><strong>Uma an\u00e1lise dos tempos limite para entrega de mensagens e para determina\u00e7\u00e3o de vizinhan\u00e7a em rede veiculares ad hoc<\/strong>\n<ul class=\"wp-block-list\">\n<li>Cleber Brito Santos<\/li>\n<\/ul>\n<\/li>\n<\/ul>\n\n\n\n<p><\/p>\n\n\n\n<ul class=\"wp-block-list\">\n<li><strong>Analysis and prediction of path loss in UAVBS air-ground communication<\/strong>\n<ul class=\"wp-block-list\">\n<li>Wilson Silva<\/li>\n\n\n\n<li>Renato Torres<\/li>\n\n\n\n<li>Diego Cardoso<\/li>\n<\/ul>\n<\/li>\n<\/ul>\n\n\n\n<p><\/p>\n\n\n\n<ul class=\"wp-block-list\">\n<li><strong>Um Framework para Gerenciamento da Comunica\u00e7\u00e3o de M\u00faltiplos Recursos e Observadores em Internet das Coisas<\/strong>\n<ul class=\"wp-block-list\">\n<li>Marlon Santos<\/li>\n\n\n\n<li>Ant\u00f4nio Jorge Gomes Abel\u00e9m<\/li>\n\n\n\n<li>Andr\u00e9 Rike<\/li>\n<\/ul>\n<\/li>\n<\/ul>\n\n\n\n<div style=\"height:30px\" aria-hidden=\"true\" class=\"wp-block-spacer\"><\/div>\n\n\n\n<h4 class=\"wp-block-heading\"><strong>Sess\u00e3o 4 &#8211; Computa\u00e7\u00e3o aplicada em ambientes urbanos<\/strong><\/h4>\n\n\n\n<p class=\"has-text-color\" style=\"color:#004190\"><strong>Data\/Hor\u00e1rio<\/strong>: Segunda-feira (22\/05) &#8211; 16:00 \u00e0s 17:30<\/p>\n\n\n\n<p class=\"has-text-color\" style=\"color:#004190\"><strong>Local:<\/strong> Sala C<\/p>\n\n\n\n<ul class=\"wp-block-list\">\n<li><strong>Um sistema de rastreamento de contatos com foco em anonimidade<\/strong>\n<ul class=\"wp-block-list\">\n<li>Mikaella Ferreira da Silva<\/li>\n\n\n\n<li>Vinicius F. S. Mota<\/li>\n<\/ul>\n<\/li>\n<\/ul>\n\n\n\n<p><\/p>\n\n\n\n<ul class=\"wp-block-list\">\n<li><strong>Detec\u00e7\u00e3o de Amea\u00e7as de Inje\u00e7\u00e3o de SQL em Servi\u00e7os de Computa\u00e7\u00e3o Urbana<\/strong>\n<ul class=\"wp-block-list\">\n<li>Michael Silva de Souza<\/li>\n\n\n\n<li>Silvio Ribeiro<\/li>\n\n\n\n<li>Rafael Lopes Gomes<\/li>\n<\/ul>\n<\/li>\n<\/ul>\n\n\n\n<p><\/p>\n\n\n\n<ul class=\"wp-block-list\">\n<li><strong>IoTSafe: Detec\u00e7\u00e3o de Ataques Baseada em Redes Neurais Profundas<\/strong>\n<ul class=\"wp-block-list\">\n<li>Fabio Coutinho dos Santos<\/li>\n\n\n\n<li>Fatima de Lima Proc\u00f3pio Duarte-Figueiredo<\/li>\n\n\n\n<li>Aldri Luiz dos Santos<\/li>\n<\/ul>\n<\/li>\n<\/ul>\n\n\n\n<div style=\"height:50px\" aria-hidden=\"true\" class=\"wp-block-spacer\"><\/div>\n\n\n\n<h1 class=\"wp-block-heading\"><strong>Datas Importantes<\/strong><\/h1>\n\n\n\n<ul class=\"wp-block-list\">\n<li>Submiss\u00e3o de artigos: <s>13\/03\/2023<\/s> <s>27\/03\/2023<\/s> 31\/03\/2023<\/li>\n\n\n\n<li>Comunica\u00e7\u00e3o de resultados: <s>10\/04\/2023<\/s> 30\/04\/2023<\/li>\n\n\n\n<li>Envio da vers\u00e3o final: <s>15\/04\/2023<\/s> 03\/05\/2023<\/li>\n\n\n\n<li>Data do Evento: 22\/05\/2023<\/li>\n<\/ul>\n\n\n\n<div style=\"height:50px\" aria-hidden=\"true\" class=\"wp-block-spacer\"><\/div>\n\n\n\n<h1 class=\"wp-block-heading\">T\u00f3picos de Interesse<\/h1>\n\n\n\n<p>Os t\u00f3picos de interesse para o workshop incluem, mas\u200b n\u00e3o<strong>\u200b<\/strong> est\u00e3o limitados a:<\/p>\n\n\n\n<ul class=\"wp-block-list\">\n<li>An\u00e1lise e Minera\u00e7\u00e3o de Dados para Ambientes Urbanos<\/li>\n\n\n\n<li>Aprendizado Federado para Computa\u00e7\u00e3o Urbana<\/li>\n\n\n\n<li>Arquiteturas e Protocolos para Ambientes Urbanos<\/li>\n\n\n\n<li>Cidades Inteligentes<\/li>\n\n\n\n<li>Computa\u00e7\u00e3o Social<\/li>\n\n\n\n<li>Computa\u00e7\u00e3o Urbana para o Desenvolvimento Econ\u00f4mico<\/li>\n\n\n\n<li>Computa\u00e7\u00e3o Urbana para Prote\u00e7\u00e3o e Seguran\u00e7a P\u00fablica<\/li>\n\n\n\n<li>Comunica\u00e7\u00e3o D2D e 5G em Ambientes Urbanos<\/li>\n\n\n\n<li>Confiabilidade e Seguran\u00e7a em Computa\u00e7\u00e3o Urbana<\/li>\n\n\n\n<li><em>Data Offloading<\/em><\/li>\n\n\n\n<li>Detec\u00e7\u00e3o de Anomalias e Descoberta de Eventos em \u00c1reas Urbanas<\/li>\n\n\n\n<li><em>e-Governance<\/em><\/li>\n\n\n\n<li><em>e-Health<\/em> e <em>m-Health<\/em><\/li>\n\n\n\n<li>Gerenciamento de Dados Heterog\u00eaneos<\/li>\n\n\n\n<li><em>Green Computing<\/em> em Ambientes Urbanos<\/li>\n\n\n\n<li>Infraestruturas de Sensoriamento Urbano<\/li>\n\n\n\n<li>Intera\u00e7\u00e3o Humano-Computador em Espa\u00e7os Urbanos<\/li>\n\n\n\n<li>Internet das Coisas<\/li>\n\n\n\n<li>Melhoria da Qualidade de Vida na Cidade Utilizando Servi\u00e7os M\u00f3veis e <em>Big Data<\/em><\/li>\n\n\n\n<li>Mobilidade Humana<\/li>\n\n\n\n<li>Planejamento Urbano Usando <em>Big Data<\/em><\/li>\n\n\n\n<li>Prote\u00e7\u00e3o do Meio Ambiente com Computa\u00e7\u00e3o Urbana<\/li>\n\n\n\n<li>Sensoriamento Participativo\/Oportun\u00edstico<\/li>\n\n\n\n<li>Servi\u00e7os Baseados em Localiza\u00e7\u00e3o<\/li>\n\n\n\n<li>Sistemas de Recomenda\u00e7\u00e3o<\/li>\n\n\n\n<li>Sistemas de Transporte Inteligentes<\/li>\n\n\n\n<li>Visualiza\u00e7\u00e3o de Dados Urbanos<\/li>\n<\/ul>\n\n\n\n<div style=\"height:50px\" aria-hidden=\"true\" class=\"wp-block-spacer\"><\/div>\n\n\n\n<h1 class=\"wp-block-heading\"><strong>Instru\u00e7\u00f5es de Submiss\u00e3o<\/strong><\/h1>\n\n\n\n<p>A submiss\u00e3o de artigos ser\u00e1 exclusivamente eletr\u00f4nica, por meio do sistema JEMS. Os artigos podem ser escritos em portugu\u00eas ou ingl\u00eas, e submetidos somente no formato PDF. Cada artigo est\u00e1 limitado a 14 p\u00e1ginas, incluindo resumo (e <em>abstract<\/em>, para artigos em portugu\u00eas), figuras, diagramas, refer\u00eancias e anexos. Os trabalhos devem ser formatados seguindo o modelo de artigos da SBC.<\/p>\n\n\n\n<p>Os artigos submetidos ao CoUrb ser\u00e3o avaliados por um corpo de revisores e os trabalhos selecionados ser\u00e3o organizados para apresenta\u00e7\u00e3o e publica\u00e7\u00e3o nos anais do evento. Pelo menos um dos autores de cada artigo selecionado dever\u00e1 se inscrever no SBRC e no CoUrb e comparecer ao evento para apresentar seu trabalho.<\/p>\n\n\n\n<p><em>Link <\/em>para submiss\u00e3o no JEMS para o Courb: <a rel=\"noreferrer noopener\" href=\"https:\/\/jems3.sbc.org.br\/events\/50\/59\/submit\" target=\"_blank\">https:\/\/jems3.sbc.org.br\/events\/50\/59\/submit<\/a><\/p>\n\n\n\n<div style=\"height:50px\" aria-hidden=\"true\" class=\"wp-block-spacer\"><\/div>\n\n\n\n<h1 class=\"wp-block-heading\"><strong>Pr\u00eamio de Melhor Artigo<\/strong><\/h1>\n\n\n\n<p>O Comit\u00ea T\u00e9cnico de Programa anunciar\u00e1 durante o evento os melhores artigos do VII CoUrb, que ser\u00e3o contemplados com certificado e premia\u00e7\u00e3o. Os melhores artigo ser\u00e3o convidados para submiss\u00e3o de uma vers\u00e3o estendida no <em>Journal of Internet Services and Applications (JISA)<\/em>.<\/p>\n\n\n\n<div style=\"height:50px\" aria-hidden=\"true\" class=\"wp-block-spacer\"><\/div>\n\n\n\n<h1 class=\"wp-block-heading\"><strong>Comit\u00ea T\u00e9cnico de Programa<\/strong><\/h1>\n\n\n\n<p><\/p>\n\n\n\n<ul class=\"wp-block-list\">\n<li>Ademar Takeo Akabane (PUC-Campinas)<\/li>\n\n\n\n<li>Alex Vieira (UFJF)<\/li>\n\n\n\n<li>Alexandre Ferreira (UNICAMP)<\/li>\n\n\n\n<li>Alexandre Graeml (UTFPR)<\/li>\n\n\n\n<li>Alfredo Goldman (USP)<\/li>\n\n\n\n<li>Antonio Alfredo Ferreira Loureiro (UFMG)<\/li>\n\n\n\n<li>Bruno Kimura (UNIFESP)<\/li>\n\n\n\n<li>Bruno Pereira Santos (UFOP)<\/li>\n\n\n\n<li>Carlos Mauricio Figueiredo (UEA)<\/li>\n\n\n\n<li>Denis Ros\u00e1rio (UFPA)<\/li>\n\n\n\n<li>Edmundo Madeira (UNICAMP)<\/li>\n\n\n\n<li>Eduardo Cerqueira (UFPA)<\/li>\n\n\n\n<li>Fabio Kon (IME-USP)<\/li>\n\n\n\n<li>Fabio Verdi (UFSCar)<\/li>\n\n\n\n<li>Felipe Domingos da Cunha (PUC Minas)<\/li>\n\n\n\n<li>Fernanda Sumika Souza (UFOP)<\/li>\n\n\n\n<li>Geraldo P. Rocha Filho (UESB)<\/li>\n\n\n\n<li>Guilherme Maia (UFMG)<\/li>\n\n\n\n<li>Heitor Ramos (UFMG)<\/li>\n\n\n\n<li>Helder Oliveira (UFABC)<\/li>\n\n\n\n<li>Islene Garcia (UNICAMP)<\/li>\n\n\n\n<li>Jo Ueyama (ICMC-USP)<\/li>\n\n\n\n<li>Jussara Almeida (UFMG)<\/li>\n\n\n\n<li>Lourenco Pereira Jr (ITA)<\/li>\n\n\n\n<li>Luanna Lopes Lobato (UFG)<\/li>\n\n\n\n<li>Luis Carlos De Bona (UFPR)<\/li>\n\n\n\n<li>Luis Henrique Costa (UFRJ)<\/li>\n\n\n\n<li>Luiz Fernando Bittencourt (UNICAMP)<\/li>\n\n\n\n<li>Maycon Peixoto (UFBA)<\/li>\n\n\n\n<li>Rafael Lopes Gomes (UECE)<\/li>\n\n\n\n<li>Roberto Sadao Yokoyama (UFABC)<\/li>\n\n\n\n<li>Robson De Grande (Brock University)<\/li>\n\n\n\n<li>Rodolfo Meneguette (ICMC-USP)<\/li>\n\n\n\n<li>Rodrigo Campos Bortoletto (IFSP)<\/li>\n\n\n\n<li>Roger Immich (UFRN)<\/li>\n\n\n\n<li>Silvana Rossetto (UFRJ)<\/li>\n<\/ul>\n","protected":false},"excerpt":{"rendered":"<p>Apresenta\u00e7\u00e3o Ao mesmo tempo em que a urbaniza\u00e7\u00e3o das cidades modernizou a vida das pessoas, trouxe grandes desafios, como gest\u00e3o p\u00fablica de espa\u00e7os coletivos, polui\u00e7\u00e3o do ar, congestionamento, consumo de energia, qualidade de vida, entre outros. Nesse contexto, a Computa\u00e7\u00e3o Urbana surge como um processo de aquisi\u00e7\u00e3o, integra\u00e7\u00e3o e an\u00e1lise de uma grande quantidade de [&hellip;]<\/p>\n","protected":false},"author":3,"featured_media":0,"parent":0,"menu_order":0,"comment_status":"closed","ping_status":"closed","template":"","meta":{"footnotes":""},"class_list":["post-1311","page","type-page","status-publish","hentry"],"_links":{"self":[{"href":"https:\/\/sbrc.sbc.org.br\/2023\/wp-json\/wp\/v2\/pages\/1311","targetHints":{"allow":["GET"]}}],"collection":[{"href":"https:\/\/sbrc.sbc.org.br\/2023\/wp-json\/wp\/v2\/pages"}],"about":[{"href":"https:\/\/sbrc.sbc.org.br\/2023\/wp-json\/wp\/v2\/types\/page"}],"author":[{"embeddable":true,"href":"https:\/\/sbrc.sbc.org.br\/2023\/wp-json\/wp\/v2\/users\/3"}],"replies":[{"embeddable":true,"href":"https:\/\/sbrc.sbc.org.br\/2023\/wp-json\/wp\/v2\/comments?post=1311"}],"version-history":[{"count":32,"href":"https:\/\/sbrc.sbc.org.br\/2023\/wp-json\/wp\/v2\/pages\/1311\/revisions"}],"predecessor-version":[{"id":3723,"href":"https:\/\/sbrc.sbc.org.br\/2023\/wp-json\/wp\/v2\/pages\/1311\/revisions\/3723"}],"wp:attachment":[{"href":"https:\/\/sbrc.sbc.org.br\/2023\/wp-json\/wp\/v2\/media?parent=1311"}],"curies":[{"name":"wp","href":"https:\/\/api.w.org\/{rel}","templated":true}]}}