{"id":1308,"date":"2023-01-31T13:00:00","date_gmt":"2023-01-31T16:00:00","guid":{"rendered":"http:\/\/sbrc.sbc.org.br\/2023\/?page_id=1308"},"modified":"2023-05-16T23:37:32","modified_gmt":"2023-05-17T02:37:32","slug":"workshop-wgrs","status":"publish","type":"page","link":"https:\/\/sbrc.sbc.org.br\/2023\/workshop-wgrs\/","title":{"rendered":"WGRS &#8211; XXVIII Workshop de Ger\u00eancia e Opera\u00e7\u00e3o de Redes e Servi\u00e7os"},"content":{"rendered":"\n<h1 class=\"wp-block-heading\"><strong>Apresenta\u00e7\u00e3o<\/strong><\/h1>\n\n\n\n<p>O <em>Workshop de Ger\u00eancia e Opera\u00e7\u00e3o de Redes e Servi\u00e7os (WGRS)<\/em> \u00e9 um evento promovido pela Sociedade Brasileira de Computa\u00e7\u00e3o (SBC) e tem como objetivo oferecer um espa\u00e7o para a apresenta\u00e7\u00e3o de pesquisas e atividades relevantes na \u00e1rea de gerenciamento e opera\u00e7\u00e3o de redes e servi\u00e7os. Dessa forma, o evento contribui para a integra\u00e7\u00e3o da comunidade brasileira de pesquisadores e profissionais atuantes nessa \u00e1rea. Al\u00e9m disso, o WGRS visa promover um f\u00f3rum para a apresenta\u00e7\u00e3o e discuss\u00e3o de solu\u00e7\u00f5es utilizadas por provedores e usu\u00e1rios de sistemas de gerenciamento de redes. A 28\u00aa edi\u00e7\u00e3o do WGRS ser\u00e1 realizada durante o 41o Simp\u00f3sio Brasileiro de Redes de Computadores e Sistemas Distribu\u00eddos (SBRC 2023), o qual se realizar\u00e1 entre 22 e 26 de maio de 2023, em Bras\u00edlia &#8211; DF.<\/p>\n\n\n\n<div style=\"height:50px\" aria-hidden=\"true\" class=\"wp-block-spacer\"><\/div>\n\n\n\n<h1 class=\"wp-block-heading\"><strong>Programa\u00e7\u00e3o<\/strong><strong><\/strong><\/h1>\n\n\n\n<p>Todas as sess\u00f5es t\u00e9cnicas ser\u00e3o compostas pelo apresenta\u00e7\u00e3o oral dos artigos por um dos autores. As apresenta\u00e7\u00f5es ter\u00e3o no m\u00e1ximo 15 minutos, sendo disponibilizados 5 minutos para perguntas. A programa\u00e7\u00e3o conta tamb\u00e9m com uma palestra acad\u00eamica.<\/p>\n\n\n\n<div style=\"height:30px\" aria-hidden=\"true\" class=\"wp-block-spacer\"><\/div>\n\n\n\n<h4 class=\"wp-block-heading\"><a><\/a><strong>Abertura<\/strong><\/h4>\n\n\n\n<p class=\"has-text-color\" style=\"color:#004190\"><strong>Data\/Hor\u00e1rio:<\/strong> Sexta-feira (26\/05) &#8211; 08:30 \u00e0s 08:40<\/p>\n\n\n\n<p class=\"has-text-color\" style=\"color:#004190\"><strong>Loca:<\/strong> Sala C<\/p>\n\n\n\n<ul class=\"wp-block-list\">\n<li>Boas-vindas e in\u00edcio dos trabalhos.<\/li>\n<\/ul>\n\n\n\n<div style=\"height:30px\" aria-hidden=\"true\" class=\"wp-block-spacer\"><\/div>\n\n\n\n<h4 class=\"wp-block-heading\"><strong>Sess\u00e3o T\u00e9cnica 1 &#8211; Chair: Anelise Munaretto<\/strong><\/h4>\n\n\n\n<p class=\"has-text-color\" style=\"color:#004190\"><strong><strong>Data\/Hor\u00e1rio<\/strong>:<\/strong> Sexta-feira (26\/05) &#8211; 08:40 \u00e0s 10:00<\/p>\n\n\n\n<p class=\"has-text-color\" style=\"color:#004190\"><strong>Loca:<\/strong> Sala C<\/p>\n\n\n\n<ul class=\"wp-block-list\">\n<li><strong>Uma Arquitetura de Rede Neural com Aux\u00edlio da Nuvem para Dispositivos Computacionalmente Limitados<\/strong>\n<ul class=\"wp-block-list\">\n<li>Caio Gevegir Miguel Medeiros<\/li>\n\n\n\n<li>Pedro Henrique Cruz Caminha<\/li>\n\n\n\n<li>Rodrigo de Souza Couto<\/li>\n<\/ul>\n<\/li>\n<\/ul>\n\n\n\n<p><\/p>\n\n\n\n<ul class=\"wp-block-list\">\n<li><strong>MARVEL: Um Algoritmo Meta-heur\u00edstico para Aloca\u00e7\u00e3o de Recursos em Redes Veiculares ad-hoc<\/strong>\n<ul class=\"wp-block-list\">\n<li>Euclydes Nasorri Gottsfritz<\/li>\n\n\n\n<li>Matheus Quessada<\/li>\n\n\n\n<li>Douglas Dias Lieira<\/li>\n\n\n\n<li>Geraldo Pereira Rocha Filho<\/li>\n\n\n\n<li>Rodolfo Ipolito Meneguette<\/li>\n<\/ul>\n<\/li>\n<\/ul>\n\n\n\n<p><\/p>\n\n\n\n<ul class=\"wp-block-list\">\n<li><strong>Um Sistema Aut\u00f4nomo para a Predi\u00e7\u00e3o de Ataques de DDoS em Redes Locais e Internet<\/strong>\n<ul class=\"wp-block-list\">\n<li>Davi Brito<\/li>\n\n\n\n<li>Anderson Begamini Neira<\/li>\n\n\n\n<li>Ligia Francielle Borges<\/li>\n\n\n\n<li>Alex Medeiros<\/li>\n\n\n\n<li>Michele Nogueira Lima<\/li>\n<\/ul>\n<\/li>\n<\/ul>\n\n\n\n<div style=\"height:30px\" aria-hidden=\"true\" class=\"wp-block-spacer\"><\/div>\n\n\n\n<h4 class=\"wp-block-heading\"><strong>Palestra Acad\u00eamica<\/strong><\/h4>\n\n\n\n<p class=\"has-text-color\" style=\"color:#004190\"><strong><strong><strong>Data\/Hor\u00e1rio<\/strong>:<\/strong><\/strong> Sexta-feira (26\/05) &#8211; 10:30 \u00e0s 11:00<\/p>\n\n\n\n<p class=\"has-text-color\" style=\"color:#004190\"><strong>Loca:<\/strong> Sala C<\/p>\n\n\n\n<ul class=\"wp-block-list\">\n<li><strong>T\u00edtulo: <\/strong>AI\/ML for Networking: Opportunities, Pitfalls, and Challenges\n<ul class=\"wp-block-list\">\n<li>Arthur S. Jacobs (UFRGS)<\/li>\n<\/ul>\n<\/li>\n<\/ul>\n\n\n\n<div style=\"height:30px\" aria-hidden=\"true\" class=\"wp-block-spacer\"><\/div>\n\n\n\n<h4 class=\"wp-block-heading\"><strong>Sess\u00e3o T\u00e9cnica 2- Chair: Arthur S. Jacobs<\/strong><\/h4>\n\n\n\n<p class=\"has-text-color\" style=\"color:#004190\"><strong><strong><strong>Data\/Hor\u00e1rio<\/strong>:<\/strong><\/strong> Sexta-feira (26\/05) &#8211; 11:00 \u00e0s 12:30<\/p>\n\n\n\n<p class=\"has-text-color\" style=\"color:#004190\"><strong>Loca:<\/strong> Sala C<\/p>\n\n\n\n<ul class=\"wp-block-list\">\n<li><strong>Automated Social Engineering Attacks using ChatBots on Professional Social Networks<\/strong>\n<ul class=\"wp-block-list\">\n<li>Maur\u00edcio Ariza<\/li>\n\n\n\n<li>Antonio Jo\u00e3o Azambuja<\/li>\n\n\n\n<li>Jeferson Campos Nobre<\/li>\n\n\n\n<li>Lisandro Zambenedetti Granville<\/li>\n<\/ul>\n<\/li>\n<\/ul>\n\n\n\n<p><\/p>\n\n\n\n<ul class=\"wp-block-list\">\n<li><strong>Machine Learning for Detection of Distributed Denial-of-Service Attacks from Queries Executed in DBMS<\/strong>\n<ul class=\"wp-block-list\">\n<li>Danilo Chagas<\/li>\n\n\n\n<li>Geraldo Rocha<\/li>\n\n\n\n<li>Rodolfo Ipolito Meneguette<\/li>\n\n\n\n<li>Rodrigo Bonacin<\/li>\n\n\n\n<li>Vin\u00edcius Gon\u00e7alves<\/li>\n<\/ul>\n<\/li>\n<\/ul>\n\n\n\n<p><\/p>\n\n\n\n<ul class=\"wp-block-list\">\n<li><strong>Infer\u00eancia da qualidade do servi\u00e7o em enlaces de rede atrav\u00e9s de um m\u00e9todo baseado em aprendizado federado<\/strong>\n<ul class=\"wp-block-list\">\n<li>Nicolas Silva<\/li>\n\n\n\n<li>Carlos Alberto Vieira Campos<\/li>\n\n\n\n<li>Sidney Cunha de Lucena<\/li>\n<\/ul>\n<\/li>\n<\/ul>\n\n\n\n<div style=\"height:30px\" aria-hidden=\"true\" class=\"wp-block-spacer\"><\/div>\n\n\n\n<h4 class=\"wp-block-heading\"><a><\/a><strong>Sess\u00e3o T\u00e9cnica 3 &#8211; Chair: Lisandro Z. Granville<\/strong><\/h4>\n\n\n\n<p class=\"has-text-color\" style=\"color:#004190\"><strong><strong><strong><strong>Data\/Hor\u00e1rio<\/strong>:<\/strong> <\/strong><\/strong>Sexta-feira (26\/05) &#8211; 14:00 \u00e0s 15:30<\/p>\n\n\n\n<p class=\"has-text-color\" style=\"color:#004190\"><strong>Loca:<\/strong> Sala C<\/p>\n\n\n\n<ul class=\"wp-block-list\">\n<li><strong>Abordagem em Borda de Rede para Coleta e Processamento Cont\u00ednuo de Telemetria em Larga Escala na Ind\u00fastria 4.0<\/strong>\n<ul class=\"wp-block-list\">\n<li>Alann Rodrigues Ferreira<\/li>\n\n\n\n<li>Alisson Vasconcelos BritoFernando Menezes Matos<\/li>\n<\/ul>\n<\/li>\n<\/ul>\n\n\n\n<p><\/p>\n\n\n\n<ul class=\"wp-block-list\">\n<li><strong>RESISTING: Um Novo Mecanismo de Fast-Reroute com Distribui\u00e7\u00e3o de Pacotes em Switches Program\u00e1veis P4<\/strong>\n<ul class=\"wp-block-list\">\n<li>Daniel Batista de Lima<\/li>\n\n\n\n<li>Christian Esteve Rothenberg<\/li>\n\n\n\n<li>Francisco Vogt<\/li>\n\n\n\n<li>Alan Teixeira da Silva<\/li>\n<\/ul>\n<\/li>\n<\/ul>\n\n\n\n<p><\/p>\n\n\n\n<ul class=\"wp-block-list\">\n<li><strong>A Virtual Machine Placement Algorithm for Resource Allocation in Cloud-Based Environments<\/strong>\n<ul class=\"wp-block-list\">\n<li>David H. S. Lima<\/li>\n\n\n\n<li>Andre Luiz Lins Aquino<\/li>\n\n\n\n<li>Marilia Curado<\/li>\n<\/ul>\n<\/li>\n<\/ul>\n\n\n\n<div style=\"height:30px\" aria-hidden=\"true\" class=\"wp-block-spacer\"><\/div>\n\n\n\n<h4 class=\"wp-block-heading\"><strong>Sess\u00e3o T\u00e9cnica 4 &#8211; Chair: Rodolfo I. Meneguette<\/strong><\/h4>\n\n\n\n<p class=\"has-text-color\" style=\"color:#004190\"><strong><strong><strong><strong><strong>Data\/Hor\u00e1rio<\/strong>:<\/strong><\/strong><\/strong><\/strong> Sexta-feira (26\/05) &#8211; 16:00 \u00e0s 17:30<\/p>\n\n\n\n<p class=\"has-text-color\" style=\"color:#004190\"><strong>Loca:<\/strong> Sala C<\/p>\n\n\n\n<ul class=\"wp-block-list\">\n<li><strong>Esquema de Autentica\u00e7\u00e3o e Acordo de Chaves para Internet das Coisas<\/strong>\n<ul class=\"wp-block-list\">\n<li>Degemar Silva<\/li>\n\n\n\n<li>Ramon Fontes<\/li>\n\n\n\n<li>Augusto Jos\u00e9 Ven\u00e2ncio Neto<\/li>\n\n\n\n<li>Gustavo Gir\u00e3o<\/li>\n\n\n\n<li>Roger Immich<\/li>\n<\/ul>\n<\/li>\n<\/ul>\n\n\n\n<p><\/p>\n\n\n\n<ul class=\"wp-block-list\">\n<li><strong>Engenharia de Sinais Precoces de Alerta Para a Predi\u00e7\u00e3o de Ataques DDoS<\/strong>\n<ul class=\"wp-block-list\">\n<li>Anderson Begamini Neira<\/li>\n\n\n\n<li>Ligia Francielle Borges<\/li>\n\n\n\n<li>Alex Medeiros<\/li>\n\n\n\n<li>Michele Nogueira Lima<\/li>\n<\/ul>\n<\/li>\n<\/ul>\n\n\n\n<p><\/p>\n\n\n\n<ul class=\"wp-block-list\">\n<li><strong>Uma Proposta de Detec\u00e7\u00e3o de Ataques Cibern\u00e9ticos em Sistemas de Controle Industrial (ICS)<\/strong>\n<ul class=\"wp-block-list\">\n<li>Ivo Nicolaio<\/li>\n\n\n\n<li>Anelise Munaretto<\/li>\n\n\n\n<li>Mauro Fonseca<\/li>\n<\/ul>\n<\/li>\n<\/ul>\n\n\n\n<div style=\"height:50px\" aria-hidden=\"true\" class=\"wp-block-spacer\"><\/div>\n\n\n\n<h1 class=\"wp-block-heading\"><strong>Datas Importantes<\/strong><\/h1>\n\n\n\n<ul class=\"wp-block-list\">\n<li>Submiss\u00e3o de artigos: <s>13\/03\/2023<\/s> <s>20\/03\/2023<\/s>  <mark style=\"background-color:rgba(0, 0, 0, 0)\" class=\"has-inline-color has-colibri-color-6-color\">27\/03\/2023<\/mark><\/li>\n\n\n\n<li>Comunica\u00e7\u00e3o de resultados: <s>10\/04\/2023<\/s>  <mark style=\"background-color:rgba(0, 0, 0, 0)\" class=\"has-inline-color has-colibri-color-6-color\">17\/04\/2023<\/mark><\/li>\n\n\n\n<li>Envio da vers\u00e3o final: <s>15\/04\/2023<\/s>  <mark style=\"background-color:rgba(0, 0, 0, 0)\" class=\"has-inline-color has-colibri-color-6-color\">22\/04\/2023<\/mark><\/li>\n<\/ul>\n\n\n\n<div style=\"height:50px\" aria-hidden=\"true\" class=\"wp-block-spacer\"><\/div>\n\n\n\n<h1 class=\"wp-block-heading\"><a><\/a> <strong>Melhores Artigos<\/strong><\/h1>\n\n\n\n<p>A Comiss\u00e3o T\u00e9cnica do Programa divulgar\u00e1 os melhores trabalhos durante o evento, e os autores receber\u00e3o certificado. Al\u00e9m disso, os autores do melhor artigo ser\u00e3o convidados a submeter uma vers\u00e3o estendida para a revista <em>IEEE Transactions on Network and Service Management (IEEE TNSM).<\/em><\/p>\n\n\n\n<div style=\"height:50px\" aria-hidden=\"true\" class=\"wp-block-spacer\"><\/div>\n\n\n\n<h1 class=\"wp-block-heading\"><a><\/a> <strong>T\u00f3picos de Interesse<\/strong><\/h1>\n\n\n\n<p>Autores s\u00e3o convidados a submeter artigos completos contendo resultados relevantes de suas pesquisas cient\u00edficas ou tecnol\u00f3gicas. Todos os trabalhos enviados ser\u00e3o julgados com base na sua qualidade e relev\u00e2ncia por um corpo revisional de tr\u00eas ou mais especialistas. Somente os trabalhos originais que n\u00e3o tenham sido publicados ser\u00e3o considerados. A lista de t\u00f3picos de interesse do WGRS 2023 \u00e9 apresentada a seguir e de forma n\u00e3o-exaustiva:<\/p>\n\n\n\n<ul class=\"wp-block-list\">\n<li>Aprovisionamento de redes e planejamento de capacidade<\/li>\n\n\n\n<li>Arquiteturas de gerenciamento<\/li>\n\n\n\n<li>Autogerenciamento e autoconfigura\u00e7\u00e3o<\/li>\n\n\n\n<li>Contabiliza\u00e7\u00e3o e bilhetagem<\/li>\n\n\n\n<li>Desempenho, Qualidade de Servi\u00e7o e Qualidade de Experi\u00eancia<\/li>\n\n\n\n<li>Gerenciamento Aut\u00f4nomo de Redes e Servi\u00e7os<\/li>\n\n\n\n<li>Gerenciamento Baseado em Pol\u00edticas<\/li>\n\n\n\n<li>Gerenciamento Baseado em <em>Web Services<\/em> e <em>Peer-to-Peer<\/em><\/li>\n\n\n\n<li>Gerenciamento de Computa\u00e7\u00e3o na Nuvem e N\u00e9voa<\/li>\n\n\n\n<li>Gerenciamento de Redes M\u00f3veis (MANETs), Sem Fio e de Sensores<\/li>\n\n\n\n<li>Gerenciamento de Mobilidade<\/li>\n\n\n\n<li>Gerenciamento de Internet das Coisas e Comunica\u00e7\u00e3o M\u00e1quina a M\u00e1quina (M2M)<\/li>\n\n\n\n<li>Gerenciamento de Redes \u00d3pticas<\/li>\n\n\n\n<li>Gerenciamento de Servi\u00e7os e Aplica\u00e7\u00f5es<\/li>\n\n\n\n<li>Gerenciamento Distribu\u00eddo<\/li>\n\n\n\n<li>Gerenciamento de Infraestrutura de TI<\/li>\n\n\n\n<li>Gerenciamento de Redes <em>Ad Hoc<\/em> Veiculares (VANETs) e <em>Ad Hoc<\/em> Voadoras (FANETs)<\/li>\n\n\n\n<li>Gerenciamento de Redes Celulares 4G, 5G e 6G<\/li>\n\n\n\n<li>Gerenciamento de Redes Convergentes<\/li>\n\n\n\n<li>Gerenciamento de Infraestrutura\/Plataforma IoT<\/li>\n\n\n\n<li>Gerenciamento de Redes Heterog\u00eaneas Integradas<\/li>\n\n\n\n<li>Gerenciamento de <em>Big Data<\/em><\/li>\n\n\n\n<li>Internet do Futuro<\/li>\n\n\n\n<li>Metodologias para Ger\u00eancia e Opera\u00e7\u00e3o de rede<\/li>\n\n\n\n<li>Modelagem de Informa\u00e7\u00e3o de Gerenciamento<\/li>\n\n\n\n<li>Monitora\u00e7\u00e3o e M\u00e9todos Baseados em Metrologia de Redes<\/li>\n\n\n\n<li>Plataformas de Gerenciamento<\/li>\n\n\n\n<li>Redes sobrepostas e Topologias Virtuais<\/li>\n\n\n\n<li>Redes Definidas por <em>Software<\/em><\/li>\n\n\n\n<li>Redes sociais (<em>online<\/em>, m\u00f3veis e pervasivas)<\/li>\n\n\n\n<li>Virtualiza\u00e7\u00e3o de fun\u00e7\u00f5es de rede<\/li>\n\n\n\n<li>Seguran\u00e7a, Privacidade e Isolamento<\/li>\n<\/ul>\n\n\n\n<div style=\"height:50px\" aria-hidden=\"true\" class=\"wp-block-spacer\"><\/div>\n\n\n\n<h1 class=\"wp-block-heading\"><a><\/a> <strong>Instru\u00e7\u00f5es aos Autores<\/strong><\/h1>\n\n\n\n<p>Os artigos podem ser escritos em portugu\u00eas ou ingl\u00eas, somente no formato PDF. Cada artigo est\u00e1 limitado a 14 p\u00e1ginas, incluindo resumo (e abstract, para artigos em portugu\u00eas), figuras, diagramas, refer\u00eancias e anexos.<\/p>\n\n\n\n<p>O formato dos trabalhos deve ser aquele indicado para artigos pela Sociedade Brasileira de Computa\u00e7\u00e3o (SBC), cujo modelo est\u00e1 dispon\u00edvel na <a href=\"https:\/\/www.sbc.org.br\/documentos-da-sbc\/category\/169-templates-para-artigos-e-capitulos-de-livros\" target=\"_blank\" rel=\"noreferrer noopener\">biblioteca da SBC<\/a>. Evitar figuras em formato bitmap ou muito pequenas. A submiss\u00e3o de artigos ser\u00e1 exclusivamente eletr\u00f4nica, por meio do <a href=\"https:\/\/jems3.sbc.org.br\/\" target=\"_blank\" rel=\"noreferrer noopener\">Sistema JEMS3<\/a>. O arquivo deve estar obrigatoriamente em formato PDF (<em>Portable Document Format<\/em>). Os anais do Workshop ser\u00e3o publicados na <a href=\"https:\/\/sol.sbc.org.br\/\" target=\"_blank\" rel=\"noreferrer noopener\">Plataforma SBC OpenLib (SOL)<\/a>, a biblioteca digital mantida pela Sociedade Brasileira de Computa\u00e7\u00e3o (SBC) e estar\u00e3o dispon\u00edveis gratuitamente para toda a sociedade.<\/p>\n\n\n\n<div style=\"height:50px\" aria-hidden=\"true\" class=\"wp-block-spacer\"><\/div>\n\n\n\n<h1 class=\"wp-block-heading\"><strong>Comit\u00ea de Programa<\/strong><\/h1>\n\n\n\n<ul class=\"wp-block-list\">\n<li>Alberto Egon Schaeffer-Filho (UFRGS)<\/li>\n\n\n\n<li>Aldri Luiz dos Santos (UFMG)<\/li>\n\n\n\n<li>Andr\u00e9 Riker (UFPA)<\/li>\n\n\n\n<li>Anelise Munaretto (UTFPR)<\/li>\n\n\n\n<li>Antonio Marcos Alberti (INATEL)<\/li>\n\n\n\n<li>Antonio Tadeu Azevedo Gomes (LNCC)<\/li>\n\n\n\n<li>Augusto Jos\u00e9 Ven\u00e2ncio Neto (UFRN)<\/li>\n\n\n\n<li>Bruno Kimura (UFSP)<\/li>\n\n\n\n<li>Bruno Schulze (LNCC)<\/li>\n\n\n\n<li>Carlos Westphall (UFSC)<\/li>\n\n\n\n<li>C\u00e9lio Albuquerque (UFF)<\/li>\n\n\n\n<li>Cristiano Bonato Both (UNISINOS)<\/li>\n\n\n\n<li>Daniel Fernandes Macedo (UFMG)<\/li>\n\n\n\n<li>Daniel Ludovico Guidoni (UFOP)<\/li>\n\n\n\n<li>Denis Ros\u00e1rio (UFPA)<\/li>\n\n\n\n<li>Eder John Scheid (UZH)<\/li>\n\n\n\n<li>Edmundo Madeira (UNICAMP)<\/li>\n\n\n\n<li>Eduardo Coelho Cerqueira (UFPA)<\/li>\n\n\n\n<li>Fatima de Lima Proc\u00f3pio Duarte-Figueiredo (PUC-MInas)<\/li>\n\n\n\n<li>Fernando Menezes Matos (UFPB)<\/li>\n\n\n\n<li>Geraldo Pereira Rocha Filho (UESB)<\/li>\n\n\n\n<li>Heitor S. Ramos (UFMG)<\/li>\n\n\n\n<li>Helder Oliveira (UFABC)<\/li>\n\n\n\n<li>Horacio Fernandes de Oliveira (UFAM)<\/li>\n\n\n\n<li>Jeferson Campos Nobre (UFRGS)<\/li>\n\n\n\n<li>Joaquim Celestino J\u00fanior (UFC)<\/li>\n\n\n\n<li>Joel Jos\u00e9 Rodrigues (UFPI)<\/li>\n\n\n\n<li>Jos\u00e9 Marcos Nogueira (UFMG)<\/li>\n\n\n\n<li>Jos\u00e9 Augusto Suruagy Monteiro (UFPE)<\/li>\n\n\n\n<li>Juliano Araujo Wickboldt (UFRGS)<\/li>\n\n\n\n<li>Jussara Almeida (UFMG)<\/li>\n\n\n\n<li>Leandro Villas (UNICAMP)<\/li>\n\n\n\n<li>Lisandro Zambenedetti Granville (UFRGS)<\/li>\n\n\n\n<li>Luiz Fernando Bittencourt (UNICAMP)<\/li>\n\n\n\n<li>Luiz Henrique Andrade Correia (UFLA)<\/li>\n\n\n\n<li>Luiz Henrique Costa (UFRJ)<\/li>\n\n\n\n<li>Marcelo Gon\u00e7alves Rubinstein (UERJ)<\/li>\n\n\n\n<li>Mauro Fonseca (PUCPR)<\/li>\n\n\n\n<li>Michele Nogueira (UFPR)<\/li>\n\n\n\n<li>Muriel Figueredo Franco (UZH)<\/li>\n\n\n\n<li>Paulo Andr\u00e9 da Silva Gon\u00e7alves (UFPE)<\/li>\n\n\n\n<li>Rafael Lopes Gomes (UECE)<\/li>\n\n\n\n<li>Rafael R. Obelheiro (UDESC)<\/li>\n\n\n\n<li>Ricardo Jose Pfitscher (UFSC)<\/li>\n\n\n\n<li>Ricardo Luis dos Santos (IFRS)<\/li>\n\n\n\n<li>Rodolfo Ipolito Meneguette (USP)<\/li>\n\n\n\n<li>Roger Immich (UFRN)<\/li>\n\n\n\n<li>Ronaldo Alves Ferreira (UFMS)<\/li>\n\n\n\n<li>Thiago Henrique Silva (UTFPR)<\/li>\n\n\n\n<li>Vinicius Cunha M Borges (UFG)<\/li>\n\n\n\n<li>Vinicius F. S. Mota (UFES)<\/li>\n<\/ul>\n\n\n\n<div style=\"height:50px\" aria-hidden=\"true\" class=\"wp-block-spacer\"><\/div>\n\n\n\n<h1 class=\"wp-block-heading\"><a><\/a> <strong>Coordena\u00e7\u00e3o<\/strong><\/h1>\n\n\n\n<ul class=\"wp-block-list\">\n<li>Ricardo Jos\u00e9 Pfitscher (UFSC)<br>contato: <a rel=\"noreferrer noopener\" href=\"mailto:ricardo.pfitscher@ufsc.br\" target=\"_blank\"><u>ricardo.pfitscher@ufsc.br<\/u><\/a><\/li>\n<\/ul>\n\n\n\n<p><\/p>\n\n\n\n<ul class=\"wp-block-list\">\n<li>Rodolfo Ipolito Meneguette (USP)<br>contato: <a href=\"mailto:meneguette@icmc.usp.br\" target=\"_blank\" rel=\"noreferrer noopener\"><u>meneguette@icmc.usp.br<\/u><\/a><\/li>\n<\/ul>\n","protected":false},"excerpt":{"rendered":"<p>Apresenta\u00e7\u00e3o O Workshop de Ger\u00eancia e Opera\u00e7\u00e3o de Redes e Servi\u00e7os (WGRS) \u00e9 um evento promovido pela Sociedade Brasileira de Computa\u00e7\u00e3o (SBC) e tem como objetivo oferecer um espa\u00e7o para a apresenta\u00e7\u00e3o de pesquisas e atividades relevantes na \u00e1rea de gerenciamento e opera\u00e7\u00e3o de redes e servi\u00e7os. Dessa forma, o evento contribui para a integra\u00e7\u00e3o [&hellip;]<\/p>\n","protected":false},"author":2,"featured_media":0,"parent":0,"menu_order":0,"comment_status":"closed","ping_status":"closed","template":"","meta":{"footnotes":""},"class_list":["post-1308","page","type-page","status-publish","hentry"],"_links":{"self":[{"href":"https:\/\/sbrc.sbc.org.br\/2023\/wp-json\/wp\/v2\/pages\/1308","targetHints":{"allow":["GET"]}}],"collection":[{"href":"https:\/\/sbrc.sbc.org.br\/2023\/wp-json\/wp\/v2\/pages"}],"about":[{"href":"https:\/\/sbrc.sbc.org.br\/2023\/wp-json\/wp\/v2\/types\/page"}],"author":[{"embeddable":true,"href":"https:\/\/sbrc.sbc.org.br\/2023\/wp-json\/wp\/v2\/users\/2"}],"replies":[{"embeddable":true,"href":"https:\/\/sbrc.sbc.org.br\/2023\/wp-json\/wp\/v2\/comments?post=1308"}],"version-history":[{"count":27,"href":"https:\/\/sbrc.sbc.org.br\/2023\/wp-json\/wp\/v2\/pages\/1308\/revisions"}],"predecessor-version":[{"id":3222,"href":"https:\/\/sbrc.sbc.org.br\/2023\/wp-json\/wp\/v2\/pages\/1308\/revisions\/3222"}],"wp:attachment":[{"href":"https:\/\/sbrc.sbc.org.br\/2023\/wp-json\/wp\/v2\/media?parent=1308"}],"curies":[{"name":"wp","href":"https:\/\/api.w.org\/{rel}","templated":true}]}}