{"id":1299,"date":"2023-01-30T18:47:08","date_gmt":"2023-01-30T21:47:08","guid":{"rendered":"http:\/\/sbrc.sbc.org.br\/2023\/?page_id=1299"},"modified":"2023-03-22T10:26:46","modified_gmt":"2023-03-22T13:26:46","slug":"workshop-wtg","status":"publish","type":"page","link":"https:\/\/sbrc.sbc.org.br\/2023\/workshop-wtg\/","title":{"rendered":"WTG &#8211; VI Workshop de Trabalhos de Inicia\u00e7\u00e3o Cient\u00edfica e de Gradua\u00e7\u00e3o"},"content":{"rendered":"\n<h1 class=\"wp-block-heading\">Datas Importantes<\/h1>\n\n\n\n<ul class=\"wp-block-list\">\n<li>Prazo para Submiss\u00e3o de Artigos: <s>13\/03\/2023<\/s> 31\/03\/2023<\/li>\n\n\n\n<li>Notifica\u00e7\u00e3o dos artigos aceitos: 10\/04\/2023<\/li>\n\n\n\n<li>Envio da vers\u00e3o final: 15\/04\/2023<\/li>\n<\/ul>\n\n\n\n<div style=\"height:50px\" aria-hidden=\"true\" class=\"wp-block-spacer\"><\/div>\n\n\n\n<h1 class=\"wp-block-heading\">Apresenta\u00e7\u00e3o<\/h1>\n\n\n\n<p>O VI Workshop de Trabalhos de Inicia\u00e7\u00e3o Cient\u00edfica e de Gradua\u00e7\u00e3o (VI WTG), evento do Simp\u00f3sio Brasileiro de Redes de Computadores e Sistemas Distribu\u00eddos (SBRC), visa promover a participa\u00e7\u00e3o de estudantes de gradua\u00e7\u00e3o e de rec\u00e9m-graduados na produ\u00e7\u00e3o e divulga\u00e7\u00e3o de trabalhos cient\u00edficos sobre temas relacionados \u00e0s \u00e1reas de redes de computadores e sistemas distribu\u00eddos.<\/p>\n\n\n\n<p>Os participantes encontrar\u00e3o um ambiente prop\u00edcio \u00e0 discuss\u00e3o de seus achados cient\u00edficos. Autores est\u00e3o convidados a submeter trabalhos com resultados parciais e resultados finais das suas pesquisas tecnol\u00f3gicas e cient\u00edficas, incluindo trabalhos de Inicia\u00e7\u00e3o Cient\u00edfica (IC), trabalhos de conclus\u00e3o de curso (TCC), implementa\u00e7\u00f5es de software e projetos independentes.<\/p>\n\n\n\n<p>O evento ser\u00e1 realizado virtualmente em conjunto com o SBRC 2023 em Bras\u00edlia (DF).<\/p>\n\n\n\n<div style=\"height:50px\" aria-hidden=\"true\" class=\"wp-block-spacer\"><\/div>\n\n\n\n<h1 class=\"wp-block-heading\">Temas de Interesse<\/h1>\n\n\n\n<p>A lista n\u00e3o exaustiva de t\u00f3picos de interesse inclui:<\/p>\n\n\n\n<ul class=\"wp-block-list\">\n<li>Aplica\u00e7\u00f5es Inteligentes (Cidades, Agricultura, Sa\u00fade, Ind\u00fastria, Casas, <em>Smart Grid<\/em>)<\/li>\n\n\n\n<li><em>Blockchain<\/em> e <em>distributed ledger technologies<\/em><\/li>\n\n\n\n<li>Computa\u00e7\u00e3o intensiva de dados <em>(big data)<\/em>, an\u00e1lise e minera\u00e7\u00e3o de dados<\/li>\n\n\n\n<li>Computa\u00e7\u00e3o m\u00f3vel<\/li>\n\n\n\n<li>Computa\u00e7\u00e3o na nuvem, na n\u00e9voa, na borda e orientada a servi\u00e7os<\/li>\n\n\n\n<li>Computa\u00e7\u00e3o social<\/li>\n\n\n\n<li>Computa\u00e7\u00e3o ub\u00edqua, pervasiva e sens\u00edvel ao contexto<\/li>\n\n\n\n<li>Computa\u00e7\u00e3o urbana<\/li>\n\n\n\n<li>Desempenho, escalabilidade e confiabilidade<\/li>\n\n\n\n<li>Engenharia de redes e controle de tr\u00e1fego<\/li>\n\n\n\n<li>Gerenciamento, opera\u00e7\u00e3o, projeto e an\u00e1lise de redes<\/li>\n\n\n\n<li>Internet das coisas e sistemas ciberf\u00edsicos<\/li>\n\n\n\n<li>Internet do futuro<\/li>\n\n\n\n<li>Medi\u00e7\u00e3o e monitora\u00e7\u00e3o de redes<\/li>\n\n\n\n<li>Qualidade de servi\u00e7o (QoS) e de experi\u00eancia (QoE)<\/li>\n\n\n\n<li>Redes qu\u00e2nticas e nanoredes<\/li>\n\n\n\n<li>Redes centradas na informa\u00e7\u00e3o<\/li>\n\n\n\n<li>Redes 5G\/6G e suas aplica\u00e7\u00f5es<\/li>\n\n\n\n<li>Softwariza\u00e7\u00e3o de redes (SDN, NFV, P4)<\/li>\n\n\n\n<li>Redes \u00f3pticas<\/li>\n\n\n\n<li>Redes sociais (<em>online<\/em>, m\u00f3veis e pervasivas)<\/li>\n\n\n\n<li>Redes tolerantes a atrasos\/interrup\u00e7\u00f5es<\/li>\n\n\n\n<li>Redes veiculares, rob\u00f3ticas e de drones<\/li>\n\n\n\n<li>Redes verdes <em>(green networking)<\/em><\/li>\n\n\n\n<li>Seguran\u00e7a em redes e em sistemas distribu\u00eddos<\/li>\n\n\n\n<li>Simula\u00e7\u00e3o e emula\u00e7\u00e3o de redes<\/li>\n\n\n\n<li>Toler\u00e2ncia a falhas e resili\u00eancia<\/li>\n\n\n\n<li>Virtualiza\u00e7\u00e3o de redes<\/li>\n\n\n\n<li>Aplica\u00e7\u00f5es de <em>big data<\/em> e aprendizado de m\u00e1quina em redes de computadores e sistemas distribu\u00eddos<\/li>\n\n\n\n<li>Modelos e arquiteturas de dados para big data<\/li>\n<\/ul>\n\n\n\n<div style=\"height:50px\" aria-hidden=\"true\" class=\"wp-block-spacer\"><\/div>\n\n\n\n<h1 class=\"wp-block-heading\">Instru\u00e7\u00f5es para Autores<\/h1>\n\n\n\n<p>A submiss\u00e3o de artigos ser\u00e1 exclusivamente eletr\u00f4nica, por meio do <strong>sistema JEMS (<a href=\"https:\/\/jems3.sbc.org.br\/wtg2023\">https:\/\/jems3.sbc.org.br\/wtg2023<\/a>)<\/strong>. Os artigos podem ser escritos em portugu\u00eas ou ingl\u00eas, somente no formato PDF. Cada artigo est\u00e1 limitado a 8 (oito) p\u00e1ginas, incluindo resumo (e <em>abstract<\/em>, para artigos em portugu\u00eas), figuras, diagramas, refer\u00eancias e anexos. Os trabalhos devem ser formatados seguindo o modelo de artigos da SBC, dispon\u00edvel em <a rel=\"noreferrer noopener\" href=\"http:\/\/www.sbc.org.br\/documentos-da-sbc\/category\/169-templates-para-artigos-e-capitulos-de-livros\" target=\"_blank\">http:\/\/www.sbc.org.br\/documentos-da-sbc\/category\/169-templates-para-artigos-e-capitulos-de-livros<\/a>.<\/p>\n\n\n\n<p>Os artigos passar\u00e3o por um processo de revis\u00e3o pelo Comit\u00ea de Programa do WTG, e os trabalhos selecionados ser\u00e3o organizados para apresenta\u00e7\u00e3o e publica\u00e7\u00e3o nos anais do evento. Pelo menos um dos autores de cada artigo selecionado dever\u00e1 se inscrever no SBRC e no WTG e comparecer ao evento para apresentar seu trabalho. Cada artigo dever\u00e1 ter no m\u00ednimo dois autores, sendo eles: (1) estudante de gradua\u00e7\u00e3o ou rec\u00e9m-formado (ter conclu\u00eddo a gradua\u00e7\u00e3o em 2022); e (2) professor respons\u00e1vel pelo trabalho.<\/p>\n\n\n\n<p><\/p>\n\n\n\n<div style=\"height:50px\" aria-hidden=\"true\" class=\"wp-block-spacer\"><\/div>\n\n\n\n<h1 class=\"wp-block-heading\">Publica\u00e7\u00e3o<\/h1>\n\n\n\n<p>Os anais do SBRC ser\u00e3o publicados na Plataforma SBC OpenLib (SOL), a biblioteca digital mantida pela Sociedade Brasileira de Computa\u00e7\u00e3o (SBC) e estar\u00e3o dispon\u00edveis gratuitamente para toda sociedade.<\/p>\n\n\n\n<p>Os autores receber\u00e3o convite para submeterem vers\u00e3o estendida do artigo aceito \u00e0 Revista de Ci\u00eancia da Computa\u00e7\u00e3o (ReCiC) (ISSN 2596-2701), classificada no novo qualis como B4 nas Engenharias IV e III.<\/p>\n\n\n\n<p><\/p>\n\n\n\n<div style=\"height:50px\" aria-hidden=\"true\" class=\"wp-block-spacer\"><\/div>\n\n\n\n<h1 class=\"wp-block-heading\">Pr\u00eamio de Melhor Artigo<\/h1>\n\n\n\n<p>O Comit\u00ea de Programa anunciar\u00e1 durante o evento os melhores artigos do SBRC-WTG 2023, que ser\u00e3o contemplados com certificado.<\/p>\n\n\n\n<p><\/p>\n\n\n\n<div style=\"height:50px\" aria-hidden=\"true\" class=\"wp-block-spacer\"><\/div>\n\n\n\n<h1 class=\"wp-block-heading\">Comit\u00ea de Programa<\/h1>\n\n\n\n<ul class=\"wp-block-list\">\n<li>Alex Vieira (UFJF)<\/li>\n\n\n\n<li>Carlos Ferreira (UFOP)<\/li>\n\n\n\n<li>Daniel Batista (USP)<\/li>\n\n\n\n<li>Daniel Guidoni (UFSJ)<\/li>\n\n\n\n<li>Dionisio Leite (UFMS)<\/li>\n\n\n\n<li>Geraldo Pereira (UESB)<\/li>\n\n\n\n<li>Glauber Gon\u00e7alves (UFPI)<\/li>\n\n\n\n<li>Helder Oliveira (UFABC)<\/li>\n\n\n\n<li>Jose Torres Neto (UFPI)<\/li>\n\n\n\n<li>Kelvin Dias (UFPE)<\/li>\n\n\n\n<li>Louren\u00e7o Pereira (ITA)<\/li>\n\n\n\n<li>Luis Nakamura (IFSP)<\/li>\n\n\n\n<li>Luiz Fernando Bittencourt (UNICAMP)<\/li>\n\n\n\n<li>Maycon Peixoto (UFBA)<\/li>\n\n\n\n<li>Rafael Lopes Gomes (UECE)<\/li>\n\n\n\n<li>Roberto Rigolin F Lopes (Fraunhofer FKIE)<\/li>\n\n\n\n<li>Roberto Sadao Yokoyama (UFABC)<\/li>\n\n\n\n<li>Robson De Grande (Brocku University)<\/li>\n\n\n\n<li>Rodolfo Meneguette (USP)<\/li>\n\n\n\n<li>Rodrigo Miani (UFU)<\/li>\n\n\n\n<li>Roger Immich (UFRN)<\/li>\n\n\n\n<li>Silvana Rossetto (UFRJ)<\/li>\n\n\n\n<li>Takeo Ademar (PUC)<\/li>\n\n\n\n<li>Tiago Ferreto (PUCRS)<\/li>\n\n\n\n<li>Weverton Cordeiro (UFRGS)<\/li>\n<\/ul>\n\n\n\n<div style=\"height:50px\" aria-hidden=\"true\" class=\"wp-block-spacer\"><\/div>\n\n\n\n<h1 class=\"wp-block-heading\">Contato<\/h1>\n\n\n\n<ul class=\"wp-block-list\">\n<li><a href=\"mailto:wtg.sbrc@gmail.com\" target=\"_blank\" rel=\"noreferrer noopener\">wtg.sbrc@gmail.com<\/a><\/li>\n<\/ul>\n","protected":false},"excerpt":{"rendered":"<p>Datas Importantes Apresenta\u00e7\u00e3o O VI Workshop de Trabalhos de Inicia\u00e7\u00e3o Cient\u00edfica e de Gradua\u00e7\u00e3o (VI WTG), evento do Simp\u00f3sio Brasileiro de Redes de Computadores e Sistemas Distribu\u00eddos (SBRC), visa promover a participa\u00e7\u00e3o de estudantes de gradua\u00e7\u00e3o e de rec\u00e9m-graduados na produ\u00e7\u00e3o e divulga\u00e7\u00e3o de trabalhos cient\u00edficos sobre temas relacionados \u00e0s \u00e1reas de redes de computadores [&hellip;]<\/p>\n","protected":false},"author":3,"featured_media":0,"parent":0,"menu_order":0,"comment_status":"closed","ping_status":"closed","template":"","meta":{"footnotes":""},"class_list":["post-1299","page","type-page","status-publish","hentry"],"_links":{"self":[{"href":"https:\/\/sbrc.sbc.org.br\/2023\/wp-json\/wp\/v2\/pages\/1299","targetHints":{"allow":["GET"]}}],"collection":[{"href":"https:\/\/sbrc.sbc.org.br\/2023\/wp-json\/wp\/v2\/pages"}],"about":[{"href":"https:\/\/sbrc.sbc.org.br\/2023\/wp-json\/wp\/v2\/types\/page"}],"author":[{"embeddable":true,"href":"https:\/\/sbrc.sbc.org.br\/2023\/wp-json\/wp\/v2\/users\/3"}],"replies":[{"embeddable":true,"href":"https:\/\/sbrc.sbc.org.br\/2023\/wp-json\/wp\/v2\/comments?post=1299"}],"version-history":[{"count":7,"href":"https:\/\/sbrc.sbc.org.br\/2023\/wp-json\/wp\/v2\/pages\/1299\/revisions"}],"predecessor-version":[{"id":1685,"href":"https:\/\/sbrc.sbc.org.br\/2023\/wp-json\/wp\/v2\/pages\/1299\/revisions\/1685"}],"wp:attachment":[{"href":"https:\/\/sbrc.sbc.org.br\/2023\/wp-json\/wp\/v2\/media?parent=1299"}],"curies":[{"name":"wp","href":"https:\/\/api.w.org\/{rel}","templated":true}]}}