{"id":1130,"date":"2023-01-27T15:26:18","date_gmt":"2023-01-27T18:26:18","guid":{"rendered":"http:\/\/sbrc.sbc.org.br\/2023\/?page_id=1130"},"modified":"2023-05-10T10:46:27","modified_gmt":"2023-05-10T13:46:27","slug":"inscricoes","status":"publish","type":"page","link":"https:\/\/sbrc.sbc.org.br\/2023\/inscricoes\/","title":{"rendered":"Inscri\u00e7\u00f5es"},"content":{"rendered":"\n<p><\/p>\n\n\n\n<div class=\"wp-block-buttons is-content-justification-center is-layout-flex wp-container-core-buttons-is-layout-16018d1d wp-block-buttons-is-layout-flex\">\n<div class=\"wp-block-button is-style-fill\" id=\"https:\/\/centraldesistemas.sbc.org.br\/ecos\/sbrc2023\"><a class=\"wp-block-button__link has-background wp-element-button\" href=\"https:\/\/centraldesistemas.sbc.org.br\/ecos\/sbrc2023\" style=\"border-radius:10px;background-color:#2271b1\" target=\"_blank\" rel=\"noreferrer noopener\">Inscreva-se no SBRC 2023<\/a><\/div>\n<\/div>\n\n\n\n<p><\/p>\n\n\n\n<div style=\"height:50px\" aria-hidden=\"true\" class=\"wp-block-spacer\"><\/div>\n\n\n\n<h2 class=\"wp-block-heading\">Inscri\u00e7\u00e3o Promocional<\/h2>\n\n\n\n<figure class=\"wp-block-image size-full is-style-default\"><a href=\"https:\/\/centraldesistemas.sbc.org.br\/ecos\/sbrc2023\" target=\"_blank\" rel=\"noreferrer noopener\"><img loading=\"lazy\" decoding=\"async\" width=\"2224\" height=\"364\" src=\"https:\/\/sbrc.sbc.org.br\/2023\/wp-content\/uploads\/2023\/02\/banner_COMBO.png\" alt=\"\" class=\"wp-image-1394\" srcset=\"https:\/\/sbrc.sbc.org.br\/2023\/wp-content\/uploads\/2023\/02\/banner_COMBO.png 2224w, https:\/\/sbrc.sbc.org.br\/2023\/wp-content\/uploads\/2023\/02\/banner_COMBO-300x49.png 300w, https:\/\/sbrc.sbc.org.br\/2023\/wp-content\/uploads\/2023\/02\/banner_COMBO-1024x168.png 1024w, https:\/\/sbrc.sbc.org.br\/2023\/wp-content\/uploads\/2023\/02\/banner_COMBO-768x126.png 768w, https:\/\/sbrc.sbc.org.br\/2023\/wp-content\/uploads\/2023\/02\/banner_COMBO-1536x251.png 1536w, https:\/\/sbrc.sbc.org.br\/2023\/wp-content\/uploads\/2023\/02\/banner_COMBO-2048x335.png 2048w\" sizes=\"auto, (max-width: 2224px) 100vw, 2224px\" \/><\/a><\/figure>\n\n\n\n<p>Participantes n\u00e3o associados \u00e0 SBC ou associados com anuidade pr\u00f3xima do vencimento podem se associar ou renovar a associa\u00e7\u00e3o junto com a inscri\u00e7\u00e3o, escolhendo as categorias COMBO com um desconto no valor da inscri\u00e7\u00e3o.<\/p>\n\n\n\n<p>As categorias COMBO s\u00e3o a op\u00e7\u00e3o mais vantajosa para os n\u00e3o associados \u00e0 SBC, pois os valores de inscri\u00e7\u00f5es s\u00e3o menores do que as categorias sem combo e incluem a associa\u00e7\u00e3o \u00e0 SBC.<\/p>\n\n\n\n<p>Acesse o <a href=\"https:\/\/www.sbc.org.br\/\" target=\"_blank\" rel=\"noreferrer noopener\">site da SBC <\/a>e veja porqu\u00ea ser associado.<\/p>\n\n\n\n<p>Associar-se \u00e0 SBC \u00e9 uma forma de tornar a SBC ainda mais forte para representar a nossa \u00e1rea de atua\u00e7\u00e3o junto aos diversos setores. Que tal fazer parte da nossa Comunidade?&nbsp;<\/p>\n\n\n\n<p>Alguns benef\u00edcios exclusivos de associado:&nbsp;<\/p>\n\n\n\n<ul class=\"wp-block-list\">\n<li>Acesso \u00e0 rede sem fio <a rel=\"noreferrer noopener\" href=\"http:\/\/www.sbc.org.br\/2-uncategorised\/1945-acesso-a-rede-sem-fio-eduroam-para-associados-da-sbc\" target=\"_blank\">Eduroam<\/a>;<\/li>\n\n\n\n<li>Acesso \u00e0s listas de discuss\u00e3o exclusivas para associados da SBC, com mais de 8 mil&nbsp; inscritos;<\/li>\n\n\n\n<li>Desconto em inscri\u00e7\u00f5es nos mais de <a href=\"https:\/\/centraldesistemas.sbc.org.br\/ecos\">40 eventos<\/a> realizados anualmente pela SBC;<\/li>\n\n\n\n<li>Valor de inscri\u00e7\u00e3o diferenciado no <a rel=\"noreferrer noopener\" href=\"http:\/\/www.sbc.org.br\/index.php?option=com_content&amp;view=article&amp;layout=edit&amp;id=458\" target=\"_blank\">POSCOMP<\/a>;<\/li>\n\n\n\n<li>Acesso aos estudos realizados pela SBC e destinados a \u00f3rg\u00e3os p\u00fablicos ou privados, expressando posi\u00e7\u00f5es pol\u00edticas da Sociedade.<\/li>\n<\/ul>\n\n\n\n<div style=\"height:50px\" aria-hidden=\"true\" class=\"wp-block-spacer\"><\/div>\n\n\n\n<h2 class=\"wp-block-heading\">Valores de Inscri\u00e7\u00e3o<\/h2>\n\n\n\n<p>A taxa de Inscri\u00e7\u00e3o B\u00e1sica cobre a participa\u00e7\u00e3o em todas as atividades do SBRC 2023 e engloba as sess\u00f5es t\u00e9cnicas, palestras, tutoriais, <em>workshops<\/em>, debates e pain\u00e9is do evento.<\/p>\n\n\n\n<h4 class=\"wp-block-heading has-text-color\" style=\"color:#2271b1\"><strong>1.<\/strong> <strong>Estudante de Gradua\u00e7\u00e3o<\/strong><\/h4>\n\n\n\n<figure class=\"wp-block-table table table-bordered is-style-stripes table-center-td\"><table><thead><tr><th>Categoria<\/th><th>1\u00ba&nbsp; Per\u00edodo<br>(At\u00e9 24\/04\/2023)<\/th><th>2\u00ba&nbsp; Per\u00edodo<br>(De 25\/04\/2023 at\u00e9 22\/05\/2023)<\/th><th>3\u00ba&nbsp; Per\u00edodo<br>(Ap\u00f3s 22\/05\/2023)<\/th><\/tr><\/thead><tbody><tr><td>Estudante associado \u00e0 SBC com anuidade vigente<\/td><td>212,00<\/td><td>235,00<\/td><td>254,00<\/td><\/tr><tr><td>Estudante associado \u00e0 SBC com anuidade vencendo em at\u00e9 90 dias<br><em>(Melhor op\u00e7\u00e3o: COMBO inscri\u00e7\u00e3o no evento + renova\u00e7\u00e3o da associa\u00e7\u00e3o \u00e0 SBC)<\/em><\/td><td>240,94<\/td><td>260,94<\/td><td>282,94<\/td><\/tr><tr><td>Estudante n\u00e3o associado ou com associa\u00e7\u00e3o n\u00e3o vigente \u00e0 SBC<br><em>(Melhor op\u00e7\u00e3o: COMBO inscri\u00e7\u00e3o no evento + associa\u00e7\u00e3o \u00e0 SBC)<\/em><\/td><td>240,94<\/td><td>260,94<\/td><td>282,94<\/td><\/tr><tr><td>Estudante n\u00e3o associado \u00e0 SBC<br><em>(Somente inscri\u00e7\u00e3o no evento)<\/em><\/td><td>263,00<\/td><td>285,00<\/td><td>309,00<\/td><\/tr><\/tbody><\/table><\/figure>\n\n\n\n<div style=\"height:20px\" aria-hidden=\"true\" class=\"wp-block-spacer\"><\/div>\n\n\n\n<h4 class=\"wp-block-heading has-text-color\" style=\"color:#2271b1\"><strong>2.<\/strong> <strong>Estudante de P\u00f3s-gradua\u00e7\u00e3o<\/strong><\/h4>\n\n\n\n<figure class=\"wp-block-table is-style-stripes table-center-td\"><table><thead><tr><th>Categoria<\/th><th>1\u00ba&nbsp; Per\u00edodo<br>(At\u00e9 24\/04\/2023)<\/th><th>2\u00ba&nbsp; Per\u00edodo<br>(De 25\/04\/2023 at\u00e9 22\/05\/2023)<\/th><th>3\u00ba&nbsp; Per\u00edodo<br>(Ap\u00f3s 22\/05\/2023)<\/th><\/tr><\/thead><tbody><tr><td>Estudante de p\u00f3s-gradua\u00e7\u00e3o associado \u00e0 SBC com anuidade vigente<\/td><td>212,00<\/td><td>235,00<\/td><td>254,00<\/td><\/tr><tr><td>Estudante de p\u00f3s-gradua\u00e7\u00e3o associado \u00e0 SBC com anuidade vencendo em at\u00e9 90 dias<br><em>(Melhor op\u00e7\u00e3o: COMBO inscri\u00e7\u00e3o no evento + renova\u00e7\u00e3o da associa\u00e7\u00e3o \u00e0 SBC)<\/em><br><br><\/td><td>330,18<\/td><td>350,18<\/td><td>372,18<\/td><\/tr><tr><td>Estudante de p\u00f3s-gradua\u00e7\u00e3o n\u00e3o associado ou com associa\u00e7\u00e3o n\u00e3o vigente \u00e0 SBC <br><em>(Melhor op\u00e7\u00e3o: COMBO inscri\u00e7\u00e3o no evento + associa\u00e7\u00e3o \u00e0 SBC)<br><\/em><\/td><td>330,18<\/td><td>350,18<\/td><td>398,00<\/td><\/tr><tr><td>Estudante de p\u00f3s-gradua\u00e7\u00e3o n\u00e3o associado \u00e0 SBC <br><em>(Somente inscri\u00e7\u00e3o no evento)<\/em><\/td><td>352,00<\/td><td>374,00<\/td><td>\ufeff<\/td><\/tr><\/tbody><\/table><\/figure>\n\n\n\n<div style=\"height:20px\" aria-hidden=\"true\" class=\"wp-block-spacer\"><\/div>\n\n\n\n<p><\/p>\n\n\n\n<h4 class=\"wp-block-heading has-text-color\" style=\"color:#2271b1\"><strong>3. Professor de Educa\u00e7\u00e3o B\u00e1sica<\/strong><\/h4>\n\n\n\n<figure class=\"wp-block-table is-style-stripes table-center-td\"><table><thead><tr><th>Categoria<\/th><th>1\u00ba&nbsp; Per\u00edodo<br>(At\u00e9 24\/04\/2023)<\/th><th>2\u00ba&nbsp; Per\u00edodo<br>(De 25\/04\/2023 at\u00e9 22\/05\/2023)<\/th><th>3\u00ba&nbsp; Per\u00edodo<br>(Ap\u00f3s 22\/05\/2023)<\/th><\/tr><\/thead><tbody><tr><td>Professor de Educa\u00e7\u00e3o B\u00e1sica associado \u00e0 SBC com anuidade vigente<\/td><td>212,00<\/td><td>235,00<\/td><td>254,00<\/td><\/tr><tr><td>Professor de Educa\u00e7\u00e3o B\u00e1sica associado \u00e0 SBC com anuidade vencendo em at\u00e9 90 dias<br><em>(Melhor op\u00e7\u00e3o: COMBO inscri\u00e7\u00e3o no evento + renova\u00e7\u00e3o da associa\u00e7\u00e3o \u00e0 SBC)<\/em><\/td><td>330,18<\/td><td>350,18<\/td><td>372,18<\/td><\/tr><tr><td><em><br><\/em>Professor de Educa\u00e7\u00e3o B\u00e1sica n\u00e3o associado ou com associa\u00e7\u00e3o n\u00e3o vigente \u00e0 SBC<br><em>(Melhor op\u00e7\u00e3o: COMBO inscri\u00e7\u00e3o no evento + associa\u00e7\u00e3o \u00e0 SBC)<\/em><\/td><td>330,18<\/td><td>350,18<\/td><td>372,18<\/td><\/tr><tr><td>Professor de Educa\u00e7\u00e3o B\u00e1sica n\u00e3o associado \u00e0 SBC<br><em>(Somente inscri\u00e7\u00e3o no evento)<\/em><\/td><td>352,00<\/td><td>374,00<\/td><td>398,00<\/td><\/tr><\/tbody><\/table><\/figure>\n\n\n\n<div style=\"height:20px\" aria-hidden=\"true\" class=\"wp-block-spacer\"><\/div>\n\n\n\n<h4 class=\"wp-block-heading has-text-color\" style=\"color:#2271b1\"><strong>4. Profissiona<\/strong>l<\/h4>\n\n\n\n<figure class=\"wp-block-table is-style-stripes table-center-td\"><table><thead><tr><th>Categoria<\/th><th>1\u00ba&nbsp; Per\u00edodo<br>(At\u00e9 24\/04\/2023)<\/th><th>2\u00ba&nbsp; Per\u00edodo<br>(De 25\/04\/2023 at\u00e9 22\/05\/2023)<\/th><th>3\u00ba&nbsp; Per\u00edodo<br>(Ap\u00f3s 22\/05\/2023)<\/th><\/tr><\/thead><tbody><tr><td>Profissional associado \u00e0 SBC com anuidade vigente<\/td><td>434,00<\/td><td>454,00<\/td><td>476,00<\/td><\/tr><tr><td>Profissional associado \u00e0 SBC com anuidade vencendo em at\u00e9 90 dias<br><em>(Melhor op\u00e7\u00e3o:<br>COMBO inscri\u00e7\u00e3o no evento + renova\u00e7\u00e3o da associa\u00e7\u00e3o \u00e0 SBC)<\/em><\/td><td>770,48<\/td><td>790,48<\/td><td>812,48<\/td><\/tr><tr><td>Profissional n\u00e3o associado ou com associa\u00e7\u00e3o n\u00e3o vigente \u00e0 SBC<br><em>(Melhor op\u00e7\u00e3o: COMBO inscri\u00e7\u00e3o no evento + associa\u00e7\u00e3o \u00e0 SBC)<\/em><\/td><td>770,48<\/td><td>790,48<\/td><td>812,48<\/td><\/tr><tr><td>Profissional n\u00e3o associado \u00e0 SBC<br><em>(Somente inscri\u00e7\u00e3o no evento)<\/em><\/td><td>814,00<\/td><td>836,00<\/td><td>861,00<\/td><\/tr><\/tbody><\/table><\/figure>\n\n\n\n<div style=\"height:20px\" aria-hidden=\"true\" class=\"wp-block-spacer\"><\/div>\n\n\n\n<h4 class=\"wp-block-heading has-text-color\" style=\"color:#2271b1\"><strong>5. Inscri\u00e7\u00e3o exclusiva em Workshop da Rede Nacional de Ensino e Pesquisa (WRNP)<\/strong><\/h4>\n\n\n\n<p>O WRNP \u00e9 um evento paralelo ao SBRC. Caso tenha interesse, poder\u00e1 se inscrever exclusivamente no WRNP, mediante o pagamento da taxa de inscri\u00e7\u00e3o abaixo. No entanto, esta op\u00e7\u00e3o n\u00e3o concede acesso ao SBRC e atividades relacionadas.<\/p>\n\n\n\n<p><\/p>\n\n\n\n<figure class=\"wp-block-table aligncenter is-style-stripes\"><table><thead><tr><th class=\"has-text-align-center\" data-align=\"center\">Pre\u00e7o \u00fanico<\/th><\/tr><\/thead><tbody><tr><td class=\"has-text-align-center\" data-align=\"center\">235,00<\/td><\/tr><\/tbody><\/table><\/figure>\n\n\n\n<div style=\"height:50px\" aria-hidden=\"true\" class=\"wp-block-spacer\"><\/div>\n\n\n\n<h2 class=\"wp-block-heading\">Formas de Pagamento<\/h2>\n\n\n\n<p>O pagamento de inscri\u00e7\u00f5es poder\u00e1 ser realizado por meio de boleto banc\u00e1rio, cart\u00e3o de cr\u00e9dito, d\u00e9bito em conta do Banco do Brasil, nota de empenho ou faturamento.&nbsp;<\/p>\n\n\n\n<p>As inscri\u00e7\u00f5es podem ser feitas at\u00e9 o \u00faltimo dia do evento, por\u00e9m, os pagamentos por d\u00e9bito e boleto ser\u00e3o aceitas at\u00e9 o dia <strong>17\/05\/2023<\/strong>.<\/p>\n\n\n\n<p>Os estudantes dever\u00e3o submeter o atestado de matr\u00edcula atualizado no momento da inscri\u00e7\u00e3o para terem direito aos valores reduzidos.<\/p>\n\n\n\n<div style=\"height:20px\" aria-hidden=\"true\" class=\"wp-block-spacer\"><\/div>\n\n\n\n<h4 class=\"wp-block-heading\"><strong>Inscri\u00e7\u00f5es por nota de empenho e faturamento:&nbsp;<\/strong><\/h4>\n\n\n\n<p>O participante dever\u00e1 acessar o sistema de inscri\u00e7\u00f5es e realizar a inscri\u00e7\u00e3o, selecionando a forma de pagamento &#8220;nota de empenho&#8221; ou &#8220;faturamento&#8221; e clicar em &#8220;pagar&#8221;. O sistema fornecer\u00e1 as informa\u00e7\u00f5es necess\u00e1rias para que a inscri\u00e7\u00e3o seja confirmada.<\/p>\n\n\n\n<div style=\"height:49px\" aria-hidden=\"true\" class=\"wp-block-spacer\"><\/div>\n\n\n\n<h2 class=\"wp-block-heading\">Inscri\u00e7\u00e3o para Autores<\/h2>\n\n\n\n<p>Pelo menos um dos autores deve realizar o pagamento da taxa de inscri\u00e7\u00e3o, juntamente com a taxa de publica\u00e7\u00e3o de cada artigo aceito para garantir a publica\u00e7\u00e3o de trabalhos aceitos nos anais do SBRC 2023. O valor da taxa de publica\u00e7\u00e3o \u00e9 de <strong>R$ 80,00 (Sessenta reais)<\/strong> <strong>por artigo<\/strong>.<\/p>\n\n\n\n<p>A inscri\u00e7\u00e3o juntamente com a taxa de publica\u00e7\u00e3o \u00e9 necess\u00e1ria para todas as atividades: trilha principal, minicursos, concurso de teses e disserta\u00e7\u00f5es, sal\u00e3o de ferramentas e <em>workshops<\/em>.<\/p>\n\n\n\n<p>Pelo menos um dos autores deve estar com inscri\u00e7\u00e3o confirmada e paga na confer\u00eancia at\u00e9 as seguintes datas: Dia <strong>12\/04\/2023<\/strong> para os autores de trilha principal, minicursos, sal\u00e3o de ferramentas e concurso de teses e disserta\u00e7\u00f5es; e dia <strong>15\/05\/2023<\/strong> para autores de trabalhos em <em>workshops<\/em>. Caso o autor j\u00e1 possua inscri\u00e7\u00e3o no SBRC 2023, pode apenas acrescentar na inscri\u00e7\u00e3o a taxa de publica\u00e7\u00e3o de cada artigo aceito em <em>workshop<\/em>. Neste caso, solicitamos ainda que o autor inscrito fa\u00e7a um upload para o JEMS do comprovante de pagamento da inscri\u00e7\u00e3o e taxa de publica\u00e7\u00e3o.<\/p>\n\n\n\n<p>Al\u00e9m do pagamento da inscri\u00e7\u00e3o, a apresenta\u00e7\u00e3o do trabalho \u00e9 obrigat\u00f3ria, sob risco do trabalho ser exclu\u00eddo dos anais do SBRC 2023 e do Portal de Conte\u00fados da SBC, caso n\u00e3o seja apresentado.<\/p>\n\n\n\n<p>\u00c9 necess\u00e1ria tamb\u00e9m a assinatura e o envio do Termo de Autoriza\u00e7\u00e3o de Publica\u00e7\u00e3o da Sociedade Brasileira de Computa\u00e7\u00e3o (SBC), al\u00e9m dos trabalhos estarem de acordo com as instru\u00e7\u00f5es espec\u00edficas de cada atividade do SBRC definidas nas respectivas chamadas.<\/p>\n\n\n\n<div style=\"height:50px\" aria-hidden=\"true\" class=\"wp-block-spacer\"><\/div>\n\n\n\n<h2 class=\"wp-block-heading\">Pol\u00edtica de Cancelamento<\/h2>\n\n\n\n<p>At\u00e9 dia <strong>22\/04\/2023<\/strong> pode-se fazer uma <strong>devolu\u00e7\u00e3o de 60%<\/strong> do valor pago pela inscri\u00e7\u00e3o no XLI Simp\u00f3sio Brasileiro de Redes de Computadores e Sistemas Distribu\u00eddos (SBRC 2023). Ap\u00f3s esta data, n\u00e3o haver\u00e1 devolu\u00e7\u00e3o de qualquer valor pago. A pol\u00edtica se aplica tanto para o cancelamento da inscri\u00e7\u00e3o, quanto para o cancelamento de qualquer atividade adicional. Para solicitar o cancelamento, enviar a solicita\u00e7\u00e3o para <a rel=\"noreferrer noopener\" href=\"mailto:faturamento@sbc.org.br\" target=\"_blank\">faturamento@sbc.org.br<\/a>.<\/p>\n\n\n\n<div style=\"height:50px\" aria-hidden=\"true\" class=\"wp-block-spacer\"><\/div>\n\n\n\n<div style=\"height:50px\" aria-hidden=\"true\" class=\"wp-block-spacer\"><\/div>\n\n\n\n<div class=\"wp-block-buttons is-content-justification-center is-layout-flex wp-container-core-buttons-is-layout-16018d1d wp-block-buttons-is-layout-flex\">\n<div class=\"wp-block-button is-style-fill\" id=\"https:\/\/centraldesistemas.sbc.org.br\/ecos\/sbrc2023\"><a class=\"wp-block-button__link wp-element-button\" href=\"https:\/\/centraldesistemas.sbc.org.br\/ecos\/sbrc2023\" style=\"border-radius:10px\" target=\"_blank\" rel=\"noreferrer noopener\">Inscreva-se no SBRC 2023<\/a><\/div>\n<\/div>\n","protected":false},"excerpt":{"rendered":"<p>Inscri\u00e7\u00e3o Promocional Participantes n\u00e3o associados \u00e0 SBC ou associados com anuidade pr\u00f3xima do vencimento podem se associar ou renovar a associa\u00e7\u00e3o junto com a inscri\u00e7\u00e3o, escolhendo as categorias COMBO com um desconto no valor da inscri\u00e7\u00e3o. As categorias COMBO s\u00e3o a op\u00e7\u00e3o mais vantajosa para os n\u00e3o associados \u00e0 SBC, pois os valores de inscri\u00e7\u00f5es [&hellip;]<\/p>\n","protected":false},"author":3,"featured_media":0,"parent":0,"menu_order":0,"comment_status":"closed","ping_status":"closed","template":"","meta":{"footnotes":""},"class_list":["post-1130","page","type-page","status-publish","hentry"],"_links":{"self":[{"href":"https:\/\/sbrc.sbc.org.br\/2023\/wp-json\/wp\/v2\/pages\/1130","targetHints":{"allow":["GET"]}}],"collection":[{"href":"https:\/\/sbrc.sbc.org.br\/2023\/wp-json\/wp\/v2\/pages"}],"about":[{"href":"https:\/\/sbrc.sbc.org.br\/2023\/wp-json\/wp\/v2\/types\/page"}],"author":[{"embeddable":true,"href":"https:\/\/sbrc.sbc.org.br\/2023\/wp-json\/wp\/v2\/users\/3"}],"replies":[{"embeddable":true,"href":"https:\/\/sbrc.sbc.org.br\/2023\/wp-json\/wp\/v2\/comments?post=1130"}],"version-history":[{"count":115,"href":"https:\/\/sbrc.sbc.org.br\/2023\/wp-json\/wp\/v2\/pages\/1130\/revisions"}],"predecessor-version":[{"id":2796,"href":"https:\/\/sbrc.sbc.org.br\/2023\/wp-json\/wp\/v2\/pages\/1130\/revisions\/2796"}],"wp:attachment":[{"href":"https:\/\/sbrc.sbc.org.br\/2023\/wp-json\/wp\/v2\/media?parent=1130"}],"curies":[{"name":"wp","href":"https:\/\/api.w.org\/{rel}","templated":true}]}}