{"id":1092,"date":"2023-01-24T22:40:12","date_gmt":"2023-01-25T01:40:12","guid":{"rendered":"https:\/\/sbrc.sbc.org.br\/2023\/?page_id=1092"},"modified":"2023-05-22T11:44:38","modified_gmt":"2023-05-22T14:44:38","slug":"workshop-wtf","status":"publish","type":"page","link":"https:\/\/sbrc.sbc.org.br\/2023\/workshop-wtf\/","title":{"rendered":"WTF &#8211; XXIV Workshop de Testes e Toler\u00e2ncia a Falhas"},"content":{"rendered":"\n<h1 class=\"wp-block-heading\">&nbsp;<\/h1>\n\n\n\n<h1 class=\"wp-block-heading\">Apresenta\u00e7\u00e3o<\/h1>\n\n\n\n<p>A \u00e1rea de pesquisa em testes e toler\u00e2ncia a falhas visa desenvolver teoria e t\u00e9cnicas para a constru\u00e7\u00e3o de sistemas computacionais confi\u00e1veis e de alta disponibilidade. Neste sentido, o <em>Workshop de Testes e Toler\u00e2ncia a Falhas (WTF)<\/em> tem sido nos \u00faltimos 23 anos o principal f\u00f3rum nacional para discuss\u00f5es e troca de ideias sobre trabalhos te\u00f3ricos e pr\u00e1ticos relacionados a testes e a toler\u00e2ncia a falhas desenvolvidos tanto na academia quanto na ind\u00fastria.<\/p>\n\n\n\n<p>Nesta edi\u00e7\u00e3o, al\u00e9m de abordar temas e pesquisas tradicionais na \u00e1rea, o workshop pretende abordar os desafios introduzidos por novas tecnologias e t\u00e9cnicas de desenvolvimento para sistemas, como <em>Blockchain<\/em>, Internet descentralizada, testes e toler\u00e2ncia a falhas em redes 5G, futuras redes 6G e engenharia de confiabilidade de sites (SRE).<\/p>\n\n\n\n<h1 class=\"wp-block-heading\"><\/h1>\n\n\n\n<div style=\"height:70px\" aria-hidden=\"true\" class=\"wp-block-spacer\"><\/div>\n\n\n\n<h1 class=\"wp-block-heading\">Programa\u00e7\u00e3o<\/h1>\n\n\n\n<p>Todas as sess\u00f5es t\u00e9cnicas ser\u00e3o compostas pelo apresenta\u00e7\u00e3o oral dos artigos por um dos autores. As apresenta\u00e7\u00f5es ter\u00e3o no m\u00e1ximo 15 minutos, sendo disponibilizados 5 minutos para perguntas. A programa\u00e7\u00e3o conta tamb\u00e9m com uma palestra acad\u00eamica e um f\u00f3rum de discuss\u00e3o conduzido pela <em>Comiss\u00e3o Especial de Sistemas Tolerantes a Falhas (CE-TF) da SBC<\/em>.<\/p>\n\n\n\n<div style=\"height:30px\" aria-hidden=\"true\" class=\"wp-block-spacer\"><\/div>\n\n\n\n<h4 class=\"wp-block-heading\"><strong>Abertura<\/strong><\/h4>\n\n\n\n<p class=\"has-text-color\" style=\"color:#004190\"><strong>Data\/Hor\u00e1rio:<\/strong> Sexta-feira (26\/05) &#8211; 08:30 \u00e0s 08:40<\/p>\n\n\n\n<p class=\"has-text-color\" style=\"color:#004190\"><strong>Local: <\/strong>Sala B<\/p>\n\n\n\n<ul class=\"wp-block-list\">\n<li>Boas-vindas e in\u00edcio dos trabalhos.<\/li>\n<\/ul>\n\n\n\n<p><\/p>\n\n\n\n<div style=\"height:30px\" aria-hidden=\"true\" class=\"wp-block-spacer\"><\/div>\n\n\n\n<h4 class=\"wp-block-heading\"><strong>Sess\u00e3o T\u00e9cnica 1: Toler\u00e2ncia a Falhas e Intrus\u00f5es<\/strong><\/h4>\n\n\n\n<p class=\"has-text-color\" style=\"color:#004190\"><strong><strong>Data\/Hor\u00e1rio<\/strong>:<\/strong> Sexta-feira (26\/05) &#8211; 08:40 \u00e0s 10:00<\/p>\n\n\n\n<p class=\"has-text-color\" style=\"color:#004190\"><strong>Local:<\/strong> Sala B<\/p>\n\n\n\n<ul class=\"wp-block-list\">\n<li><strong>Servi\u00e7os Virtualizados de Rede Confi\u00e1veis: Uma Arquitetura para SFCs Tolerantes a Falhas e Intrus\u00e3o<\/strong>\n<ul class=\"wp-block-list\">\n<li>Giovanni Ven\u00e2ncio (UFPR)<\/li>\n\n\n\n<li>Vin\u00edcius F\u00fclber Garcia (UFPR)<\/li>\n\n\n\n<li>Eduardo Alchieri (UnB)<\/li>\n\n\n\n<li>Elias P. Duarte Jr. (UFPR)<\/li>\n<\/ul>\n<\/li>\n<\/ul>\n\n\n\n<p><\/p>\n\n\n\n<ul class=\"wp-block-list\">\n<li><strong>Checkpointing Techniques in Distributed Systems: A Synopsis of Diverse Strategies Over the Last Decades<\/strong>\n<ul class=\"wp-block-list\">\n<li>Henrique Dos Santos Goulart (UFSC)<\/li>\n\n\n\n<li>Alvaro J. P. Franco (UFSC)<\/li>\n\n\n\n<li>Odorico M. Mendizabal (UFSC)<\/li>\n<\/ul>\n<\/li>\n<\/ul>\n\n\n\n<p><\/p>\n\n\n\n<ul class=\"wp-block-list\">\n<li><strong>Utilizando o vCube para Detec\u00e7\u00e3o de Falhas em Sistemas Ass\u00edncronos<\/strong>\n<ul class=\"wp-block-list\">\n<li>Gabriela Stein (UNIOESTE)<\/li>\n\n\n\n<li>Luiz A. Rodrigues (UNIOESTE)<\/li>\n\n\n\n<li>Elias P. Duarte Jr. (UFPR)<\/li>\n<\/ul>\n<\/li>\n<\/ul>\n\n\n\n<p><\/p>\n\n\n\n<ul class=\"wp-block-list\">\n<li><strong>vCube-CD: Armazenamento Distribu\u00eddo e El\u00e1stico de Dados no vCube com Ajuste Auton\u00f4mico de Dimens\u00f5es<\/strong>\n<ul class=\"wp-block-list\">\n<li>Jheferson Borges (UFPR)<\/li>\n\n\n\n<li>Elias P. Duarte Jr. (UFPR)<\/li>\n<\/ul>\n<\/li>\n<\/ul>\n\n\n\n<div style=\"height:30px\" aria-hidden=\"true\" class=\"wp-block-spacer\"><\/div>\n\n\n\n<h4 class=\"wp-block-heading has-text-color\" style=\"color:#004190\"><strong>Palestra Acad\u00eamica&nbsp;<\/strong>(Mais detalhes abaixo)<\/h4>\n\n\n\n<p class=\"has-text-color\" style=\"color:#004190\"><strong><strong>Data\/Hor\u00e1rio<\/strong>:<\/strong> Sexta-feira (26\/05) &#8211; 10:30 \u00e0s 11:30<\/p>\n\n\n\n<p class=\"has-text-color\" style=\"color:#004190\"><strong>Local:<\/strong> Sala B<\/p>\n\n\n\n<ul class=\"wp-block-list\">\n<li><strong>T\u00edtulo: <\/strong>A Influ\u00eancia da Topologia da Rede e Reputa\u00e7\u00e3o dos N\u00f3s no Consenso em Plataformas Blockchain\n<ul class=\"wp-block-list\">\n<li>Diogo Menezes Ferrazani Mattos (UFF)<\/li>\n<\/ul>\n<\/li>\n<\/ul>\n\n\n\n<div style=\"height:30px\" aria-hidden=\"true\" class=\"wp-block-spacer\"><\/div>\n\n\n\n<h4 class=\"wp-block-heading\"><strong>Sess\u00e3o T\u00e9cnica 2: Algoritmos Distribu\u00eddos e Blockchain<\/strong><\/h4>\n\n\n\n<p class=\"has-text-color\" style=\"color:#004190\"><strong><strong>Data\/Hor\u00e1rio<\/strong>:<\/strong> Sexta-feira (26\/05) &#8211; 11:30 \u00e0s 12:30<\/p>\n\n\n\n<p class=\"has-text-color\" style=\"color:#004190\"><strong>Local:<\/strong> Sala B<\/p>\n\n\n\n<ul class=\"wp-block-list\">\n<li><strong>Evolving Paxos for the Non-Malicious Arbitrary Model<\/strong>\n<ul class=\"wp-block-list\">\n<li>Enrique dos Santos (UFSCar)<\/li>\n\n\n\n<li>Rodrigo Barbieri (UFSCar)<\/li>\n\n\n\n<li>Gustavo Maciel Dias Vieira (UFSCar)<\/li>\n<\/ul>\n<\/li>\n<\/ul>\n\n\n\n<p><\/p>\n\n\n\n<ul class=\"wp-block-list\">\n<li><strong>Daisy Chain Cast &#8211; um protocolo para Multicast At\u00f4mico<\/strong>\n<ul class=\"wp-block-list\">\n<li>Carlos Renan Louzada (PUCRS)<\/li>\n\n\n\n<li>Fernando Lu\u00eds Dotti (PUCRS)<\/li>\n<\/ul>\n<\/li>\n<\/ul>\n\n\n\n<p><\/p>\n\n\n\n<ul class=\"wp-block-list\">\n<li><strong>Utiliza\u00e7\u00e3o de Grafos de Nilcatenation na Identifica\u00e7\u00e3o de Transa\u00e7\u00f5es para Pruning em Blockchains<\/strong>\n<ul class=\"wp-block-list\">\n<li>Igor da Silva Bono (UnB)<\/li>\n\n\n\n<li>Eduardo Alchieri (UnB)<\/li>\n<\/ul>\n<\/li>\n<\/ul>\n\n\n\n<div style=\"height:30px\" aria-hidden=\"true\" class=\"wp-block-spacer\"><\/div>\n\n\n\n<h4 class=\"wp-block-heading\"><strong>Sess\u00e3o T\u00e9cnica 3: Teste de Desempenho (<em>Benchmarking<\/em>), Modelagem e Arquiteturas para Alta Disponibilidade<\/strong><\/h4>\n\n\n\n<p class=\"has-text-color\" style=\"color:#004190\"><strong><strong>Data\/Hor\u00e1rio<\/strong>:<\/strong> Sexta-feira (26\/05) &#8211; 14:00 \u00e0s 15:30<\/p>\n\n\n\n<p class=\"has-text-color\" style=\"color:#004190\"><strong>Local:<\/strong> Sala B<\/p>\n\n\n\n<ul class=\"wp-block-list\">\n<li><strong>Avalia\u00e7\u00e3o de Desempenho de Migra\u00e7\u00e3o ao Vivo de Cont\u00eaineres com Redes de Petri Estoc\u00e1sticas<\/strong>\n<ul class=\"wp-block-list\">\n<li>Leonel Feitosa Correia (UFPI)<\/li>\n\n\n\n<li>Paulo Antonio Leal Rego (UFC)<\/li>\n\n\n\n<li>Francisco Airton Silva (UFPI)<\/li>\n<\/ul>\n<\/li>\n<\/ul>\n\n\n\n<p><\/p>\n\n\n\n<ul class=\"wp-block-list\">\n<li><strong>Performance Efficiency Evaluation based on ISO\/IEC 25010:2011 applied to a Case Study on Load Balance and Resilient<\/strong>\n<ul class=\"wp-block-list\">\n<li>Diego Pereira (IMD\/IFRN)<\/li>\n\n\n\n<li>Lucas Felipe Vital Bezerra (UFRN)<\/li>\n\n\n\n<li>Jacyana Nunes (UFRN)<\/li>\n\n\n\n<li>Itamir de Morais Barroca Filho (UFRN)<\/li>\n\n\n\n<li>Frederico Lopes (UFRN)<\/li>\n<\/ul>\n<\/li>\n<\/ul>\n\n\n\n<p><\/p>\n\n\n\n<ul class=\"wp-block-list\">\n<li><strong>Benchmark TPC-C Aplicado em Replica\u00e7\u00e3o M\u00e1quina de Estados<\/strong>\n<ul class=\"wp-block-list\">\n<li>Kayel Serafim (PUCRS)<\/li>\n\n\n\n<li>Eduardo Alchieri (UnB)<\/li>\n\n\n\n<li>Fernando Lu\u00eds Dotti (PUCRS)<\/li>\n<\/ul>\n<\/li>\n<\/ul>\n\n\n\n<p><\/p>\n\n\n\n<ul class=\"wp-block-list\">\n<li><strong>Combinando Abordagens de Balanceamento de R\u00e9plicas Proativo e Reativo no HDFS<\/strong>\n<ul class=\"wp-block-list\">\n<li>Rhauani W. Fazul (UFSC)<\/li>\n\n\n\n<li>Odorico M. Mendizabal (UFSC)<\/li>\n\n\n\n<li>Patricia Pitthan Barcelos (UFSM)<\/li>\n<\/ul>\n<\/li>\n<\/ul>\n\n\n\n<div style=\"height:30px\" aria-hidden=\"true\" class=\"wp-block-spacer\"><\/div>\n\n\n\n<h4 class=\"wp-block-heading\"><strong>Sess\u00e3o 4: Comiss\u00e3o Especial de Toler\u00e2ncia a Falhas (CE-TF)<\/strong><\/h4>\n\n\n\n<p class=\"has-text-color\" style=\"color:#004190\"><strong><strong>Data\/Hor\u00e1rio<\/strong>:<\/strong> Sexta-feira (26\/05) &#8211; 16:00 \u00e0s 17:30<\/p>\n\n\n\n<p class=\"has-text-color\" style=\"color:#004190\"><strong>Local:<\/strong> Sala B<\/p>\n\n\n\n<ul class=\"wp-block-list\">\n<li>Discuss\u00f5es e encaminhamentos sobre toler\u00e2ncia a falhas no Brasil<\/li>\n<\/ul>\n\n\n\n<div style=\"height:70px\" aria-hidden=\"true\" class=\"wp-block-spacer\"><\/div>\n\n\n\n<h1 class=\"wp-block-heading has-text-align-center has-colibri-color-6-color has-text-color\"><strong>Saiba mais sobre a Palestra<\/strong><\/h1>\n\n\n\n<p><\/p>\n\n\n\n<div style=\"height:20px\" aria-hidden=\"true\" class=\"wp-block-spacer\"><\/div>\n\n\n<div class=\"wp-block-image is-style-rounded\">\n<figure class=\"aligncenter size-full is-resized\"><img loading=\"lazy\" decoding=\"async\" src=\"https:\/\/sbrc.sbc.org.br\/2023\/wp-content\/uploads\/2023\/05\/Diogo-Ferrazani_2.jpg\" alt=\"\" class=\"wp-image-2736\" width=\"220\" height=\"200\"\/><\/figure>\n<\/div>\n\n\n<h5 class=\"wp-block-heading has-text-align-center\">Diogo Menezes Ferrazani Mattos<\/h5>\n\n\n\n<h5 class=\"wp-block-heading has-text-align-center\">Professor &#8211; Universidade Federal Fluminense<\/h5>\n\n\n\n<div style=\"height:20px\" aria-hidden=\"true\" class=\"wp-block-spacer\"><\/div>\n\n\n\n<h5 class=\"wp-block-heading has-text-align-center\"><em><strong>T\u00edtulo:&nbsp;A Influ\u00eancia da Topologia da Rede e Reputa\u00e7\u00e3o dos N\u00f3s no Consenso em Plataformas Blockchain<\/strong><\/em><\/h5>\n\n\n\n<div style=\"height:20px\" aria-hidden=\"true\" class=\"wp-block-spacer\"><\/div>\n\n\n\n<h5 class=\"wp-block-heading\">Abstract<\/h5>\n\n\n\n<p>Mecanismos de consenso em plataformas <em>blockchain<\/em> permitem que pares concordem com o estado global da cadeia sem a necessidade de haver confian\u00e7a m\u00fatua. Em plataformas <em>blockchain<\/em> p\u00fablicas, os mecanismos de consenso tendem a ser limitados pela baixa efici\u00eancia e alto consumo de energia. As plataformas privadas de <em>blockchain<\/em> tendem a aplicar mecanismos de consenso determin\u00edsticos como uma alternativa mais eficiente ao consenso baseado em provas de comprometimento de recursos. Mecanismos determin\u00edsticos toleram dois tipos de falhas, Bizantina e de parada. O consenso tolerante a falhas bizantinas assume suposi\u00e7\u00f5es restritivas de tempo e n\u00famero de falhas para garantir a validade, enquanto o t\u00e9rmino depende da transmiss\u00e3o das mensagens na rede. Os mecanismos de consenso tolerantes a falhas de parada induzem menor sobrecarga e termina\u00e7\u00e3o mais r\u00e1pida do que os mecanismos tolerantes a falhas bizantinas ao custo de n\u00e3o tolerarem comportamentos maliciosos.\u00a0 Esta palestra apresenta diferentes topologias de sobreposi\u00e7\u00e3o para avaliar um mecanismo de consenso hipot\u00e9tico baseado na vota\u00e7\u00e3o em vizinhan\u00e7a com transmiss\u00e3o de mensagem confi\u00e1vel. Os modelos de vizinhan\u00e7a aplicados na rede de sobrecamada permitem relaxar o compromisso entre acordo e termina\u00e7\u00e3o. Certos modelos de vizinhan\u00e7a garantem maior n\u00famero de n\u00f3s alcan\u00e7ados no momento de atingir o limite de votos para o consenso, com menor custo de troca de mensagens, enquanto proporciona menor toler\u00e2ncia a falhas. Outros modelos tendem a alcan\u00e7ar um menor n\u00famero de n\u00f3s em acordo, enquanto aumentam a toler\u00e2ncia a falhas. Por fim, apresenta-se o\u00a0 mecanismo <em>Blockchain Reputation-Based Consensus (BRBC)<\/em> no qual um n\u00f3 deve ter a pontua\u00e7\u00e3o de reputa\u00e7\u00e3o maior que um limite de confian\u00e7a predeterminado na rede antes de poder inserir um novo bloco na cadeia. Um conjunto de ju\u00edzes selecionados aleatoriamente monitora o comportamento de cada n\u00f3 envolvido no consenso e atualiza a pontua\u00e7\u00e3o de reputa\u00e7\u00e3o do n\u00f3.\u00a0 Os resultados mostram que o BRBC \u00e9 eficiente para expulsar todos os n\u00f3s que atuam com mais de 50% de a\u00e7\u00f5es maliciosas na rede.<\/p>\n\n\n\n<div style=\"height:20px\" aria-hidden=\"true\" class=\"wp-block-spacer\"><\/div>\n\n\n\n<h5 class=\"wp-block-heading\">Bio<\/h5>\n\n\n\n<p>Diogo Menezes Ferrazani Mattos \u00e9 professor do Departamento de Engenharia de Telecomunica\u00e7\u00f5es (TET), na Escola de Engenharia (TCE) da Universidade Federal Fluminense (UFF). Diogo \u00e9 Doutor em Engenharia El\u00e9trica pela Universidade Federal do Rio de Janeiro (COPPE \/ UFRJ), 2017. Entre 2015 e 2016, foi bolsista de doutorado sandu\u00edche no <em>Laboratoire d\u2019Informatique de Paris 6 (LIP6)<\/em>, na Sorbonne Universit\u00e9, campus <em>Pierre et Marie Curie<\/em>, em Paris.\u00a0 Concluiu o mestrado em Engenharia El\u00e9trica pela COPPE\/UFRJ em 2012 e recebeu diploma Magna cum Laude de Engenheiro da Computa\u00e7\u00e3o e Informa\u00e7\u00e3o pela Poli\/UFRJ em 2011. Em 2017, foi p\u00f3s-doutorando do Programa de Engenharia El\u00e9trica na Universidade Federal do Rio de Janeiro. Em novembro de 2021 foi Professor Convidado do <em>Laboratoire d\u2019Informatique de Paris 6 (LIP6)<\/em>, na <em>Sorbonne Universit\u00e9<\/em>, em Paris. Desde 2022, Diogo est\u00e1 como Chefe do\u00a0 Departamento de Engenharia de Telecomunica\u00e7\u00f5es (TET) da UFF. Atualmente, \u00e9 bolsista de produtividade cient\u00edfica do CNPq (PQ-2) e bolsista do programa Jovem Cientista do Nosso Estado (JCNE) pela FAPERJ. Suas publica\u00e7\u00f5es e interesses de pesquisa contemplam as \u00e1reas de seguran\u00e7a em redes, redes de nova gera\u00e7\u00e3o, virtualiza\u00e7\u00e3o,\u00a0<em>softwarized networks<\/em>\u00a0e aprendizado de m\u00e1quina.<\/p>\n\n\n\n<div style=\"height:50px\" aria-hidden=\"true\" class=\"wp-block-spacer\"><\/div>\n\n\n\n<h1 class=\"wp-block-heading\">Datas Importantes<\/h1>\n\n\n\n<ul class=\"wp-block-list\">\n<li>Submiss\u00e3o de artigos: <s>13\/03\/2023<\/s> 27\/03\/2023<\/li>\n\n\n\n<li>Comunica\u00e7\u00e3o de resultados: 10\/04\/2023<\/li>\n\n\n\n<li>Envio da vers\u00e3o final: 15\/04\/2023<\/li>\n<\/ul>\n\n\n\n<div style=\"height:50px\" aria-hidden=\"true\" class=\"wp-block-spacer\"><\/div>\n\n\n\n<h1 class=\"wp-block-heading\">T\u00f3picos de Interesse<\/h1>\n\n\n\n<p>Pesquisadores s\u00e3o convidados a submeter trabalhos que abordam pesquisas relacionadas com testes e toler\u00e2ncia a falhas. Autores que possuam trabalhos com resultados preliminares ou trabalhos em andamento tamb\u00e9m s\u00e3o encorajados a submeter artigos. A lista n\u00e3o exaustiva de t\u00f3picos de interesse para o WTF \u00e9 a seguinte:<\/p>\n\n\n\n<ul class=\"wp-block-list\">\n<li>Algoritmos Distribu\u00eddos<\/li>\n\n\n\n<li>Arquiteturas para Alta Disponibilidade de <em>Hardware<\/em> e <em>Software<\/em><\/li>\n\n\n\n<li>Banco de Dados Distribu\u00eddos Tolerantes a Falhas<\/li>\n\n\n\n<li><em>Clusters<\/em> de Alta Disponibilidade<\/li>\n\n\n\n<li>Confiabilidade de Grades e Nuvens Computacionais<\/li>\n\n\n\n<li>Confiabilidade, seguran\u00e7a e testes em Virtualiza\u00e7\u00e3o<\/li>\n\n\n\n<li>Sistemas adaptativos e auton\u00f4micos<\/li>\n\n\n\n<li>Confiabilidade em Computa\u00e7\u00e3o M\u00f3vel e Embarcada<\/li>\n\n\n\n<li>Ferramentas e Automa\u00e7\u00e3o de Testes<\/li>\n\n\n\n<li>T\u00e9cnicas de Toler\u00e2ncia a falhas em Linguagens de Programa\u00e7\u00e3o<\/li>\n\n\n\n<li>M\u00e9todos Anal\u00edticos para Determina\u00e7\u00e3o de Confiabilidade<\/li>\n\n\n\n<li>Robustez de <em>Middleware<\/em>, Servi\u00e7os Web e Arquiteturas de Microsservi\u00e7os<\/li>\n\n\n\n<li>Comunica\u00e7\u00e3o em Grupo, <em>Multicast<\/em> e Roteamento<\/li>\n\n\n\n<li>Confiabilidade de Redes P2P, M\u00f3veis e <em>Ad Hoc<\/em><\/li>\n\n\n\n<li>Detec\u00e7\u00e3o e Recupera\u00e7\u00e3o de falhas<\/li>\n\n\n\n<li>Seguran\u00e7a Cr\u00edtica (<em>Safety<\/em>)<\/li>\n\n\n\n<li>T\u00e9cnicas de Toler\u00e2ncia a falhas para Sistemas Operacionais<\/li>\n\n\n\n<li>Sistemas de Tempo Real<\/li>\n\n\n\n<li>T\u00e9cnicas\/Gera\u00e7\u00e3o de Dados de Teste<\/li>\n\n\n\n<li>Toler\u00e2ncia a Intrus\u00f5es<\/li>\n\n\n\n<li>Toler\u00e2ncia a Falhas<\/li>\n\n\n\n<li>Valida\u00e7\u00e3o Experimental e Simula\u00e7\u00e3o<\/li>\n\n\n\n<li>Testes de Desempenho (<em>benchmarking<\/em>)<\/li>\n\n\n\n<li>Blockchain, Registros Distribu\u00eddos (DLT) e Internet Descentralizada<\/li>\n\n\n\n<li>Confiabilidade em Sistemas Ciber-f\u00edsicos (CPS) e Ciber-humanos (CHS)<\/li>\n\n\n\n<li>Testes e toler\u00e2ncia a falhas em Internet das Coisas, Cidades Inteligentes, Ind\u00fastria 4.0 e Agricultura Inteligente<\/li>\n\n\n\n<li>Confiabilidade em sistemas de aprendizado de m\u00e1quina e intelig\u00eancia artificial<\/li>\n\n\n\n<li>Modelagem para Toler\u00e2ncia a Falhas<\/li>\n\n\n\n<li>Toler\u00e2ncia a falhas em computa\u00e7\u00e3o em nuvem, computa\u00e7\u00e3o de borda e sistemas embarcados<\/li>\n\n\n\n<li>Testes e T\u00e9cnicas de Confiabilidade em Redes 5G e <em>B5G (Beyond 5G)<\/em><\/li>\n\n\n\n<li>Engenharia de Confiabilidade de Sites (SRE)<\/li>\n<\/ul>\n\n\n\n<div style=\"height:50px\" aria-hidden=\"true\" class=\"wp-block-spacer\"><\/div>\n\n\n\n<h1 class=\"wp-block-heading\">Instru\u00e7\u00f5es aos Autores<\/h1>\n\n\n\n<p>Os artigos regulares devem ser escritos em portugu\u00eas ou ingl\u00eas, com no m\u00e1ximo 14 p\u00e1ginas, incluindo resumo, figuras e refer\u00eancias. Autores podem submeter resumos estendidos, com resultados de pesquisas preliminares, novas diretrizes, vis\u00f5es cr\u00edticas ou li\u00e7\u00f5es apreendidas, contendo no m\u00e1ximo 5 p\u00e1ginas. Todos os artigos aceitos e revisados, segundo as recomenda\u00e7\u00f5es do Comit\u00ea de Programa do WTF, ser\u00e3o publicados nos Anais do SBRC, no volume de workshops.<\/p>\n\n\n\n<p>O formato dos trabalhos deve ser aquele indicado para artigos pela Sociedade Brasileira de Computa\u00e7\u00e3o (SBC), cujo modelo est\u00e1 dispon\u00edvel na <a href=\"https:\/\/www.sbc.org.br\/documentos-da-sbc\/category\/169-templates-para-artigos-e-capitulos-de-livros\" target=\"_blank\" rel=\"noreferrer noopener\">biblioteca da SBC<\/a>. Evitar figuras em formato bitmap ou muito pequenas. A submiss\u00e3o de artigos ser\u00e1 exclusivamente eletr\u00f4nica, por meio do <a href=\"https:\/\/jems3.sbc.org.br\/\" target=\"_blank\" rel=\"noreferrer noopener\">Sistema JEMS3<\/a>. O arquivo deve estar obrigatoriamente em formato PDF (<em>Portable Document Format<\/em>). Os anais do Workshop ser\u00e3o publicados na <a href=\"https:\/\/sol.sbc.org.br\/\" target=\"_blank\" rel=\"noreferrer noopener\">Plataforma SBC OpenLib (SOL)<\/a>, a biblioteca digital mantida pela Sociedade Brasileira de Computa\u00e7\u00e3o (SBC) e estar\u00e3o dispon\u00edveis gratuitamente para toda a sociedade.<\/p>\n\n\n\n<div style=\"height:50px\" aria-hidden=\"true\" class=\"wp-block-spacer\"><\/div>\n\n\n\n<h1 class=\"wp-block-heading\">Comit\u00ea de Programa<\/h1>\n\n\n\n<ul class=\"wp-block-list\">\n<li>Aldelir Fernando Luiz (IFC)<\/li>\n\n\n\n<li>Andr\u00e9 Luiz de Oliveira (UFJF)<\/li>\n\n\n\n<li>Edson Tavares de Camargo (UTFPR)<\/li>\n\n\n\n<li>Eduardo Alchieri (UnB)<\/li>\n\n\n\n<li>Eduardo Antonio Guimaraes Tavares (UFPE)<\/li>\n\n\n\n<li>Eliane Martins (UNICAMP)<\/li>\n\n\n\n<li>Elias P. Duarte Jr. (UFPR)<\/li>\n\n\n\n<li>Ermeson Andrade (UFRPE)<\/li>\n\n\n\n<li>Fab\u00edola Gon\u00e7alves Pereira Greve (UFBA)<\/li>\n\n\n\n<li>Guilherme P. Koslovski (UDESC)<\/li>\n\n\n\n<li>Gustavo Rau de Almeida Callou (UFRPE)<\/li>\n\n\n\n<li>Hylson Vescovi Netto (IFC)<\/li>\n\n\n\n<li>Luciana Arantes (Sorbonne Universit\u00e9)<\/li>\n\n\n\n<li>Luiz A. Rodrigues (UNIOESTE)<\/li>\n\n\n\n<li>Marco Vieira (University of Coimbra)<\/li>\n\n\n\n<li>Odorico M. Mendizabal (UFSC)<\/li>\n\n\n\n<li>Patricia Pitthan Barcelos (UFSM)<\/li>\n\n\n\n<li>Paulo Coelho (UFU)<\/li>\n\n\n\n<li>Rafael R. Obelheiro (UDESC)<\/li>\n\n\n\n<li>Regina L\u00facia de Oliveira Moraes (UNICAMP)<\/li>\n\n\n\n<li>Rog\u00e9rio Turchetti (UFSM)<\/li>\n\n\n\n<li>S\u00e9rgio Cechin (UFRGS)<\/li>\n\n\n\n<li>S\u00e9rgio Gorender (UFBA)<\/li>\n\n\n\n<li>Tha\u00eds Bardini Idalino (UFSC)<\/li>\n\n\n\n<li>Vinicius Fulber-Garcia (UFPR)<\/li>\n<\/ul>\n\n\n\n<div style=\"height:50px\" aria-hidden=\"true\" class=\"wp-block-spacer\"><\/div>\n\n\n\n<h1 class=\"wp-block-heading\">Coordena\u00e7\u00e3o<\/h1>\n\n\n\n<ul class=\"wp-block-list\">\n<li>Odorico Machado Mendizabal (UFSC)<br>contato: <a href=\"mailto:odorico.mendizabal@ufsc.br\" target=\"_blank\" rel=\"noreferrer noopener\">odorico.mendizabal@ufsc.br<\/a><\/li>\n<\/ul>\n","protected":false},"excerpt":{"rendered":"<p>&nbsp; Apresenta\u00e7\u00e3o A \u00e1rea de pesquisa em testes e toler\u00e2ncia a falhas visa desenvolver teoria e t\u00e9cnicas para a constru\u00e7\u00e3o de sistemas computacionais confi\u00e1veis e de alta disponibilidade. Neste sentido, o Workshop de Testes e Toler\u00e2ncia a Falhas (WTF) tem sido nos \u00faltimos 23 anos o principal f\u00f3rum nacional para discuss\u00f5es e troca de ideias [&hellip;]<\/p>\n","protected":false},"author":3,"featured_media":0,"parent":0,"menu_order":0,"comment_status":"closed","ping_status":"closed","template":"","meta":{"footnotes":""},"class_list":["post-1092","page","type-page","status-publish","hentry"],"_links":{"self":[{"href":"https:\/\/sbrc.sbc.org.br\/2023\/wp-json\/wp\/v2\/pages\/1092","targetHints":{"allow":["GET"]}}],"collection":[{"href":"https:\/\/sbrc.sbc.org.br\/2023\/wp-json\/wp\/v2\/pages"}],"about":[{"href":"https:\/\/sbrc.sbc.org.br\/2023\/wp-json\/wp\/v2\/types\/page"}],"author":[{"embeddable":true,"href":"https:\/\/sbrc.sbc.org.br\/2023\/wp-json\/wp\/v2\/users\/3"}],"replies":[{"embeddable":true,"href":"https:\/\/sbrc.sbc.org.br\/2023\/wp-json\/wp\/v2\/comments?post=1092"}],"version-history":[{"count":67,"href":"https:\/\/sbrc.sbc.org.br\/2023\/wp-json\/wp\/v2\/pages\/1092\/revisions"}],"predecessor-version":[{"id":3577,"href":"https:\/\/sbrc.sbc.org.br\/2023\/wp-json\/wp\/v2\/pages\/1092\/revisions\/3577"}],"wp:attachment":[{"href":"https:\/\/sbrc.sbc.org.br\/2023\/wp-json\/wp\/v2\/media?parent=1092"}],"curies":[{"name":"wp","href":"https:\/\/api.w.org\/{rel}","templated":true}]}}